{"id":407,"date":"2021-06-07T12:07:56","date_gmt":"2021-06-07T09:07:56","guid":{"rendered":"https:\/\/www.trimach-drilltools.com\/?page_id=407"},"modified":"2025-06-16T15:39:55","modified_gmt":"2025-06-16T12:39:55","slug":"dth-consultation","status":"publish","type":"page","link":"https:\/\/www.trimach-drilltools.com\/fi\/dth-consultation\/","title":{"rendered":"Luotettava kumppanisi DTH-konsultoinnissa\u00a0"},"content":{"rendered":"<div class=\"wp-block-cover alignfull\" style=\"min-height:824px;aspect-ratio:unset;\"><span aria-hidden=\"true\" class=\"wp-block-cover__background has-nv-site-bg-background-color has-background-dim-100 has-background-dim\"><\/span><div class=\"wp-block-cover__inner-container is-layout-flow wp-block-cover-is-layout-flow\">\n<div class=\"wp-block-group\"><div class=\"wp-block-group__inner-container is-layout-flow wp-block-group-is-layout-flow\">\n<div class=\"wp-block-columns are-vertically-aligned-center is-layout-flex wp-container-core-columns-is-layout-9d6595d7 wp-block-columns-is-layout-flex\">\n<div class=\"wp-block-column is-vertically-aligned-center is-layout-flow wp-block-column-is-layout-flow\" style=\"flex-basis:70%\">\n<p class=\"has-nv-dark-bg-color has-text-color\" style=\"font-size:22px\"><strong>Tri-Mach Nordic tekee DTH-paalutuksesta ja kovakallion porauksesta selke\u00e4\u00e4 ja tehokasta tarjoamalla asiantuntevia DTH-konsultointipalveluja.<\/strong><\/p>\n\n\n\n<p class=\"has-neve-text-color-color has-text-color\" style=\"font-size:22px\">Me Tri-Mach Nordicilla tuomme mukanamme vuosien k\u00e4yt\u00e4nn\u00f6n kokemuksen DTH-paalutuksen urakoitsijoina. Tunnemme DTH-paalutusty\u00f6maan perustamisen ja hallinnan l\u00e4pikotaisin, ja DTH-konsultointipalvelumme onkin suunniteltu varmistamaan, ett\u00e4 projektisi sujuvat saumattomasti alusta loppuun. Olipa kyseess\u00e4 uuden projektin k\u00e4ynnist\u00e4minen tai ty\u00f6maalla ilmenneet haasteet, tiimimme tarjoaa asiantuntevaa ohjausta ja ratkaisuja juuri omien tarpeidesi mukaan. \u00c4l\u00e4 siis ep\u00e4r\u00f6i ottaa yhteytt\u00e4 \u2013 olemme sitoutuneet tukemaan sinua projektin joka vaiheessa.<\/p>\n\n\n\n<p class=\"has-neve-text-color-color has-text-color has-link-color wp-elements-ca9f71a57474ff765b052cd3e1a5a609\" style=\"font-size:22px\">Luotettavien yhteisty\u00f6kumppaneiden ja oman tuotantomme kautta Tri-Mach Nordic toimittaa porausty\u00f6kaluj\u00e4rjestelmi\u00e4, jotka t\u00e4ytt\u00e4v\u00e4t DTH-paalutuksen ja kovakallion porauksen vaativat tarpeet. Konsultointipalvelumme perustuvat kent\u00e4ll\u00e4 hankittuun k\u00e4yt\u00e4nn\u00f6n kokemukseen, mik\u00e4 takaa, ett\u00e4 saat meilt\u00e4 vain luotettavimpia ja tehokkaimpia tuotteita sek\u00e4 tukea niiden k\u00e4ytt\u00f6\u00f6n. Tied\u00e4mme, mit\u00e4 alalla menestyminen vaatii.<\/p>\n\n\n\n<p class=\"has-neve-text-color-color has-text-color has-link-color wp-elements-d70896b79af59dec7ff3fd2d7f65d656\" style=\"font-size:22px\"><strong>Poraajilta - poraajille.<\/strong><\/p>\n<\/div>\n\n\n\n<div class=\"wp-block-column is-vertically-aligned-center is-layout-flow wp-block-column-is-layout-flow\" style=\"flex-basis:30%\"><div class=\"wp-block-image\">\n<figure class=\"aligncenter size-large is-resized\"><img loading=\"lazy\" decoding=\"async\" width=\"710\" height=\"709\" src=\"https:\/\/www.trimach-drilltools.com\/wp-content\/uploads\/2021\/07\/Tri-Mach-logo.png\" alt=\"\" class=\"wp-image-701\" style=\"width:200px;height:199px\" srcset=\"https:\/\/www.trimach-drilltools.com\/wp-content\/uploads\/2021\/07\/Tri-Mach-logo.png 710w, https:\/\/www.trimach-drilltools.com\/wp-content\/uploads\/2021\/07\/Tri-Mach-logo-300x300.png 300w, https:\/\/www.trimach-drilltools.com\/wp-content\/uploads\/2021\/07\/Tri-Mach-logo-150x150.png 150w\" sizes=\"auto, (max-width: 710px) 100vw, 710px\" \/><\/figure><\/div><\/div>\n<\/div>\n<\/div><\/div>\n<\/div><\/div>\n\n\n\n<div class=\"wp-block-cover alignfull\" style=\"min-height:1444px;aspect-ratio:unset;\"><span aria-hidden=\"true\" class=\"wp-block-cover__background has-nv-light-bg-background-color has-background-dim-100 has-background-dim\"><\/span><div class=\"wp-block-cover__inner-container is-layout-flow wp-block-cover-is-layout-flow\">\n<div class=\"wp-block-group\"><div class=\"wp-block-group__inner-container is-layout-flow wp-block-group-is-layout-flow\">\n<div style=\"height:80px\" aria-hidden=\"true\" class=\"wp-block-spacer\"><\/div>\n\n\n\n<div class=\"wp-block-columns is-layout-flex wp-container-core-columns-is-layout-9d6595d7 wp-block-columns-is-layout-flex\">\n<div class=\"wp-block-column is-layout-flow wp-block-column-is-layout-flow\" style=\"flex-basis:66.79%\">\n<figure class=\"wp-block-image size-large\"><img loading=\"lazy\" decoding=\"async\" width=\"1024\" height=\"678\" src=\"https:\/\/www.trimach-drilltools.com\/wp-content\/uploads\/2024\/04\/TM-610-testing-1024x678.jpg\" alt=\"\" class=\"wp-image-1544\" srcset=\"https:\/\/www.trimach-drilltools.com\/wp-content\/uploads\/2024\/04\/TM-610-testing-1024x678.jpg 1024w, https:\/\/www.trimach-drilltools.com\/wp-content\/uploads\/2024\/04\/TM-610-testing-300x199.jpg 300w, https:\/\/www.trimach-drilltools.com\/wp-content\/uploads\/2024\/04\/TM-610-testing-768x509.jpg 768w, https:\/\/www.trimach-drilltools.com\/wp-content\/uploads\/2024\/04\/TM-610-testing-1536x1017.jpg 1536w, https:\/\/www.trimach-drilltools.com\/wp-content\/uploads\/2024\/04\/TM-610-testing-2048x1356.jpg 2048w, https:\/\/www.trimach-drilltools.com\/wp-content\/uploads\/2024\/04\/TM-610-testing-18x12.jpg 18w\" sizes=\"auto, (max-width: 1024px) 100vw, 1024px\" \/><\/figure>\n\n\n\n<p><\/p>\n\n\n\n<figure class=\"wp-block-image size-large\"><img loading=\"lazy\" decoding=\"async\" width=\"899\" height=\"599\" src=\"https:\/\/www.trimach-drilltools.com\/wp-content\/uploads\/2021\/05\/10935.png\" alt=\"lamada\" class=\"wp-image-14\" srcset=\"https:\/\/www.trimach-drilltools.com\/wp-content\/uploads\/2021\/05\/10935.png 899w, https:\/\/www.trimach-drilltools.com\/wp-content\/uploads\/2021\/05\/10935-300x200.png 300w, https:\/\/www.trimach-drilltools.com\/wp-content\/uploads\/2021\/05\/10935-768x512.png 768w\" sizes=\"auto, (max-width: 899px) 100vw, 899px\" \/><\/figure>\n\n\n\n<div style=\"height:40px\" aria-hidden=\"true\" class=\"wp-block-spacer\"><\/div>\n<\/div>\n\n\n\n<div class=\"wp-block-column is-layout-flow wp-block-column-is-layout-flow\" style=\"flex-basis:34%\">\n<h3 class=\"wp-block-heading has-neve-text-color-color has-text-color\">Asiantuntevaa konsultointia vaativiinkin paalutusratkaisuihin<\/h3>\n\n\n\n<p class=\"has-neve-text-color-color has-text-color has-link-color wp-elements-5b997e73b724baa650bd37b47faf6ed9\">Tri-Mach Nordicin konsultointipalvelut kattavat laajan valikoiman tukiratkaisuja paalutusprojekteillesi, mukaan lukien:<\/p>\n\n\n\n<ul class=\"wp-block-list has-nv-dark-bg-color has-text-color\">\n<li><strong>Geotekniset ratkaisut:<\/strong> R\u00e4\u00e4t\u00e4l\u00f6ity vastaamaan ty\u00f6maasi erityisi\u00e4 haasteita.<\/li>\n\n\n\n<li><strong>Pilotti- ja rengasporanter\u00e4t:<\/strong> Valittu suoriutumaan erinomaisesti erilaisissa maaper\u00e4olosuhteissa.<\/li>\n\n\n\n<li><strong>DTH-vasarat:<\/strong> Valmistettu kest\u00e4m\u00e4\u00e4n ja toimimaan tehokkaasti vaativissa ymp\u00e4rist\u00f6iss\u00e4.<\/li>\n\n\n\n<li><strong>Iskunvaimentimet:<\/strong> V\u00e4ltt\u00e4m\u00e4tt\u00f6mi\u00e4 t\u00e4rin\u00e4n v\u00e4hent\u00e4miseksi ja porauslaitteiston suojaamiseksi.<\/li>\n\n\n\n<li><strong>Porauspalkit:<\/strong> R\u00e4\u00e4t\u00e4l\u00f6ity oman projektisi erityisvaatimuksiin.<\/li>\n\n\n\n<li><strong>Paalutuskoneen muutosty\u00f6t:<\/strong> Parannuksia porakoneen suorituskyvyn ja tehokkuuden lis\u00e4\u00e4miseksi.<\/li>\n\n\n\n<li><strong>Kompressorit:<\/strong> Suorituskykyisi\u00e4 ratkaisuja pit\u00e4m\u00e4\u00e4n toimintasi sujuvana.<\/li>\n\n\n\n<li><strong>Lis\u00e4laitteet:<\/strong> Laaja valikoima tukikalustoa kaikkiin poraustarpeisiisi.<\/li>\n<\/ul>\n\n\n\n<p><\/p>\n\n\n\n<p class=\"has-neve-text-color-color has-text-color\">Kysy rohkeasti lis\u00e4\u00e4 - osaamme k\u00e4ynnist\u00e4\u00e4 RD-paalutusty\u00f6maan ja autamme siin\u00e4 mielell\u00e4mme. <\/p>\n\n\n\n<div class=\"wp-block-buttons is-layout-flex wp-block-buttons-is-layout-flex\">\n<div class=\"wp-block-button is-style-primary aligncenter\"><a class=\"wp-block-button__link wp-element-button\" href=\"https:\/\/www.trimach-drilltools.com\/fi\/contact-us\/\">OTA YHTEYTT\u00c4<\/a><\/div>\n<\/div>\n\n\n\n<hr class=\"wp-block-separator has-css-opacity is-style-wide\"\/>\n<\/div>\n<\/div>\n<\/div><\/div>\n<\/div><\/div>\n\n\n\n<h2 class=\"wp-block-heading\">Ota yhteytt\u00e4 huipputason konsulttiin<\/h2>\n\n\n\n<p class=\"has-neve-text-color-color has-text-color has-link-color wp-elements-e165bbb64e31047c7b2cdba3a3417abd\" style=\"font-size:22px\">Tri-Mach Nordicin DTH-konsultointipalveluiden avulla voit luottaa siihen, ett\u00e4 projektisi hoidetaan vankalla asiantuntemuksella ja kaikki projektin yksil\u00f6lliset yksityiskohdat huomioiden. Olemme sitoutuneet tarjoamaan asiakkaillemme k\u00e4yt\u00e4nn\u00f6llisi\u00e4 ja luotettavia ratkaisuja. Niiden ansiosta varmistat, ett\u00e4 projektisi valmistuu ajallaan ja budjetissa pysyen.<\/p>\n\n\n\n<p class=\"has-neve-text-color-color has-text-color has-link-color wp-elements-117956db1e2f59f29964b1da23a7af9e\" style=\"font-size:22px\">\u00c4l\u00e4 ep\u00e4r\u00f6i ottaa <a href=\"https:\/\/www.trimach-drilltools.com\/fi\/contact-us\/\">yhteytt\u00e4<\/a> Tri-Mach Nordiciin huipputason DTH-konsultointipalveluita kaivatessasi \u2013 meill\u00e4 on asiantuntemusta ja kokemusta, jotka auttavat sinua luomaan toimivan ty\u00f6maan ja saavuttamaan erinomaiset tulokset tehokkaasti ja nopeasti.<\/p>\n\n\n\n<figure class=\"wp-block-image size-large is-resized is-style-rounded\"><img loading=\"lazy\" decoding=\"async\" width=\"1021\" height=\"1024\" src=\"https:\/\/www.trimach-drilltools.com\/wp-content\/uploads\/2021\/08\/IMG_20180826_190014__01-edited-1021x1024.jpg\" alt=\"\" class=\"wp-image-816\" style=\"width:171px;height:auto\" srcset=\"https:\/\/www.trimach-drilltools.com\/wp-content\/uploads\/2021\/08\/IMG_20180826_190014__01-edited-1021x1024.jpg 1021w, https:\/\/www.trimach-drilltools.com\/wp-content\/uploads\/2021\/08\/IMG_20180826_190014__01-edited-300x300.jpg 300w, https:\/\/www.trimach-drilltools.com\/wp-content\/uploads\/2021\/08\/IMG_20180826_190014__01-edited-150x150.jpg 150w, https:\/\/www.trimach-drilltools.com\/wp-content\/uploads\/2021\/08\/IMG_20180826_190014__01-edited-768x770.jpg 768w, https:\/\/www.trimach-drilltools.com\/wp-content\/uploads\/2021\/08\/IMG_20180826_190014__01-edited-1531x1536.jpg 1531w, https:\/\/www.trimach-drilltools.com\/wp-content\/uploads\/2021\/08\/IMG_20180826_190014__01-edited-2041x2048.jpg 2041w\" sizes=\"auto, (max-width: 1021px) 100vw, 1021px\" \/><\/figure>\n\n\n\n<p class=\"has-text-align-left has-neve-text-color-color has-text-color\">MATIAS NIEMEL\u00c4INEN<\/p>\n\n\n\n<p class=\"has-text-align-left\" style=\"font-size:14px\"><a href=\"mailto:matias.niemelainen@trimach.fi\"><mark style=\"background-color:rgba(0, 0, 0, 0)\" class=\"has-inline-color has-nv-dark-bg-color\">matias.niemelainen@trimach<\/mark>.fi<\/a><\/p>\n\n\n\n<p class=\"has-text-align-left has-neve-link-color-color has-text-color\" style=\"font-size:14px\"><a href=\"tel:+358405892446\"><mark style=\"background-color:rgba(0, 0, 0, 0)\" class=\"has-inline-color has-nv-dark-bg-color\">+3584<\/mark>05892446<\/a><\/p>\n\n\n\n<div class=\"nv-cv-m wp-block-cover alignfull\" style=\"min-height:869px;aspect-ratio:unset;\"><span aria-hidden=\"true\" class=\"wp-block-cover__background has-nv-dark-bg-background-color has-background-dim-100 has-background-dim\"><\/span><div class=\"wp-block-cover__inner-container is-layout-flow wp-block-cover-is-layout-flow\">\n<div style=\"height:140px\" aria-hidden=\"true\" class=\"wp-block-spacer\"><\/div>\n\n\n\n<h2 class=\"wp-block-heading has-text-align-center has-nv-text-dark-bg-color has-text-color\">Onko tavoitteenasi paras mahdollinen tuotantoteho RD-paalutusprojektissasi?<\/h2>\n\n\n\n<p class=\"has-text-align-center has-medium-font-size\">Meill\u00e4 on siihen ratkaisut.<\/p>\n\n\n\n<div class=\"wp-block-buttons is-horizontal is-content-justification-center is-layout-flex wp-container-core-buttons-is-layout-499968f5 wp-block-buttons-is-layout-flex\">\n<div class=\"wp-block-button is-style-primary\"><a class=\"wp-block-button__link wp-element-button\" href=\"https:\/\/www.trimach-drilltools.com\/fi\/?page_id=75\">OTA YHTEYTT\u00c4<\/a><\/div>\n<\/div>\n\n\n\n<div style=\"height:140px\" aria-hidden=\"true\" class=\"wp-block-spacer\"><\/div>\n<\/div><\/div>\n\n\n<div class=\"wp-block-image\">\n<figure class=\"aligncenter size-large is-resized\"><img loading=\"lazy\" decoding=\"async\" width=\"710\" height=\"709\" src=\"https:\/\/www.trimach-drilltools.com\/wp-content\/uploads\/2021\/07\/Tri-Mach-logo.png\" alt=\"\" class=\"wp-image-701\" style=\"width:168px;height:167px\" srcset=\"https:\/\/www.trimach-drilltools.com\/wp-content\/uploads\/2021\/07\/Tri-Mach-logo.png 710w, https:\/\/www.trimach-drilltools.com\/wp-content\/uploads\/2021\/07\/Tri-Mach-logo-300x300.png 300w, https:\/\/www.trimach-drilltools.com\/wp-content\/uploads\/2021\/07\/Tri-Mach-logo-150x150.png 150w\" sizes=\"auto, (max-width: 710px) 100vw, 710px\" \/><\/figure><\/div>","protected":false},"excerpt":{"rendered":"<p>Contact Us for Top-Tier Consulting With Tri-Mach Nordic\u2019s DTH consulting services, you can trust that your project will be handled with the utmost expertise and attention to detail. We are dedicated to delivering solutions that are both practical and reliable, ensuring your projects are completed on time and within budget. Don\u2019t hesitate to contact Tri-Mach&hellip;&nbsp;<a href=\"https:\/\/www.trimach-drilltools.com\/fi\/dth-consultation\/\" rel=\"bookmark\">Read More &raquo;<span class=\"screen-reader-text\">Luotettava kumppanisi DTH-konsultoinnissa\u00a0<\/span><\/a><\/p>","protected":false},"author":1,"featured_media":0,"parent":0,"menu_order":0,"comment_status":"closed","ping_status":"closed","template":"","meta":{"neve_meta_sidebar":"full-width","neve_meta_container":"","neve_meta_enable_content_width":"on","neve_meta_content_width":100,"neve_meta_title_alignment":"","neve_meta_author_avatar":"","neve_post_elements_order":"","neve_meta_disable_header":"","neve_meta_disable_footer":"","neve_meta_disable_title":"","neve_meta_reading_time":"","footnotes":""},"class_list":["post-407","page","type-page","status-publish","hentry"],"_links":{"self":[{"href":"https:\/\/www.trimach-drilltools.com\/fi\/wp-json\/wp\/v2\/pages\/407","targetHints":{"allow":["GET"]}}],"collection":[{"href":"https:\/\/www.trimach-drilltools.com\/fi\/wp-json\/wp\/v2\/pages"}],"about":[{"href":"https:\/\/www.trimach-drilltools.com\/fi\/wp-json\/wp\/v2\/types\/page"}],"author":[{"embeddable":true,"href":"https:\/\/www.trimach-drilltools.com\/fi\/wp-json\/wp\/v2\/users\/1"}],"replies":[{"embeddable":true,"href":"https:\/\/www.trimach-drilltools.com\/fi\/wp-json\/wp\/v2\/comments?post=407"}],"version-history":[{"count":46,"href":"https:\/\/www.trimach-drilltools.com\/fi\/wp-json\/wp\/v2\/pages\/407\/revisions"}],"predecessor-version":[{"id":2521,"href":"https:\/\/www.trimach-drilltools.com\/fi\/wp-json\/wp\/v2\/pages\/407\/revisions\/2521"}],"wp:attachment":[{"href":"https:\/\/www.trimach-drilltools.com\/fi\/wp-json\/wp\/v2\/media?parent=407"}],"curies":[{"name":"wp","href":"https:\/\/api.w.org\/{rel}","templated":true}]}}