{"id":397,"date":"2021-06-07T11:03:44","date_gmt":"2021-06-07T08:03:44","guid":{"rendered":"https:\/\/www.trimach-drilltools.com\/?page_id=397"},"modified":"2026-01-27T09:13:23","modified_gmt":"2026-01-27T07:13:23","slug":"horizontal-casing-ring-bits","status":"publish","type":"page","link":"https:\/\/www.trimach-drilltools.com\/fi\/hz-dth-drilling\/horizontal-casing-ring-bits\/","title":{"rendered":"Horizontal Casing Ring Bits"},"content":{"rendered":"<div class=\"wp-block-cover alignfull\" style=\"min-height:320px;aspect-ratio:unset;\"><span aria-hidden=\"true\" class=\"wp-block-cover__background has-nv-site-bg-background-color has-background-dim-100 has-background-dim\"><\/span><div class=\"wp-block-cover__inner-container is-layout-flow wp-block-cover-is-layout-flow\">\n<div class=\"wp-block-group\"><div class=\"wp-block-group__inner-container is-layout-flow wp-block-group-is-layout-flow\">\n<div class=\"wp-block-columns are-vertically-aligned-center is-layout-flex wp-container-core-columns-is-layout-9d6595d7 wp-block-columns-is-layout-flex\">\n<div class=\"wp-block-column is-vertically-aligned-center is-layout-flow wp-block-column-is-layout-flow\" style=\"flex-basis:70%\">\n<div class=\"wp-block-buttons is-layout-flex wp-block-buttons-is-layout-flex\">\n<div class=\"wp-block-button\"><a class=\"wp-block-button__link has-neve-link-color-color has-neve-link-hover-color-background-color has-text-color has-background has-link-color wp-element-button\" href=\"tel:+358451102589\">SOITA MEILLE<\/a><\/div>\n\n\n\n<div class=\"wp-block-button\"><a class=\"wp-block-button__link has-neve-link-color-color has-neve-link-hover-color-background-color has-text-color has-background has-link-color wp-element-button\" href=\"mailto:sampsa.lehtiniemi@trimach.fi\">LAITA S\u00c4HK\u00d6POSTIA<\/a><\/div>\n\n\n\n<div class=\"wp-block-button\"><a class=\"wp-block-button__link has-neve-link-color-color has-neve-link-hover-color-background-color has-text-color has-background has-link-color wp-element-button\" href=\"https:\/\/www.trimach-drilltools.com\/wp-content\/uploads\/2025\/03\/2025-TRIMACH-HZ-ProductCatalog.pdf\" target=\"_blank\" rel=\"noreferrer noopener\">LATAA KATALOGI<\/a><\/div>\n<\/div>\n\n\n\n<p><\/p>\n\n\n\n<p class=\"has-neve-text-color-color has-text-color\" style=\"font-size:22px\"><strong>Vaakaporaus vaatii ty\u00f6kaluja, jotka ovat sek\u00e4 luotettavia ett\u00e4 kest\u00e4vi\u00e4 haastavissa olosuhteissa. Tuotteemme on suunniteltu erityisesti n\u00e4iden vaatimusten t\u00e4ytt\u00e4miseksi. N\u00e4in varmistamme parhaan suorituskyvyn ja tehokkuuden.<\/strong><\/p>\n\n\n\n<figure class=\"wp-block-image size-large is-resized\"><img loading=\"lazy\" decoding=\"async\" width=\"1024\" height=\"938\" src=\"https:\/\/www.trimach-drilltools.com\/wp-content\/uploads\/2024\/07\/PICT1475-1-1024x938.jpg\" alt=\"\" class=\"wp-image-1884\" style=\"width:987px;height:auto\" srcset=\"https:\/\/www.trimach-drilltools.com\/wp-content\/uploads\/2024\/07\/PICT1475-1-1024x938.jpg 1024w, https:\/\/www.trimach-drilltools.com\/wp-content\/uploads\/2024\/07\/PICT1475-1-300x275.jpg 300w, https:\/\/www.trimach-drilltools.com\/wp-content\/uploads\/2024\/07\/PICT1475-1-768x704.jpg 768w, https:\/\/www.trimach-drilltools.com\/wp-content\/uploads\/2024\/07\/PICT1475-1-13x12.jpg 13w, https:\/\/www.trimach-drilltools.com\/wp-content\/uploads\/2024\/07\/PICT1475-1.jpg 1310w\" sizes=\"auto, (max-width: 1024px) 100vw, 1024px\" \/><\/figure>\n\n\n\n<p><\/p>\n\n\n\n<h3 class=\"wp-block-heading has-neve-text-color-color has-text-color has-link-color wp-elements-dd828e7d9d98e05eace5fab58658040d\">Luotettavuus ja kest\u00e4vyys<\/h3>\n\n\n\n<p class=\"has-neve-link-color-color has-text-color has-link-color wp-elements-bf517f7e5a746ff904c1ab445f525b8c\" style=\"font-size:22px\">Vaakaporausj\u00e4rjestelm\u00e4mme on suunniteltu kovaan ja pitk\u00e4kestoiseen k\u00e4ytt\u00f6\u00f6n. Ne kest\u00e4v\u00e4t erilaisia porausymp\u00e4rist\u00f6jen rasituksia ja tarjoavat luotettavuutta kovissakin olosuhteissa. Jokainen yksitt\u00e4inen osa k\u00e4y l\u00e4pi tiukat testit, jotta kokonaisuus t\u00e4ytt\u00e4\u00e4 korkeat standardit ja toimii  kent\u00e4ll\u00e4 niin kuin pit\u00e4\u00e4kin.<\/p>\n\n\n\n<p><\/p>\n\n\n<div class=\"wp-block-image\">\n<figure class=\"aligncenter size-large is-resized\"><img loading=\"lazy\" decoding=\"async\" width=\"868\" height=\"1024\" src=\"https:\/\/www.trimach-drilltools.com\/wp-content\/uploads\/2024\/07\/VAAKATERAT-TAULUKKO-test-3-868x1024.jpg\" alt=\"\" class=\"wp-image-1886\" style=\"width:1450px;height:auto\" srcset=\"https:\/\/www.trimach-drilltools.com\/wp-content\/uploads\/2024\/07\/VAAKATERAT-TAULUKKO-test-3-868x1024.jpg 868w, https:\/\/www.trimach-drilltools.com\/wp-content\/uploads\/2024\/07\/VAAKATERAT-TAULUKKO-test-3-254x300.jpg 254w, https:\/\/www.trimach-drilltools.com\/wp-content\/uploads\/2024\/07\/VAAKATERAT-TAULUKKO-test-3-768x906.jpg 768w, https:\/\/www.trimach-drilltools.com\/wp-content\/uploads\/2024\/07\/VAAKATERAT-TAULUKKO-test-3-1302x1536.jpg 1302w, https:\/\/www.trimach-drilltools.com\/wp-content\/uploads\/2024\/07\/VAAKATERAT-TAULUKKO-test-3-1736x2048.jpg 1736w, https:\/\/www.trimach-drilltools.com\/wp-content\/uploads\/2024\/07\/VAAKATERAT-TAULUKKO-test-3-10x12.jpg 10w, https:\/\/www.trimach-drilltools.com\/wp-content\/uploads\/2024\/07\/VAAKATERAT-TAULUKKO-test-3.jpg 1850w\" sizes=\"auto, (max-width: 868px) 100vw, 868px\" \/><\/figure><\/div>\n\n\n<h3 class=\"wp-block-heading has-neve-text-color-color has-text-color has-link-color wp-elements-8732d5c36a731e8ee2d9c8b9f41fb292\">Innovatiivinen suunnittelu<\/h3>\n\n\n\n<p class=\"has-neve-link-color-color has-text-color has-link-color wp-elements-4cd0085708da35d498fc5bb58675f9cd\" style=\"font-size:22px\">Hy\u00f6dynn\u00e4mme ty\u00f6kaluissamme suunnittelu- ja materiaaliteknologian viimeisimpi\u00e4 edistysaskeleita. T\u00e4m\u00e4 mahdollistaa tuotteiden tehokkaan k\u00e4yt\u00f6n kovissa kallioperiss\u00e4, hankalissa olosuhteissa ja monimutkaisissa porauskohteissa. Ty\u00f6kalumme kehittyv\u00e4t jatkuvasti ja pysyv\u00e4t mukana teknologian kehityksen k\u00e4rjess\u00e4.<\/p>\n\n\n<div class=\"wp-block-image is-resized\">\n<figure class=\"aligncenter size-large\"><img loading=\"lazy\" decoding=\"async\" width=\"1024\" height=\"684\" src=\"https:\/\/www.trimach-drilltools.com\/wp-content\/uploads\/2024\/08\/1X1C0417_some-1-1024x684.jpg\" alt=\"\" class=\"wp-image-2017\" style=\"width:976px;height:auto\" srcset=\"https:\/\/www.trimach-drilltools.com\/wp-content\/uploads\/2024\/08\/1X1C0417_some-1-1024x684.jpg 1024w, https:\/\/www.trimach-drilltools.com\/wp-content\/uploads\/2024\/08\/1X1C0417_some-1-300x200.jpg 300w, https:\/\/www.trimach-drilltools.com\/wp-content\/uploads\/2024\/08\/1X1C0417_some-1-768x513.jpg 768w, https:\/\/www.trimach-drilltools.com\/wp-content\/uploads\/2024\/08\/1X1C0417_some-1-1536x1025.jpg 1536w, https:\/\/www.trimach-drilltools.com\/wp-content\/uploads\/2024\/08\/1X1C0417_some-1-18x12.jpg 18w, https:\/\/www.trimach-drilltools.com\/wp-content\/uploads\/2024\/08\/1X1C0417_some-1-930x620.jpg 930w, https:\/\/www.trimach-drilltools.com\/wp-content\/uploads\/2024\/08\/1X1C0417_some-1.jpg 1600w\" sizes=\"auto, (max-width: 1024px) 100vw, 1024px\" \/><\/figure><\/div>\n\n\n<p><\/p>\n\n\n\n<h3 class=\"wp-block-heading has-neve-text-color-color has-text-color has-link-color wp-elements-c2178e5b8e507e0060363cb8ff8920c5\">Keskeiset edut:<\/h3>\n\n\n\n<p class=\"has-neve-link-color-color has-text-color has-link-color wp-elements-c835ae921d57995a6869adc487c0745e\" style=\"font-size:22px\"><strong>Parantunut tehokkuus:<\/strong> Ty\u00f6kalumme lis\u00e4\u00e4v\u00e4t porausnopeutta ja v\u00e4hent\u00e4v\u00e4t seisokkiaikoja, mik\u00e4 johtaa nopeampaan projektin valmistumiseen.<\/p>\n\n\n\n<p class=\"has-neve-link-color-color has-text-color has-link-color wp-elements-e917153a42725afebbf3c46ce6feee87\" style=\"font-size:22px\"><strong>Pienemm\u00e4t riskit:<\/strong> Korkealaatuiset materiaalit ja asiantunteva suunnittelu v\u00e4hent\u00e4v\u00e4t laiterikkojen riski\u00e4. T\u00e4m\u00e4 varmistaa turvallisemman ja sujuvamman toiminnan.<\/p>\n\n\n\n<p class=\"has-neve-link-color-color has-text-color has-link-color wp-elements-4155225d6bfc33a8ede0c38d13eb16d3\" style=\"font-size:22px\"><strong>Kattava tuki:<\/strong> Tarjoamme asiantuntijakonsultointia porausprosessien optimointiin sek\u00e4 huolto- ja yll\u00e4pitopalveluita, jotta ty\u00f6kalusi pysyv\u00e4t huippukunnossa. Jatkuva suunnittelu- ja kehitysty\u00f6mme varmistaa, ett\u00e4 ty\u00f6kalut pysyv\u00e4t mukana kehityksen k\u00e4rjess\u00e4.<\/p>\n\n\n\n<h3 class=\"wp-block-heading has-neve-text-color-color has-text-color has-link-color wp-elements-054ca7e123ba5ddccefa0fc7882e5602\">T\u00e4yden palvelun tuki<\/h3>\n\n\n\n<p class=\"has-neve-link-color-color has-text-color has-link-color wp-elements-ec5ba1ebdc6b87d1c5350fd723877516\" style=\"font-size:22px\">Korkealaatuisten tuotteiden lis\u00e4ksi saat meilt\u00e4 laajaa tukea, jotta onnistut porausprojekteissa. Palvelumme sis\u00e4lt\u00e4\u00e4 asiantuntijakonsultointia, jotta voit maksimoida toiminnan tehokkuuden, sek\u00e4 yll\u00e4pitotukea, jotta ty\u00f6kalusi pysyv\u00e4t erinomaisessa kunnossa. Miksi ostaa uutta, jos vanha on huollettavissa?<\/p>\n\n\n\n<p><\/p>\n\n\n<div class=\"wp-block-image\">\n<figure class=\"aligncenter size-large\"><img loading=\"lazy\" decoding=\"async\" width=\"1024\" height=\"768\" src=\"https:\/\/www.trimach-drilltools.com\/wp-content\/uploads\/2024\/08\/PICT1583-1024x768.jpg\" alt=\"\" class=\"wp-image-2062\" srcset=\"https:\/\/www.trimach-drilltools.com\/wp-content\/uploads\/2024\/08\/PICT1583-1024x768.jpg 1024w, https:\/\/www.trimach-drilltools.com\/wp-content\/uploads\/2024\/08\/PICT1583-300x225.jpg 300w, https:\/\/www.trimach-drilltools.com\/wp-content\/uploads\/2024\/08\/PICT1583-768x576.jpg 768w, https:\/\/www.trimach-drilltools.com\/wp-content\/uploads\/2024\/08\/PICT1583-1536x1152.jpg 1536w, https:\/\/www.trimach-drilltools.com\/wp-content\/uploads\/2024\/08\/PICT1583-16x12.jpg 16w, https:\/\/www.trimach-drilltools.com\/wp-content\/uploads\/2024\/08\/PICT1583.jpg 1600w\" sizes=\"auto, (max-width: 1024px) 100vw, 1024px\" \/><\/figure><\/div>\n\n\n<p><\/p>\n\n\n\n<h3 class=\"wp-block-heading has-neve-text-color-color has-text-color has-link-color wp-elements-6514b4fbfe2b7a7effba89b6cdabd476\">Miksi valita Tri-Machin tuotteet?<\/h3>\n\n\n\n<p class=\"has-neve-link-color-color has-text-color has-link-color wp-elements-a5f7509f2998865fb22c426faf2e089c\" style=\"font-size:22px\">1. <strong>Suorituskyky haastavissa ymp\u00e4rist\u00f6iss\u00e4:<\/strong> Ty\u00f6kalumme toimivat erinomaisesti monenlaisissa porausolosuhteissa, olipa kyseess\u00e4 sitten kovaa kalliota tai muuten haastava porausymp\u00e4rist\u00f6. Ne tarjoavat luotettavuutta kaikenlaisiin olosuhteisiin.<\/p>\n\n\n\n<p class=\"has-neve-link-color-color has-text-color has-link-color wp-elements-c8165898f91f8a238355510da951976e\" style=\"font-size:22px\">2. <strong>Vertaansa vailla oleva suunnitteluosaaminen: <\/strong>Oman laajan porauskokemuksemme ansiosta ymm\u00e4rr\u00e4mme kent\u00e4n vaatimukset. T\u00e4m\u00e4 tieto ohjaa tarkkaa suunnittelu- ja testausprosessiamme. N\u00e4in syntyv\u00e4t ty\u00f6kalut, jotka tarjoavat ylivoimaista suorituskyky\u00e4 ja kest\u00e4vyytt\u00e4 todellisissa olosuhteissa.<\/p>\n\n\n\n<p class=\"has-neve-link-color-color has-text-color has-link-color wp-elements-cf3c1426ffb61ff08e512b2b711c7966\" style=\"font-size:22px\">3. <strong>Olemme tukenasi: <\/strong>Tarjoamme jatkuvaa tukea ja innovatiivisia ratkaisuja, jotka on r\u00e4\u00e4t\u00e4l\u00f6ity vastaamaan muuttuvia poraustarpeitasi. Autamme sinua suorittamaan poraushankkeesi tehokkaasti ja luottavaisesti maaliin asti.<\/p>\n\n\n\n<div class=\"wp-block-buttons is-layout-flex wp-block-buttons-is-layout-flex\">\n<div class=\"wp-block-button\"><a class=\"wp-block-button__link has-neve-link-color-color has-neve-link-hover-color-background-color has-text-color has-background has-link-color wp-element-button\" href=\"https:\/\/www.trimach-drilltools.com\/fi\/projects\/\" target=\"_blank\" rel=\"noreferrer noopener\">REFERENSSIT<\/a><\/div>\n<\/div>\n\n\n\n<p><\/p>\n\n\n\n<p class=\"has-neve-link-color-color has-text-color has-link-color wp-elements-ad33665e76d7d0ca1a24bbe5c992248e\" style=\"font-size:22px\">Vaakaporausv\u00e4lineemme tarjoavat erinomaisen yhdistelm\u00e4n kest\u00e4vyytt\u00e4, innovointia ja tukea. Ne ovat ihanteellinen valinta kaikkiin vaakaporaushankkeisiisi. <a href=\"https:\/\/www.trimach-drilltools.com\/fi\/contact-us\/\" target=\"_blank\" rel=\"noreferrer noopener\">Ota meihin yhteytt\u00e4<\/a> niin keskustellaan, kuinka ratkaisumme voivat parantaa toimintasi tehokkuutta, v\u00e4hent\u00e4\u00e4 riskej\u00e4 ja varmistaa onnistuneet projektitulokset.<\/p>\n\n\n\n<div class=\"wp-block-buttons is-layout-flex wp-block-buttons-is-layout-flex\">\n<div class=\"wp-block-button\"><a class=\"wp-block-button__link has-neve-link-color-color has-neve-link-hover-color-background-color has-text-color has-background has-link-color wp-element-button\" href=\"#FAQ\">FAQ-OSIOON<\/a><\/div>\n<\/div>\n<\/div>\n\n\n\n<div class=\"wp-block-column is-vertically-aligned-center is-layout-flow wp-block-column-is-layout-flow\" style=\"flex-basis:30%\"><\/div>\n<\/div>\n<\/div><\/div>\n<\/div><\/div>\n\n\n\n<div class=\"wp-block-cover alignfull\" style=\"min-height:600px;aspect-ratio:unset;\"><span aria-hidden=\"true\" class=\"wp-block-cover__background has-nv-light-bg-background-color has-background-dim-100 has-background-dim\"><\/span><div class=\"wp-block-cover__inner-container is-layout-flow wp-block-cover-is-layout-flow\">\n<div class=\"wp-block-group\"><div class=\"wp-block-group__inner-container is-layout-flow wp-block-group-is-layout-flow\">\n<div style=\"height:80px\" aria-hidden=\"true\" class=\"wp-block-spacer\"><\/div>\n\n\n\n<div class=\"wp-block-columns is-layout-flex wp-container-core-columns-is-layout-9d6595d7 wp-block-columns-is-layout-flex\">\n<div class=\"wp-block-column is-layout-flow wp-block-column-is-layout-flow\" style=\"flex-basis:66.79%\"><div class=\"wp-block-image is-resized\">\n<figure class=\"aligncenter size-large\"><img loading=\"lazy\" decoding=\"async\" width=\"994\" height=\"1024\" src=\"https:\/\/www.trimach-drilltools.com\/wp-content\/uploads\/2021\/07\/324HZ-994x1024.jpg\" alt=\"\" class=\"wp-image-670\" srcset=\"https:\/\/www.trimach-drilltools.com\/wp-content\/uploads\/2021\/07\/324HZ-994x1024.jpg 994w, https:\/\/www.trimach-drilltools.com\/wp-content\/uploads\/2021\/07\/324HZ-291x300.jpg 291w, https:\/\/www.trimach-drilltools.com\/wp-content\/uploads\/2021\/07\/324HZ-768x791.jpg 768w, https:\/\/www.trimach-drilltools.com\/wp-content\/uploads\/2021\/07\/324HZ-1491x1536.jpg 1491w, https:\/\/www.trimach-drilltools.com\/wp-content\/uploads\/2021\/07\/324HZ-1988x2048.jpg 1988w\" sizes=\"auto, (max-width: 994px) 100vw, 994px\" \/><\/figure><\/div>\n\n<div class=\"wp-block-image is-resized\">\n<figure class=\"aligncenter size-large\"><img loading=\"lazy\" decoding=\"async\" width=\"1024\" height=\"984\" src=\"https:\/\/www.trimach-drilltools.com\/wp-content\/uploads\/2022\/04\/7C234AFE-4416-4FC6-BDA6-EC70920F747D_1_102_a-3-1024x984.jpeg\" alt=\"\" class=\"wp-image-1363\" srcset=\"https:\/\/www.trimach-drilltools.com\/wp-content\/uploads\/2022\/04\/7C234AFE-4416-4FC6-BDA6-EC70920F747D_1_102_a-3-1024x984.jpeg 1024w, https:\/\/www.trimach-drilltools.com\/wp-content\/uploads\/2022\/04\/7C234AFE-4416-4FC6-BDA6-EC70920F747D_1_102_a-3-300x288.jpeg 300w, https:\/\/www.trimach-drilltools.com\/wp-content\/uploads\/2022\/04\/7C234AFE-4416-4FC6-BDA6-EC70920F747D_1_102_a-3-768x738.jpeg 768w, https:\/\/www.trimach-drilltools.com\/wp-content\/uploads\/2022\/04\/7C234AFE-4416-4FC6-BDA6-EC70920F747D_1_102_a-3-12x12.jpeg 12w, https:\/\/www.trimach-drilltools.com\/wp-content\/uploads\/2022\/04\/7C234AFE-4416-4FC6-BDA6-EC70920F747D_1_102_a-3.jpeg 1356w\" sizes=\"auto, (max-width: 1024px) 100vw, 1024px\" \/><\/figure><\/div>\n\n\n<div style=\"height:40px\" aria-hidden=\"true\" class=\"wp-block-spacer\"><\/div>\n<\/div>\n\n\n\n<div class=\"wp-block-column is-layout-flow wp-block-column-is-layout-flow\" style=\"flex-basis:34%\">\n<h3 class=\"wp-block-heading has-text-align-left has-neve-text-color-color has-text-color\">Vaakaporien kokovalikoima<\/h3>\n\n\n\n<p class=\"has-text-align-left has-neve-text-color-color has-text-color\">Pilotit ja rengaster\u00e4t saatavissa kokoluokissa 140mm - 1524mm. <\/p>\n\n\n\n<p class=\"has-nv-dark-bg-color has-text-color\">Meilt\u00e4 onnistuu my\u00f6s nopeat muokkaukset ja erilaiset tekniset ratkaisut kuhunkin vaatimukseen. Kysy meilt\u00e4 suoraan, mik\u00e4li haluat t\u00e4ysin kustomoidun porausty\u00f6kalusetin!<\/p>\n\n\n\n<div class=\"wp-block-buttons is-layout-flex wp-block-buttons-is-layout-flex\"><\/div>\n\n\n\n<hr class=\"wp-block-separator has-css-opacity is-style-wide\"\/>\n\n\n\n<p class=\"has-text-align-center has-neve-text-color-color has-text-color\"><\/p>\n\n\n\n<p class=\"has-text-align-center\" style=\"font-size:14px\"><\/p>\n\n\n\n<p class=\"has-text-align-center\" style=\"font-size:14px\"><\/p>\n<\/div>\n<\/div>\n\n\n\n<div style=\"height:40px\" aria-hidden=\"true\" class=\"wp-block-spacer\"><\/div>\n<\/div><\/div>\n<\/div><\/div>\n\n\n\n<h2 class=\"wp-block-heading\"><p id=\"FAQ\">FAQ: VAAKAPORAUS<\/p><\/h2>\n\n\n\n<h4 class=\"wp-block-heading\"><strong>Mit\u00e4 on vaakaporaus?<\/strong><\/h4>\n\n\n\n<p class=\"has-medium-font-size\"><em>Vaakaporausta k\u00e4ytet\u00e4\u00e4n vaakatasossa olevien ter\u00e4sputkien poraamiseen. N\u00e4it\u00e4 putkia k\u00e4ytet\u00e4\u00e4n esimerkiksi mahdollistamaan kaivamattomat alitusmenetelm\u00e4t teiden alle, liikenteen keskeytym\u00e4tt\u00e4. T\u00e4llaisia kaivamattomia t\u00f6it\u00e4 voivat olla esimerkiksi viem\u00e4riputkien tai kaapeleiden asennus.&nbsp;<\/em><\/p>\n\n\n\n<h4 class=\"wp-block-heading\"><strong>Vaakaporauksen hy\u00f6dyt?<\/strong><\/h4>\n\n\n\n<ul class=\"nv-cv-m wp-block-list\">\n<li class=\"has-medium-font-size\"><em>Vaakavasaraporauksella voidaan asentaa putkia vaakasuoraan ilman, ett\u00e4 aiheutetaan h\u00e4iri\u00f6it\u00e4 liikenteelle. T\u00e4m\u00e4 on eritt\u00e4in hy\u00f6dyllist\u00e4 esimerkiksi vilkkaasti liikenn\u00f6idyill\u00e4 alueilla.&nbsp;<\/em><\/li>\n\n\n\n<li class=\"has-medium-font-size\"><em>Kun putki on asennettu, voidaan esimerkiksi viem\u00e4riputki tai kaapeli asentaa helposti tien alle.<\/em><\/li>\n<\/ul>\n\n\n\n<h4 class=\"wp-block-heading\"><strong>Mik\u00e4 on HDD:n\n(horizontal directional drilling) ja vaakaporauksen ero?<\/strong><\/h4>\n\n\n\n<ul class=\"nv-cv-m wp-block-list\">\n<li class=\"has-medium-font-size\"><em>Vaakaporauksessa k\u00e4ytet\u00e4\u00e4n DTH-vasaraa luomaan putken etenemiseen tarvittavaa iskenergiaa. HDD:ss\u00e4 DTH-vasaraa ei k\u00e4ytet\u00e4.<\/em><\/li>\n\n\n\n<li class=\"has-medium-font-size\"><em>Vaakaporauksella voidaan porata kovaan maaper\u00e4\u00e4n, peruskallioon ja lohkareisiin. HDD soveltuu pehmeisiin maaperiin, kuten saveen ja pehme\u00e4\u00e4n hiekkaan.&nbsp;<\/em><\/li>\n<\/ul>\n\n\n\n<h4 class=\"wp-block-heading\"><strong>Mit\u00e4 ty\u00f6kaluja Tri-Mach tarjoaa vaakaporaukseen?<\/strong><\/h4>\n\n\n\n<ul class=\"nv-cv-d nv-cv-m wp-block-list\">\n<li class=\"has-medium-font-size\"><em>Tarjoamme useita palveluita vaakaporaukseen:<\/em>\n<ul class=\"wp-block-list\">\n<li><em>Vaakaporaukseen optimoidut DTH-vasarat<\/em><\/li>\n\n\n\n<li><em>Vaakaporauksen pilottiter\u00e4t<\/em><\/li>\n\n\n\n<li><em>Vaakaporauksen rengaster\u00e4t<\/em><\/li>\n\n\n\n<li><em>Maakeng\u00e4t<\/em><\/li>\n\n\n\n<li><em>Vaakaporauksen porakanget<\/em><\/li>\n\n\n\n<li><em>Adapterit<\/em><\/li>\n<\/ul>\n<\/li>\n<\/ul>\n\n\n\n<h4 class=\"wp-block-heading\"><strong>Miksi on t\u00e4rke\u00e4\u00e4, ett\u00e4 rengaster\u00e4 on paras mahdollinen?<\/strong><\/h4>\n\n\n\n<ul class=\"nv-cv-d nv-cv-m wp-block-list\">\n<li class=\"has-medium-font-size\"><em>Vaakaporausrengaster\u00e4\u00e4 k\u00e4ytet\u00e4\u00e4n useissa poratuissa rei'iss\u00e4. Useimmissa tapauksissa se voidaan palauttaa kaivannon toiselta puolelta. T\u00e4m\u00e4 tarkoittaa, ett\u00e4 investointi mahdollisimman laadukkaaseen rengaster\u00e4\u00e4n on aina hy\u00f6dyllist\u00e4. Enemm\u00e4n metrej\u00e4, v\u00e4hemm\u00e4n ongelmia.&nbsp;<\/em><\/li>\n\n\n\n<li class=\"has-medium-font-size\"><em>Paras mahdollinen vaakarengaster\u00e4 voidaan my\u00f6s huoltaa. T\u00e4m\u00e4 on t\u00e4rke\u00e4\u00e4 etenkin suurikokoisissa rengasteriss\u00e4. Rengaster\u00e4n huolto pident\u00e4\u00e4 sen k\u00e4ytt\u00f6ik\u00e4\u00e4 ja mahdollistaa enemm\u00e4n metrej\u00e4 kuin tavalliset ter\u00e4t.&nbsp;<\/em><\/li>\n<\/ul>\n\n\n\n<h4 class=\"wp-block-heading\"><strong>Mik\u00e4 tekee Tri-Machin vaakaporaterist\u00e4 parhaat DTH-ty\u00f6kalut vaakaporaukseen?<\/strong><\/h4>\n\n\n\n<ul class=\"nv-cv-d nv-cv-m wp-block-list\">\n<li class=\"has-medium-font-size\"><em>K\u00e4yt\u00e4mme vain parhaita saatavilla olevia materiaaleja<\/em><\/li>\n\n\n\n<li class=\"has-medium-font-size\"><em>Yli 20 vuoden kokemus vaakaporaterien suunnittelusta ja valmistuksesta<\/em><\/li>\n\n\n\n<li class=\"has-medium-font-size\"><em>Suunnittelu ja tuotanto paikallisesti Tampereella, Suomessa<\/em><\/li>\n\n\n\n<li class=\"has-medium-font-size\"><em>Huippuluokan huoltopalvelu, my\u00f6s paikallisesti Tampereella<\/em><\/li>\n\n\n\n<li class=\"has-medium-font-size\"><em>Poraajan mentaliteetti, keskittyminen kentt\u00e4avustukseen<\/em><\/li>\n<\/ul>\n\n\n\n<p><strong>Onko sinulla kysytt\u00e4v\u00e4\u00e4? Ota rohkeasti yhteytt\u00e4 Sampsaan!<\/strong><\/p>\n\n\n\n<figure class=\"wp-block-image size-large is-resized is-style-rounded\"><img loading=\"lazy\" decoding=\"async\" width=\"1024\" height=\"1024\" src=\"https:\/\/www.trimach-drilltools.com\/wp-content\/uploads\/2021\/10\/joops-1024x1024.png\" alt=\"\" class=\"wp-image-1045\" style=\"width:172px;height:auto\" srcset=\"https:\/\/www.trimach-drilltools.com\/wp-content\/uploads\/2021\/10\/joops-1024x1024.png 1024w, https:\/\/www.trimach-drilltools.com\/wp-content\/uploads\/2021\/10\/joops-300x300.png 300w, https:\/\/www.trimach-drilltools.com\/wp-content\/uploads\/2021\/10\/joops-150x150.png 150w, https:\/\/www.trimach-drilltools.com\/wp-content\/uploads\/2021\/10\/joops-768x768.png 768w, https:\/\/www.trimach-drilltools.com\/wp-content\/uploads\/2021\/10\/joops.png 1362w\" sizes=\"auto, (max-width: 1024px) 100vw, 1024px\" \/><\/figure>\n\n\n\n<p><strong>Sampsa Lehtiniemi <\/strong><\/p>\n\n\n\n<p><a href=\"mailto:sampsa.lehtiniemi@trimach.fi\"><mark style=\"background-color:rgba(0, 0, 0, 0)\" class=\"has-inline-color has-nv-dark-bg-color\">sampsa.lehtiniemi@trimach.fi<\/mark><br><\/a><mark style=\"background-color:rgba(0, 0, 0, 0)\" class=\"has-inline-color has-nv-dark-bg-color\"><a href=\"tel:+358451102589\">+358451102589<\/a><\/mark><\/p>\n\n\n\n<div class=\"nv-cv-d nv-cv-m wp-block-cover alignfull\" style=\"min-height:849px;aspect-ratio:unset;\"><span aria-hidden=\"true\" class=\"wp-block-cover__background has-nv-dark-bg-background-color has-background-dim-100 has-background-dim\"><\/span><div class=\"wp-block-cover__inner-container is-layout-flow wp-block-cover-is-layout-flow\">\n<p class=\"has-text-align-center has-medium-font-size\"><\/p>\n\n\n\n<h2 class=\"wp-block-heading has-text-align-center has-nv-text-dark-bg-color has-text-color\">Haluatko porata parhailla porausty\u00f6kaluilla?<\/h2>\n\n\n\n<div class=\"wp-block-buttons is-horizontal is-content-justification-center is-layout-flex wp-container-core-buttons-is-layout-499968f5 wp-block-buttons-is-layout-flex\">\n<div class=\"wp-block-button is-style-primary\"><a class=\"wp-block-button__link wp-element-button\" href=\"https:\/\/www.trimach-drilltools.com\/fi\/contact-us\/\">OTA YHTEYTT\u00c4<\/a><\/div>\n<\/div>\n\n\n\n<div style=\"height:140px\" aria-hidden=\"true\" class=\"wp-block-spacer\"><\/div>\n\n\n\n<p class=\"has-text-align-center\"><\/p>\n<\/div><\/div>\n\n\n<div class=\"wp-block-image\">\n<figure class=\"aligncenter size-large is-resized\"><img loading=\"lazy\" decoding=\"async\" width=\"710\" height=\"709\" src=\"https:\/\/www.trimach-drilltools.com\/wp-content\/uploads\/2021\/07\/Tri-Mach-logo.png\" alt=\"\" class=\"wp-image-701\" style=\"width:170px;height:169px\" srcset=\"https:\/\/www.trimach-drilltools.com\/wp-content\/uploads\/2021\/07\/Tri-Mach-logo.png 710w, https:\/\/www.trimach-drilltools.com\/wp-content\/uploads\/2021\/07\/Tri-Mach-logo-300x300.png 300w, https:\/\/www.trimach-drilltools.com\/wp-content\/uploads\/2021\/07\/Tri-Mach-logo-150x150.png 150w\" sizes=\"auto, (max-width: 710px) 100vw, 710px\" \/><\/figure><\/div>","protected":false},"excerpt":{"rendered":"<p>FAQ: HORIZONTAL CASING SYSTEMS What is Horizontal Hammer Drilling? (HZ-Drilling) Horizontal Hammer Drilling is used to drill horizontal casings. These casings will be used for example to enable trenchless operations. These trenchless operations can include for example drainage pipe installation or cable&nbsp; installations.&nbsp; Benefits of trenchless Horizontal Hammer Drilling? What is the difference in HDD&hellip;&nbsp;<a href=\"https:\/\/www.trimach-drilltools.com\/fi\/hz-dth-drilling\/horizontal-casing-ring-bits\/\" rel=\"bookmark\">Read More &raquo;<span class=\"screen-reader-text\">Horizontal Casing Ring Bits<\/span><\/a><\/p>","protected":false},"author":1,"featured_media":0,"parent":1912,"menu_order":0,"comment_status":"closed","ping_status":"closed","template":"","meta":{"neve_meta_sidebar":"full-width","neve_meta_container":"","neve_meta_enable_content_width":"on","neve_meta_content_width":100,"neve_meta_title_alignment":"","neve_meta_author_avatar":"","neve_post_elements_order":"","neve_meta_disable_header":"","neve_meta_disable_footer":"","neve_meta_disable_title":"","neve_meta_reading_time":"","footnotes":""},"class_list":["post-397","page","type-page","status-publish","hentry"],"_links":{"self":[{"href":"https:\/\/www.trimach-drilltools.com\/fi\/wp-json\/wp\/v2\/pages\/397","targetHints":{"allow":["GET"]}}],"collection":[{"href":"https:\/\/www.trimach-drilltools.com\/fi\/wp-json\/wp\/v2\/pages"}],"about":[{"href":"https:\/\/www.trimach-drilltools.com\/fi\/wp-json\/wp\/v2\/types\/page"}],"author":[{"embeddable":true,"href":"https:\/\/www.trimach-drilltools.com\/fi\/wp-json\/wp\/v2\/users\/1"}],"replies":[{"embeddable":true,"href":"https:\/\/www.trimach-drilltools.com\/fi\/wp-json\/wp\/v2\/comments?post=397"}],"version-history":[{"count":75,"href":"https:\/\/www.trimach-drilltools.com\/fi\/wp-json\/wp\/v2\/pages\/397\/revisions"}],"predecessor-version":[{"id":3237,"href":"https:\/\/www.trimach-drilltools.com\/fi\/wp-json\/wp\/v2\/pages\/397\/revisions\/3237"}],"up":[{"embeddable":true,"href":"https:\/\/www.trimach-drilltools.com\/fi\/wp-json\/wp\/v2\/pages\/1912"}],"wp:attachment":[{"href":"https:\/\/www.trimach-drilltools.com\/fi\/wp-json\/wp\/v2\/media?parent=397"}],"curies":[{"name":"wp","href":"https:\/\/api.w.org\/{rel}","templated":true}]}}