{"id":230,"date":"2020-01-13T11:17:52","date_gmt":"2020-01-13T09:17:52","guid":{"rendered":"https:\/\/demosites.io\/web-agency-gb\/?page_id=5"},"modified":"2026-04-14T10:51:53","modified_gmt":"2026-04-14T07:51:53","slug":"home","status":"publish","type":"page","link":"https:\/\/www.trimach-drilltools.com\/fi\/","title":{"rendered":"Etusivu"},"content":{"rendered":"<div class=\"wp-block-cover alignfull\" style=\"min-height:700px;aspect-ratio:unset;\"><img loading=\"lazy\" decoding=\"async\" width=\"2560\" height=\"1920\" class=\"wp-block-cover__image-background wp-image-604\" alt=\"\" src=\"https:\/\/www.trimach-drilltools.com\/wp-content\/uploads\/2021\/06\/teratositumma-2-scaled.jpg\" style=\"object-position:39% 58%\" data-object-fit=\"cover\" data-object-position=\"39% 58%\" srcset=\"https:\/\/www.trimach-drilltools.com\/wp-content\/uploads\/2021\/06\/teratositumma-2-scaled.jpg 2560w, https:\/\/www.trimach-drilltools.com\/wp-content\/uploads\/2021\/06\/teratositumma-2-300x225.jpg 300w, https:\/\/www.trimach-drilltools.com\/wp-content\/uploads\/2021\/06\/teratositumma-2-1024x768.jpg 1024w, https:\/\/www.trimach-drilltools.com\/wp-content\/uploads\/2021\/06\/teratositumma-2-768x576.jpg 768w, https:\/\/www.trimach-drilltools.com\/wp-content\/uploads\/2021\/06\/teratositumma-2-1536x1152.jpg 1536w, https:\/\/www.trimach-drilltools.com\/wp-content\/uploads\/2021\/06\/teratositumma-2-2048x1536.jpg 2048w\" sizes=\"auto, (max-width: 2560px) 100vw, 2560px\" \/><span aria-hidden=\"true\" class=\"wp-block-cover__background has-background-dim-0 has-background-dim\"><\/span><div class=\"wp-block-cover__inner-container is-layout-flow wp-block-cover-is-layout-flow\">\n<h1 class=\"wp-block-heading has-text-align-center has-nv-site-bg-color has-text-color\" style=\"font-size:50px\">Toughest DTH-Drilling Tools<\/h1>\n\n\n\n<div style=\"height:80px\" aria-hidden=\"true\" class=\"wp-block-spacer\"><\/div>\n\n\n\n<p><\/p>\n\n\n\n<div class=\"wp-block-buttons is-horizontal is-content-justification-center is-layout-flex wp-container-core-buttons-is-layout-499968f5 wp-block-buttons-is-layout-flex\">\n<div class=\"wp-block-button is-style-primary\"><a class=\"wp-block-button__link wp-element-button\" href=\"https:\/\/www.trimach-drilltools.com\/fi\/dthdrillingtools\/dth-ring-bit-drilling-systems\/\">DTH RADIAL FLUSH CASING SYSTEMS<\/a><\/div>\n\n\n\n<div class=\"wp-block-button is-style-primary\"><a class=\"wp-block-button__link wp-element-button\" href=\"https:\/\/www.trimach-drilltools.com\/fi\/dthdrillingtools\/dth-ring-bit-drilling-systems\/large-id-ring-bit-systems\/\">DTH RINGSETS (IDMAX)<\/a><\/div>\n\n\n\n<div class=\"wp-block-button is-style-primary\"><a class=\"wp-block-button__link wp-element-button\" href=\"https:\/\/www.trimach-drilltools.com\/fi\/dthdrillingtools\/dth-ring-bit-set\/\">DTH RINGSETS (PILING)<\/a><\/div>\n\n\n\n<div class=\"wp-block-button is-style-primary\"><a class=\"wp-block-button__link wp-element-button\" href=\"https:\/\/www.trimach-drilltools.com\/fi\/buttonbits\/\">DTH BUTTON BITS<\/a><\/div>\n\n\n\n<div class=\"wp-block-button is-style-primary\"><a class=\"wp-block-button__link wp-element-button\" href=\"https:\/\/www.trimach-drilltools.com\/fi\/dthdrillingtools\/dth-hammers\/\">DTH HAMMERS<\/a><\/div>\n\n\n\n<div class=\"wp-block-button is-style-primary\"><a class=\"wp-block-button__link wp-element-button\" href=\"https:\/\/www.trimach-drilltools.com\/fi\/dthdrillingtools\/dth-shock-absorbers\/\">DTH SHOCK ABSORBERS<\/a><\/div>\n\n\n\n<div class=\"wp-block-button is-style-primary\"><a class=\"wp-block-button__link wp-element-button\" href=\"https:\/\/www.trimach-drilltools.com\/fi\/dth-drill-pipes-rods\/\">DTH DRILL PIPES<\/a><\/div>\n\n\n\n<div class=\"wp-block-button is-style-primary\"><a class=\"wp-block-button__link wp-element-button\" href=\"https:\/\/www.trimach-drilltools.com\/fi\/hz-dth-drilling\/\">HORIZONTAL DTH CASING TOOLS<\/a><\/div>\n\n\n\n<div class=\"wp-block-button is-style-primary\"><a class=\"wp-block-button__link wp-element-button\" href=\"https:\/\/www.trimach-drilltools.com\/fi\/dthdrillingtools\/dth-hammer-breakout-bench-ap-900\/\">DTH HAMMER BREAKOUT BENCH<\/a><\/div>\n\n\n\n<div class=\"wp-block-button is-style-primary\"><a class=\"wp-block-button__link wp-element-button\" href=\"https:\/\/www.trimach-drilltools.com\/fi\/dth-accessories\/\">DTH-TARVIKKEET<\/a><\/div>\n\n\n\n<div class=\"wp-block-button is-style-primary\"><a class=\"wp-block-button__link wp-element-button\" href=\"https:\/\/www.trimach-drilltools.com\/fi\/hz-drilling-rigs\/\">HZ DTH DRILLING RIGS<\/a><\/div>\n\n\n\n<div class=\"wp-block-button is-style-primary\"><a class=\"wp-block-button__link wp-element-button\" href=\"https:\/\/www.trimach-drilltools.com\/fi\/dth-rotary-heads\/\">DTH ROTARY HEADS<\/a><\/div>\n\n\n\n<div class=\"wp-block-button is-style-primary\"><a class=\"wp-block-button__link wp-element-button\" href=\"https:\/\/www.trimach-drilltools.com\/fi\/dthdrillingtools\/dth-wing-bits-systems\/\">DTH WING BITS SYSTEM<\/a><\/div>\n<\/div>\n\n\n\n\n\n<div style=\"height:80px\" aria-hidden=\"true\" class=\"wp-block-spacer\"><\/div>\n\n\n\n<div class=\"wp-block-buttons is-horizontal is-content-justification-center is-layout-flex wp-container-core-buttons-is-layout-499968f5 wp-block-buttons-is-layout-flex\">\n<div class=\"wp-block-button\"><a class=\"wp-block-button__link has-nv-dark-bg-color has-neve-link-hover-color-background-color has-text-color has-background wp-element-button\" href=\"https:\/\/www.trimach-drilltools.com\/fi\/contact-us\/\">OTA YHTEYTT\u00c4<\/a><\/div>\n<\/div>\n\n\n\n<p><\/p>\n\n\n\n<p class=\"has-text-align-center has-neve-link-hover-color-color has-text-color\" style=\"font-size:14px\"><a href=\"mailto:sales@trimach-drilltools.com\" target=\"_blank\" rel=\"noreferrer noopener\"><span class=\"has-inline-color has-nv-site-bg-color\">sales@trimach-drilltools.com<\/span><\/a><\/p>\n\n\n\n<p class=\"has-text-align-center\" style=\"font-size:14px\">Since 1993<\/p>\n<\/div><\/div>\n\n\n\n<p><\/p>\n\n\n\n<h2 class=\"wp-block-heading has-text-align-center\">HEAVY DUTY DTH-DRILLING TOOLS <\/h2>\n\n\n\n<p class=\"has-text-align-center\"><strong>Tri-Mach Nordic on erikoistunut korkealaatuisiin DTH-porauksen tuotteisiin ja ty\u00f6kaluihin. Tiimimme koostuu kokeneista porausty\u00f6kalujen suunnittelijoista sek\u00e4 entisist\u00e4 urakoitsijoista. T\u00e4m\u00e4 varmistaa sen, ett\u00e4 tuotteemme toimivat luotettavasti erilaisissa maaper\u00e4olosuhteissa.<\/strong><\/p>\n\n\n\n<p class=\"has-text-align-center\">Tuoteportfolioomme kuuluu DTH-rengaster\u00e4t\/avartimet, pilotit, DTH-uppovasarat, porakanget sek\u00e4 muut porausty\u00f6kalut. Suunnittelemme ja valmistamme itse my\u00f6s markkinoiden kest\u00e4vimpi\u00e4 vaakaporausty\u00f6kaluja, kuten rengasteri\u00e4 ja pilotteja. Tuotteemme on suunniteltu toimimaan haastavimmissakin olosuhteissa, ja kest\u00e4m\u00e4\u00e4n maksimim\u00e4\u00e4r\u00e4n porausmetrej\u00e4.<br><br>DTH-porausty\u00f6kalujen lis\u00e4ksi pystymme konsultoimaan DTH-poraushankkeen l\u00e4pivienniss\u00e4. Pitk\u00e4 DTH-porauskokemuksemme mahdollistaa konsultoinnin esimerkiksi suunnittelunohjauksessa, paalutuskonemodifikaatioissa, tuotantotehokkuuden parantamisessa sek\u00e4 haastavien geoteknisten ongelmien ratkaisussa.<\/p>\n\n\n\n<p class=\"has-text-align-center\"><strong>Tutustu tuotteisiimme ja <a href=\"https:\/\/www.trimach-drilltools.com\/fi\/contact-us\/\" target=\"_blank\" rel=\"noreferrer noopener\">ota yhteytt\u00e4<\/a> mik\u00e4li tarvitset huippuluokan tuotteita DTH-poraukseen.<\/strong><\/p>\n\n\n\n<div style=\"height:80px\" aria-hidden=\"true\" class=\"wp-block-spacer\"><\/div>\n\n\n\n<div class=\"nv-cv-m wp-block-columns is-layout-flex wp-container-core-columns-is-layout-9d6595d7 wp-block-columns-is-layout-flex\">\n<div class=\"wp-block-column is-layout-flow wp-block-column-is-layout-flow\"><div class=\"wp-block-image icon-style is-style-rounded\">\n<figure class=\"aligncenter size-large\"><img loading=\"lazy\" decoding=\"async\" width=\"72\" height=\"72\" src=\"https:\/\/www.trimach-drilltools.com\/wp-content\/uploads\/2020\/01\/neve-webdesign-GB-04.png\" alt=\"\" class=\"wp-image-32\"\/><\/figure><\/div>\n\n\n<h3 class=\"wp-block-heading has-text-align-center has-neve-text-color-color has-text-color\">Kustannustehokkaat ratkaisut<\/h3>\n\n\n\n<p class=\"has-text-align-center\">Tehostettu liiketoiminta sek\u00e4 huipputason tuotesuunnittelu mahdollistavat kustannustehokkaat ratkaisut ja nopeat modifikaatiot hankalissakin projekteissa.<\/p>\n\n\n\n<div style=\"height:20px\" aria-hidden=\"true\" class=\"wp-block-spacer\"><\/div>\n<\/div>\n\n\n\n<div class=\"wp-block-column is-layout-flow wp-block-column-is-layout-flow\"><div class=\"wp-block-image icon-style is-style-rounded\">\n<figure class=\"aligncenter size-large\"><img loading=\"lazy\" decoding=\"async\" width=\"72\" height=\"72\" src=\"https:\/\/www.trimach-drilltools.com\/wp-content\/uploads\/2020\/01\/neve-webdesign-GB-01.png\" alt=\"\" class=\"wp-image-30\"\/><\/figure><\/div>\n\n\n<h3 class=\"wp-block-heading has-text-align-center has-neve-text-color-color has-text-color\">Luotettavimmat porausty\u00f6kalut<\/h3>\n\n\n\n<p class=\"has-text-align-center\">Valmistamme markkinoiden luotettavimmat ja kest\u00e4vimm\u00e4t porausty\u00f6kalut. Poraa ilman keskeytyksi\u00e4!<\/p>\n\n\n\n<div style=\"height:20px\" aria-hidden=\"true\" class=\"wp-block-spacer\"><\/div>\n<\/div>\n\n\n\n<div class=\"wp-block-column is-layout-flow wp-block-column-is-layout-flow\"><div class=\"wp-block-image icon-style is-style-rounded\">\n<figure class=\"aligncenter size-large\"><img loading=\"lazy\" decoding=\"async\" width=\"72\" height=\"72\" src=\"https:\/\/www.trimach-drilltools.com\/wp-content\/uploads\/2020\/01\/neve-webdesign-GB-03.png\" alt=\"\" class=\"wp-image-31\"\/><\/figure><\/div>\n\n\n<h3 class=\"wp-block-heading has-text-align-center has-neve-text-color-color has-text-color\">DTH-porauskokemus<\/h3>\n\n\n\n<p class=\"has-text-align-center\">Meill\u00e4 on DTH-porauskokemusta yli 20 vuoden ajalta. Tied\u00e4mme, miten tuotantotehoa nostetaan ja mitk\u00e4 tuotteet toimivat ty\u00f6maalla.<\/p>\n\n\n\n<div style=\"height:20px\" aria-hidden=\"true\" class=\"wp-block-spacer\"><\/div>\n<\/div>\n<\/div>\n\n\n\n<div class=\"nv-cv-m wp-block-group\"><div class=\"wp-block-group__inner-container is-layout-flow wp-block-group-is-layout-flow\">\n<div class=\"wp-block-columns is-layout-flex wp-container-core-columns-is-layout-9d6595d7 wp-block-columns-is-layout-flex\">\n<div class=\"wp-block-column is-layout-flow wp-block-column-is-layout-flow\"><style>.wp-block-kadence-advancedbtn.kb-btns230_a591fe-70{gap:var(--global-kb-gap-xs, 0.5rem );justify-content:center;align-items:center;}.kt-btns230_a591fe-70 .kt-button{font-weight:normal;font-style:normal;}.kt-btns230_a591fe-70 .kt-btn-wrap-0{margin-right:5px;}.wp-block-kadence-advancedbtn.kt-btns230_a591fe-70 .kt-btn-wrap-0 .kt-button{color:#555555;border-color:#555555;}.wp-block-kadence-advancedbtn.kt-btns230_a591fe-70 .kt-btn-wrap-0 .kt-button:hover, .wp-block-kadence-advancedbtn.kt-btns230_a591fe-70 .kt-btn-wrap-0 .kt-button:focus{color:#ffffff;border-color:#444444;}.wp-block-kadence-advancedbtn.kt-btns230_a591fe-70 .kt-btn-wrap-0 .kt-button::before{display:none;}.wp-block-kadence-advancedbtn.kt-btns230_a591fe-70 .kt-btn-wrap-0 .kt-button:hover, .wp-block-kadence-advancedbtn.kt-btns230_a591fe-70 .kt-btn-wrap-0 .kt-button:focus{background:#444444;}<\/style>\n<div class=\"wp-block-kadence-advancedbtn kb-buttons-wrap kb-btns230_a591fe-70\"><style>ul.menu .wp-block-kadence-advancedbtn .kb-btn230_32bcab-17.kb-button{width:initial;}.wp-block-kadence-advancedbtn .kb-btn230_32bcab-17.kb-button{color:var(--nv-primary-accent);background:var(--nv-secondary-accent);font-size:13px;line-height:1.4em;padding-top:10px;padding-right:10px;padding-bottom:10px;padding-left:10px;}.wp-block-kadence-advancedbtn .kb-btn230_32bcab-17.kb-button:hover, .wp-block-kadence-advancedbtn .kb-btn230_32bcab-17.kb-button:focus{color:var(--nv-primary-accent);background:#f1b149;}<\/style><a class=\"kb-button kt-button button kb-btn230_32bcab-17 kt-btn-size-standard kt-btn-width-type-full kb-btn-global-fill  kt-btn-has-text-true kt-btn-has-svg-false  wp-block-kadence-singlebtn\" href=\"https:\/\/www.trimach-drilltools.com\/wp-content\/uploads\/2025\/10\/tri-mach-dth-drilling-product-catalog-english-2025-v4.pdf\" target=\"_blank\" rel=\"noreferrer noopener\"><span class=\"kt-btn-inner-text\"><strong>2025 DTH CATALOGUE (EN)<\/strong><\/span><\/a>\n\n<style>ul.menu .wp-block-kadence-advancedbtn .kb-btn230_d5f608-40.kb-button{width:initial;}.wp-block-kadence-advancedbtn .kb-btn230_d5f608-40.kb-button{color:var(--nv-site-bg);background:var(--nv-text-color);font-size:13px;line-height:1.4em;padding-top:10px;padding-right:10px;padding-bottom:10px;padding-left:10px;}.wp-block-kadence-advancedbtn .kb-btn230_d5f608-40.kb-button:hover, .wp-block-kadence-advancedbtn .kb-btn230_d5f608-40.kb-button:focus{color:var(--nv-site-bg);background:#333541;}<\/style><a class=\"kb-button kt-button button kb-btn230_d5f608-40 kt-btn-size-standard kt-btn-width-type-full kb-btn-global-fill  kt-btn-has-text-true kt-btn-has-svg-false  wp-block-kadence-singlebtn\" href=\"https:\/\/www.trimach-drilltools.com\/wp-content\/uploads\/2025\/03\/2025-TRIMACH-HZ-ProductCatalog.pdf\" target=\"_blank\" rel=\"noreferrer noopener\"><span class=\"kt-btn-inner-text\"><strong>2025 HZ PRODUCT CATALOGUE (EN)<\/strong><\/span><\/a><\/div>\n<\/div>\n<\/div>\n<\/div><\/div>\n\n\n\n<div class=\"nv-cv-d nv-cv-m wp-block-cover alignfull\" style=\"min-height:866px;aspect-ratio:unset;\"><span aria-hidden=\"true\" class=\"wp-block-cover__background has-nv-dark-bg-background-color has-background-dim-100 has-background-dim\"><\/span><div class=\"wp-block-cover__inner-container is-layout-flow wp-block-cover-is-layout-flow\">\n<div style=\"height:140px\" aria-hidden=\"true\" class=\"wp-block-spacer\"><\/div>\n\n\n\n<h2 class=\"wp-block-heading has-text-align-center has-nv-text-dark-bg-color has-text-color translation-block\">Haluatko porata markkinoiden parhailla porausty\u00f6kaluilla?<\/h2>\n\n\n\n<div class=\"wp-block-buttons is-horizontal is-content-justification-center is-layout-flex wp-container-core-buttons-is-layout-499968f5 wp-block-buttons-is-layout-flex\">\n<div class=\"wp-block-button is-style-primary\"><a class=\"wp-block-button__link wp-element-button\" href=\"https:\/\/www.trimach-drilltools.com\/fi\/contact-us\/\">OTA YHTEYTT\u00c4<\/a><\/div>\n<\/div>\n\n\n\n<div style=\"height:140px\" aria-hidden=\"true\" class=\"wp-block-spacer\"><\/div>\n\n\n\n<p class=\"has-text-align-center has-normal-font-size\">Tri-Mach Nordic Ltd &#8211; +358405892446 &#8211; Tampereentie 495, 33880 Lemp\u00e4\u00e4l\u00e4, Finland<\/p>\n<\/div><\/div>","protected":false},"excerpt":{"rendered":"<p>HEAVY DUTY DTH-DRILLING TOOLS Tri-Mach Nordic specializes in high-quality down-the-hole (DTH) drilling products, tools, and equipment. With nearly 30 years of experience, our team of experienced drilling tool designers and former contractors ensures our down-the-hole drilling products perform reliably on-site in various soil conditions. Our range includes DTH ring bits, horizontal ring bits, and DTH&hellip;&nbsp;<a href=\"https:\/\/www.trimach-drilltools.com\/fi\/\" rel=\"bookmark\">Read More &raquo;<span class=\"screen-reader-text\">Etusivu<\/span><\/a><\/p>","protected":false},"author":1,"featured_media":0,"parent":0,"menu_order":0,"comment_status":"closed","ping_status":"closed","template":"","meta":{"neve_meta_sidebar":"default","neve_meta_container":"default","neve_meta_enable_content_width":"on","neve_meta_content_width":100,"neve_meta_title_alignment":"","neve_meta_author_avatar":"","neve_post_elements_order":"","neve_meta_disable_header":"","neve_meta_disable_footer":"","neve_meta_disable_title":"on","neve_meta_reading_time":"","footnotes":""},"class_list":["post-230","page","type-page","status-publish","hentry"],"_links":{"self":[{"href":"https:\/\/www.trimach-drilltools.com\/fi\/wp-json\/wp\/v2\/pages\/230","targetHints":{"allow":["GET"]}}],"collection":[{"href":"https:\/\/www.trimach-drilltools.com\/fi\/wp-json\/wp\/v2\/pages"}],"about":[{"href":"https:\/\/www.trimach-drilltools.com\/fi\/wp-json\/wp\/v2\/types\/page"}],"author":[{"embeddable":true,"href":"https:\/\/www.trimach-drilltools.com\/fi\/wp-json\/wp\/v2\/users\/1"}],"replies":[{"embeddable":true,"href":"https:\/\/www.trimach-drilltools.com\/fi\/wp-json\/wp\/v2\/comments?post=230"}],"version-history":[{"count":183,"href":"https:\/\/www.trimach-drilltools.com\/fi\/wp-json\/wp\/v2\/pages\/230\/revisions"}],"predecessor-version":[{"id":3727,"href":"https:\/\/www.trimach-drilltools.com\/fi\/wp-json\/wp\/v2\/pages\/230\/revisions\/3727"}],"wp:attachment":[{"href":"https:\/\/www.trimach-drilltools.com\/fi\/wp-json\/wp\/v2\/media?parent=230"}],"curies":[{"name":"wp","href":"https:\/\/api.w.org\/{rel}","templated":true}]}}