{"id":2279,"date":"2024-10-10T14:09:46","date_gmt":"2024-10-10T11:09:46","guid":{"rendered":"https:\/\/www.trimach-drilltools.com\/?page_id=2279"},"modified":"2026-01-27T09:22:54","modified_gmt":"2026-01-27T07:22:54","slug":"rodmate-thread-compound","status":"publish","type":"page","link":"https:\/\/www.trimach-drilltools.com\/fi\/dth-accessories\/rodmate-thread-compound\/","title":{"rendered":"RodMate- Kankirasva"},"content":{"rendered":"<div class=\"wp-block-cover alignfull\" style=\"min-height:320px;aspect-ratio:unset;\"><span aria-hidden=\"true\" class=\"wp-block-cover__background has-nv-site-bg-background-color has-background-dim-100 has-background-dim\"><\/span><div class=\"wp-block-cover__inner-container is-layout-flow wp-block-cover-is-layout-flow\">\n<div class=\"wp-block-group\"><div class=\"wp-block-group__inner-container is-layout-flow wp-block-group-is-layout-flow\">\n<div class=\"wp-block-columns are-vertically-aligned-center is-layout-flex wp-container-core-columns-is-layout-9d6595d7 wp-block-columns-is-layout-flex\">\n<div class=\"wp-block-column is-vertically-aligned-center is-layout-flow wp-block-column-is-layout-flow\" style=\"flex-basis:70%\">\n<h1 class=\"wp-block-heading has-text-align-left has-neve-text-color-color has-text-color has-huge-font-size\"><\/h1>\n\n\n\n<p><\/p>\n\n\n\n<p class=\"has-neve-text-color-color has-text-color\" style=\"font-size:32px\">KYLL\u00c4STYNYT JUMITTAVIIN API-KANKIIN, MITK\u00c4 EIV\u00c4T HALUA AUETA? TARVITSET KUNNON KANKIRASVAN.<\/p>\n\n\n\n<p class=\"has-neve-text-color-color has-text-color\" style=\"font-size:32px\">KASVIPOHJAINEN &amp; YMP\u00c4RIST\u00d6YST\u00c4V\u00c4LLINEN KANKIRASVA. HELPOTTAA PORAKANKIEN AVAAMISTA OLEELLISESTI. SUOJAA LIITTIMI\u00c4 K\u00c4YT\u00d6N JA VARASTOINNIN AIKANA. <\/p>\n<\/div>\n\n\n\n<div class=\"wp-block-column is-vertically-aligned-center is-layout-flow wp-block-column-is-layout-flow\" style=\"flex-basis:30%\"><div class=\"wp-block-image\">\n<figure class=\"aligncenter size-large is-resized\"><img loading=\"lazy\" decoding=\"async\" width=\"710\" height=\"709\" src=\"https:\/\/www.trimach-drilltools.com\/wp-content\/uploads\/2021\/07\/Tri-Mach-logo.png\" alt=\"\" class=\"wp-image-701\" style=\"width:220px;height:219px\" srcset=\"https:\/\/www.trimach-drilltools.com\/wp-content\/uploads\/2021\/07\/Tri-Mach-logo.png 710w, https:\/\/www.trimach-drilltools.com\/wp-content\/uploads\/2021\/07\/Tri-Mach-logo-300x300.png 300w, https:\/\/www.trimach-drilltools.com\/wp-content\/uploads\/2021\/07\/Tri-Mach-logo-150x150.png 150w\" sizes=\"auto, (max-width: 710px) 100vw, 710px\" \/><\/figure><\/div><\/div>\n<\/div>\n<\/div><\/div>\n<\/div><\/div>\n\n\n\n<div class=\"wp-block-cover alignfull\" style=\"min-height:600px;aspect-ratio:unset;\"><span aria-hidden=\"true\" class=\"wp-block-cover__background has-neve-link-hover-color-background-color has-background-dim-100 has-background-dim\"><\/span><div class=\"wp-block-cover__inner-container is-layout-flow wp-block-cover-is-layout-flow\">\n<div class=\"wp-block-group\"><div class=\"wp-block-group__inner-container is-layout-flow wp-block-group-is-layout-flow\">\n<div style=\"height:80px\" aria-hidden=\"true\" class=\"wp-block-spacer\"><\/div>\n\n\n\n<div class=\"wp-block-columns is-layout-flex wp-container-core-columns-is-layout-9d6595d7 wp-block-columns-is-layout-flex\">\n<div class=\"wp-block-column is-layout-flow wp-block-column-is-layout-flow\" style=\"flex-basis:66.79%\">\n<figure class=\"wp-block-image size-full\"><img loading=\"lazy\" decoding=\"async\" width=\"1761\" height=\"2560\" src=\"https:\/\/www.trimach-drilltools.com\/wp-content\/uploads\/2024\/10\/IMG_8471-scaled.jpg\" alt=\"\" class=\"wp-image-2281\" srcset=\"https:\/\/www.trimach-drilltools.com\/wp-content\/uploads\/2024\/10\/IMG_8471-scaled.jpg 1761w, https:\/\/www.trimach-drilltools.com\/wp-content\/uploads\/2024\/10\/IMG_8471-206x300.jpg 206w, https:\/\/www.trimach-drilltools.com\/wp-content\/uploads\/2024\/10\/IMG_8471-704x1024.jpg 704w, https:\/\/www.trimach-drilltools.com\/wp-content\/uploads\/2024\/10\/IMG_8471-768x1117.jpg 768w, https:\/\/www.trimach-drilltools.com\/wp-content\/uploads\/2024\/10\/IMG_8471-1056x1536.jpg 1056w, https:\/\/www.trimach-drilltools.com\/wp-content\/uploads\/2024\/10\/IMG_8471-1409x2048.jpg 1409w, https:\/\/www.trimach-drilltools.com\/wp-content\/uploads\/2024\/10\/IMG_8471-8x12.jpg 8w\" sizes=\"auto, (max-width: 1761px) 100vw, 1761px\" \/><\/figure>\n\n\n\n<figure class=\"wp-block-image size-full\"><img loading=\"lazy\" decoding=\"async\" width=\"1920\" height=\"2560\" src=\"https:\/\/www.trimach-drilltools.com\/wp-content\/uploads\/2024\/09\/IMG_8464-1-scaled.jpg\" alt=\"\" class=\"wp-image-2264\" srcset=\"https:\/\/www.trimach-drilltools.com\/wp-content\/uploads\/2024\/09\/IMG_8464-1-scaled.jpg 1920w, https:\/\/www.trimach-drilltools.com\/wp-content\/uploads\/2024\/09\/IMG_8464-1-225x300.jpg 225w, https:\/\/www.trimach-drilltools.com\/wp-content\/uploads\/2024\/09\/IMG_8464-1-768x1024.jpg 768w, https:\/\/www.trimach-drilltools.com\/wp-content\/uploads\/2024\/09\/IMG_8464-1-1152x1536.jpg 1152w, https:\/\/www.trimach-drilltools.com\/wp-content\/uploads\/2024\/09\/IMG_8464-1-1536x2048.jpg 1536w, https:\/\/www.trimach-drilltools.com\/wp-content\/uploads\/2024\/09\/IMG_8464-1-9x12.jpg 9w\" sizes=\"auto, (max-width: 1920px) 100vw, 1920px\" \/><\/figure>\n<\/div>\n\n\n\n<div class=\"wp-block-column is-vertically-aligned-center is-layout-flow wp-block-column-is-layout-flow\" style=\"flex-basis:34%\">\n<p class=\"has-text-align-left has-neve-text-color-color has-text-color\" style=\"font-size:28px\">LIS\u00c4TIETOA:<\/p>\n\n\n\n<p class=\"has-nv-dark-bg-color has-text-color\" style=\"font-size:18px\"><strong>Hyllykoot:<\/strong><\/p>\n\n\n\n<ul style=\"font-size:18px\" class=\"wp-block-list has-neve-link-color-color has-text-color\">\n<li>18 LITRAN \u00c4MP\u00c4RI<\/li>\n<\/ul>\n\n\n\n<p class=\"has-neve-link-color-color has-text-color has-link-color wp-elements-48191b2f17941329c617c0579e76bc52\"><strong>Edut:<\/strong><\/p>\n\n\n\n<ul style=\"font-size:18px\" class=\"wp-block-list has-neve-link-color-color has-text-color\">\n<li>KASVI\u00d6LJYPOHJAINEN TUOTE<\/li>\n\n\n\n<li>YMP\u00c4RIST\u00d6YST\u00c4V\u00c4LLINEN<\/li>\n\n\n\n<li>KASVATTAA LIITTIMIEN K\u00c4YTT\u00d6IK\u00c4\u00c4 (ESIM API + BECO)<\/li>\n\n\n\n<li>HELPOTTAA PORAKANKIEN AVAAMISTA<\/li>\n<\/ul>\n\n\n\n<p class=\"has-neve-link-color-color has-text-color has-link-color wp-elements-56e9c31e3b392d1b025765f7d3472ea4\"><strong>Sovelluskohteet:<\/strong><\/p>\n\n\n\n<ul style=\"font-size:18px\" class=\"wp-block-list has-neve-link-color-color has-text-color\">\n<li>DTH-UPPOVASARAT, KAIKKI KOKOLUOKAT<\/li>\n\n\n\n<li>PORAKANGET (ESIM. API + BECO)<\/li>\n\n\n\n<li>VESIKAIVOPORAUS, MAAL\u00c4MP\u00d6PORAUS<\/li>\n\n\n\n<li>INFRAKOHTEET, SATAMAT<\/li>\n\n\n\n<li>LOUHINTAPORAUS, KIVIPORAUS<\/li>\n<\/ul>\n\n\n\n<p class=\"has-neve-link-color-color has-text-color has-link-color wp-elements-9b226ce3917a921540566dbfa1e246f4\">Suosittelemme RodMaten k\u00e4ytt\u00f6\u00e4 kaikissa porauskohteissa. Suurimpana hy\u00f6tyn\u00e4 on poraustapahtuman sujuvoituminen, kun kanget irtoavat toisistaan nopeammin. Lis\u00e4ksi, kankien k\u00e4ytt\u00f6ik\u00e4 kasvaa, kun RodMate suojaa niit\u00e4 k\u00e4yt\u00f6n ja varastoinnin aikana. Soveltuu k\u00e4ytett\u00e4v\u00e4ksi kaikissa kohteissa ymp\u00e4rist\u00f6yst\u00e4v\u00e4llisyytens\u00e4 vuoksi.<\/p>\n\n\n\n<p class=\"has-neve-link-color-color has-text-color\" style=\"font-size:18px\">Prioriteettimme on nopea toimitus hyllyst\u00e4. <\/p>\n\n\n\n<p><\/p>\n\n\n\n<p><\/p>\n\n\n\n<p><\/p>\n\n\n\n<hr class=\"wp-block-separator has-css-opacity is-style-wide\"\/>\n\n\n\n<div class=\"wp-block-buttons is-horizontal is-content-justification-center is-layout-flex wp-container-core-buttons-is-layout-499968f5 wp-block-buttons-is-layout-flex\">\n<div class=\"wp-block-button is-style-primary\"><a class=\"wp-block-button__link has-nv-site-bg-color has-neve-link-color-background-color has-text-color has-background has-link-color wp-element-button\" href=\"https:\/\/www.trimach-drilltools.com\/fi\/contact-us\/\">OTA YHTEYTT\u00c4<\/a><\/div>\n<\/div>\n\n\n\n<p><\/p>\n\n\n<div class=\"wp-block-image is-style-rounded\">\n<figure class=\"aligncenter size-large\"><img loading=\"lazy\" decoding=\"async\" width=\"1021\" height=\"1024\" src=\"https:\/\/www.trimach-drilltools.com\/wp-content\/uploads\/2021\/08\/IMG_20180826_190014__01-edited-1021x1024.jpg\" alt=\"\" class=\"wp-image-816\" srcset=\"https:\/\/www.trimach-drilltools.com\/wp-content\/uploads\/2021\/08\/IMG_20180826_190014__01-edited-1021x1024.jpg 1021w, https:\/\/www.trimach-drilltools.com\/wp-content\/uploads\/2021\/08\/IMG_20180826_190014__01-edited-300x300.jpg 300w, https:\/\/www.trimach-drilltools.com\/wp-content\/uploads\/2021\/08\/IMG_20180826_190014__01-edited-150x150.jpg 150w, https:\/\/www.trimach-drilltools.com\/wp-content\/uploads\/2021\/08\/IMG_20180826_190014__01-edited-768x770.jpg 768w, https:\/\/www.trimach-drilltools.com\/wp-content\/uploads\/2021\/08\/IMG_20180826_190014__01-edited-1531x1536.jpg 1531w, https:\/\/www.trimach-drilltools.com\/wp-content\/uploads\/2021\/08\/IMG_20180826_190014__01-edited-2041x2048.jpg 2041w\" sizes=\"auto, (max-width: 1021px) 100vw, 1021px\" \/><\/figure><\/div>\n\n\n<p class=\"has-text-align-center has-neve-text-color-color has-text-color\">MATIAS NIEMEL\u00c4INEN<\/p>\n\n\n\n<p class=\"has-text-align-center\" style=\"font-size:14px\"><mark style=\"background-color:rgba(0, 0, 0, 0)\" class=\"has-inline-color has-nv-dark-bg-color\">matias.niemelainen@trimach.fi<\/mark><\/p>\n\n\n\n<p class=\"has-text-align-center\" style=\"font-size:14px\"><mark style=\"background-color:rgba(0, 0, 0, 0)\" class=\"has-inline-color has-nv-dark-bg-color\">+358405892446<\/mark><\/p>\n<\/div>\n<\/div>\n\n\n\n<div style=\"height:40px\" aria-hidden=\"true\" class=\"wp-block-spacer\"><\/div>\n<\/div><\/div>\n<\/div><\/div>\n\n\n\n<div class=\"nv-cv-m wp-block-cover alignfull\" style=\"min-height:950px;aspect-ratio:unset;\"><span aria-hidden=\"true\" class=\"wp-block-cover__background has-nv-dark-bg-background-color has-background-dim-100 has-background-dim\"><\/span><div class=\"wp-block-cover__inner-container is-layout-flow wp-block-cover-is-layout-flow\">\n<div style=\"height:140px\" aria-hidden=\"true\" class=\"wp-block-spacer\"><\/div>\n\n\n\n<h2 class=\"wp-block-heading has-text-align-center has-nv-text-dark-bg-color has-text-color\">API-kanget jumissa? Ratkaisu l\u00f6ytyy t\u00e4\u00e4lt\u00e4.<\/h2>\n\n\n\n<p class=\"has-text-align-center has-medium-font-size\"><\/p>\n\n\n\n<div class=\"wp-block-buttons is-horizontal is-content-justification-center is-layout-flex wp-container-core-buttons-is-layout-499968f5 wp-block-buttons-is-layout-flex\">\n<div class=\"wp-block-button is-style-primary\"><a class=\"wp-block-button__link wp-element-button\" href=\"https:\/\/www.trimach-drilltools.com\/fi\/contact-us\/\">OTA YHTEYTT\u00c4<\/a><\/div>\n<\/div>\n\n\n\n<div style=\"height:20px\" aria-hidden=\"true\" class=\"wp-block-spacer\"><\/div>\n\n\n\n<div class=\"wp-block-buttons is-content-justification-center is-layout-flex wp-container-core-buttons-is-layout-16018d1d wp-block-buttons-is-layout-flex\">\n<div class=\"wp-block-button is-style-primary\"><a class=\"wp-block-button__link wp-element-button\" href=\"https:\/\/www.trimach-drilltools.com\/wp-content\/uploads\/2025\/03\/2025-TRIMACH-HZ-ProductCatalog.pdf\" target=\"_blank\" rel=\"noreferrer noopener\">KATALOGI: VAAKAVASARAT<\/a><\/div>\n\n\n\n<div class=\"wp-block-button is-style-primary\"><a class=\"wp-block-button__link wp-element-button\" href=\"https:\/\/www.trimach-drilltools.com\/wp-content\/uploads\/2025\/03\/tri-mach-dth-product-catalog-2025-v3.pdf\" target=\"_blank\" rel=\"noreferrer noopener\">KATALOGI: DTH-UPPOVASARAT<\/a><\/div>\n<\/div>\n<\/div><\/div>\n\n\n<div class=\"wp-block-image\">\n<figure class=\"aligncenter size-full is-resized\"><img loading=\"lazy\" decoding=\"async\" width=\"512\" height=\"512\" src=\"https:\/\/www.trimach-drilltools.com\/wp-content\/uploads\/2021\/10\/cropped-logo_valkoisella_reunalla_300dpi.png\" alt=\"\" class=\"wp-image-1152\" style=\"width:293px;height:293px\" srcset=\"https:\/\/www.trimach-drilltools.com\/wp-content\/uploads\/2021\/10\/cropped-logo_valkoisella_reunalla_300dpi.png 512w, https:\/\/www.trimach-drilltools.com\/wp-content\/uploads\/2021\/10\/cropped-logo_valkoisella_reunalla_300dpi-300x300.png 300w, https:\/\/www.trimach-drilltools.com\/wp-content\/uploads\/2021\/10\/cropped-logo_valkoisella_reunalla_300dpi-150x150.png 150w, https:\/\/www.trimach-drilltools.com\/wp-content\/uploads\/2021\/10\/cropped-logo_valkoisella_reunalla_300dpi-12x12.png 12w, https:\/\/www.trimach-drilltools.com\/wp-content\/uploads\/2021\/10\/cropped-logo_valkoisella_reunalla_300dpi-270x270.png 270w, https:\/\/www.trimach-drilltools.com\/wp-content\/uploads\/2021\/10\/cropped-logo_valkoisella_reunalla_300dpi-192x192.png 192w, https:\/\/www.trimach-drilltools.com\/wp-content\/uploads\/2021\/10\/cropped-logo_valkoisella_reunalla_300dpi-180x180.png 180w, https:\/\/www.trimach-drilltools.com\/wp-content\/uploads\/2021\/10\/cropped-logo_valkoisella_reunalla_300dpi-32x32.png 32w\" sizes=\"auto, (max-width: 512px) 100vw, 512px\" \/><\/figure><\/div>","protected":false},"excerpt":{"rendered":"","protected":false},"author":1,"featured_media":0,"parent":1891,"menu_order":0,"comment_status":"closed","ping_status":"closed","template":"","meta":{"neve_meta_sidebar":"full-width","neve_meta_container":"","neve_meta_enable_content_width":"on","neve_meta_content_width":100,"neve_meta_title_alignment":"","neve_meta_author_avatar":"","neve_post_elements_order":"","neve_meta_disable_header":"","neve_meta_disable_footer":"","neve_meta_disable_title":"","neve_meta_reading_time":"","footnotes":""},"class_list":["post-2279","page","type-page","status-publish","hentry"],"_links":{"self":[{"href":"https:\/\/www.trimach-drilltools.com\/fi\/wp-json\/wp\/v2\/pages\/2279","targetHints":{"allow":["GET"]}}],"collection":[{"href":"https:\/\/www.trimach-drilltools.com\/fi\/wp-json\/wp\/v2\/pages"}],"about":[{"href":"https:\/\/www.trimach-drilltools.com\/fi\/wp-json\/wp\/v2\/types\/page"}],"author":[{"embeddable":true,"href":"https:\/\/www.trimach-drilltools.com\/fi\/wp-json\/wp\/v2\/users\/1"}],"replies":[{"embeddable":true,"href":"https:\/\/www.trimach-drilltools.com\/fi\/wp-json\/wp\/v2\/comments?post=2279"}],"version-history":[{"count":5,"href":"https:\/\/www.trimach-drilltools.com\/fi\/wp-json\/wp\/v2\/pages\/2279\/revisions"}],"predecessor-version":[{"id":3244,"href":"https:\/\/www.trimach-drilltools.com\/fi\/wp-json\/wp\/v2\/pages\/2279\/revisions\/3244"}],"up":[{"embeddable":true,"href":"https:\/\/www.trimach-drilltools.com\/fi\/wp-json\/wp\/v2\/pages\/1891"}],"wp:attachment":[{"href":"https:\/\/www.trimach-drilltools.com\/fi\/wp-json\/wp\/v2\/media?parent=2279"}],"curies":[{"name":"wp","href":"https:\/\/api.w.org\/{rel}","templated":true}]}}