{"id":2137,"date":"2024-08-16T12:52:30","date_gmt":"2024-08-16T09:52:30","guid":{"rendered":"https:\/\/www.trimach-drilltools.com\/?page_id=2137"},"modified":"2026-01-27T09:21:04","modified_gmt":"2026-01-27T07:21:04","slug":"dth-drill-pipes-rods","status":"publish","type":"page","link":"https:\/\/www.trimach-drilltools.com\/fi\/dthdrillingtools\/dth-drill-pipes-rods\/","title":{"rendered":"DTH Drill Rods (API REG) and Drill Pipes (HEX)"},"content":{"rendered":"<div class=\"wp-block-cover alignfull\" style=\"min-height:300px;aspect-ratio:unset;\"><span aria-hidden=\"true\" class=\"wp-block-cover__background has-nv-site-bg-background-color has-background-dim-100 has-background-dim\"><\/span><div class=\"wp-block-cover__inner-container is-layout-flow wp-block-cover-is-layout-flow\">\n<div class=\"wp-block-group\"><div class=\"wp-block-group__inner-container is-layout-flow wp-block-group-is-layout-flow\">\n<h1 class=\"wp-block-heading has-text-align-left has-neve-text-color-color has-text-color\">DTH porakanget (API REG) ja poraputket (HEX) <\/h1>\n<\/div><\/div>\n<\/div><\/div>\n\n\n\n<div class=\"wp-block-cover alignfull\" style=\"min-height:600px;aspect-ratio:unset;\"><span aria-hidden=\"true\" class=\"wp-block-cover__background has-nv-site-bg-background-color has-background-dim-100 has-background-dim\"><\/span><div class=\"wp-block-cover__inner-container is-layout-flow wp-block-cover-is-layout-flow\">\n<div class=\"wp-block-group\"><div class=\"wp-block-group__inner-container is-layout-flow wp-block-group-is-layout-flow\">\n<div style=\"height:80px\" aria-hidden=\"true\" class=\"wp-block-spacer\"><\/div>\n\n\n\n<div class=\"wp-block-columns are-vertically-aligned-center is-layout-flex wp-container-core-columns-is-layout-9d6595d7 wp-block-columns-is-layout-flex\">\n<div class=\"wp-block-column is-vertically-aligned-center is-layout-flow wp-block-column-is-layout-flow\" style=\"flex-basis:50%\"><div class=\"wp-block-image\">\n<figure class=\"aligncenter size-large is-resized\"><img loading=\"lazy\" decoding=\"async\" width=\"2194\" height=\"2193\" src=\"https:\/\/www.trimach-drilltools.com\/wp-content\/uploads\/2024\/07\/DrillRod-711508-HEX240-edited.jpg\" alt=\"\" class=\"wp-image-1903\" style=\"aspect-ratio:1;width:466px;height:auto\" srcset=\"https:\/\/www.trimach-drilltools.com\/wp-content\/uploads\/2024\/07\/DrillRod-711508-HEX240-edited.jpg 2194w, https:\/\/www.trimach-drilltools.com\/wp-content\/uploads\/2024\/07\/DrillRod-711508-HEX240-edited-300x300.jpg 300w, https:\/\/www.trimach-drilltools.com\/wp-content\/uploads\/2024\/07\/DrillRod-711508-HEX240-edited-1024x1024.jpg 1024w, https:\/\/www.trimach-drilltools.com\/wp-content\/uploads\/2024\/07\/DrillRod-711508-HEX240-edited-150x150.jpg 150w, https:\/\/www.trimach-drilltools.com\/wp-content\/uploads\/2024\/07\/DrillRod-711508-HEX240-edited-768x768.jpg 768w, https:\/\/www.trimach-drilltools.com\/wp-content\/uploads\/2024\/07\/DrillRod-711508-HEX240-edited-1536x1536.jpg 1536w, https:\/\/www.trimach-drilltools.com\/wp-content\/uploads\/2024\/07\/DrillRod-711508-HEX240-edited-2048x2048.jpg 2048w, https:\/\/www.trimach-drilltools.com\/wp-content\/uploads\/2024\/07\/DrillRod-711508-HEX240-edited-12x12.jpg 12w\" sizes=\"auto, (max-width: 2194px) 100vw, 2194px\" \/><\/figure><\/div>\n\n\n<h3 class=\"wp-block-heading has-text-align-center has-neve-text-color-color has-text-color\">DTH-PORAPUTKET (HEX)<\/h3>\n\n\n\n<p class=\"has-text-align-center has-neve-text-color-color has-text-color\">Laadukkaat DTH-Porakanget suuril\u00e4pimittaisten porapaalujen poraukseen. Saatavilla erilaisilla HEX-liittimill\u00e4. Pitk\u00e4 k\u00e4ytt\u00f6ik\u00e4, pieni investointikustannus. Kustomointia ja HEAVY DUTY\u00c4 saatavilla. Katso lis\u00e4\u00e4! <\/p>\n\n\n\n<div class=\"wp-block-buttons is-horizontal is-content-justification-center is-layout-flex wp-container-core-buttons-is-layout-499968f5 wp-block-buttons-is-layout-flex\">\n<div class=\"wp-block-button is-style-primary\"><a class=\"wp-block-button__link wp-element-button\" href=\"https:\/\/www.trimach-drilltools.com\/fi\/dthdrillingtools\/dth-drillpipes\/\">KATSO LIS\u00c4\u00c4<\/a><\/div>\n<\/div>\n\n\n\n<div style=\"height:40px\" aria-hidden=\"true\" class=\"wp-block-spacer\"><\/div>\n<\/div>\n\n\n\n<div class=\"wp-block-column is-vertically-aligned-center is-layout-flow wp-block-column-is-layout-flow\" style=\"flex-basis:50%\">\n<figure class=\"wp-block-image size-large is-resized\"><img loading=\"lazy\" decoding=\"async\" width=\"1024\" height=\"768\" src=\"https:\/\/www.trimach-drilltools.com\/wp-content\/uploads\/2024\/08\/IMG_8021-3-1024x768.jpg\" alt=\"\" class=\"wp-image-2139\" style=\"aspect-ratio:1.2875536480686696;width:617px;height:auto\" srcset=\"https:\/\/www.trimach-drilltools.com\/wp-content\/uploads\/2024\/08\/IMG_8021-3-1024x768.jpg 1024w, https:\/\/www.trimach-drilltools.com\/wp-content\/uploads\/2024\/08\/IMG_8021-3-300x225.jpg 300w, https:\/\/www.trimach-drilltools.com\/wp-content\/uploads\/2024\/08\/IMG_8021-3-768x576.jpg 768w, https:\/\/www.trimach-drilltools.com\/wp-content\/uploads\/2024\/08\/IMG_8021-3-1536x1152.jpg 1536w, https:\/\/www.trimach-drilltools.com\/wp-content\/uploads\/2024\/08\/IMG_8021-3-2048x1536.jpg 2048w, https:\/\/www.trimach-drilltools.com\/wp-content\/uploads\/2024\/08\/IMG_8021-3-16x12.jpg 16w\" sizes=\"auto, (max-width: 1024px) 100vw, 1024px\" \/><\/figure>\n\n\n\n<h3 class=\"wp-block-heading has-text-align-center has-neve-text-color-color has-text-color\">DTH-PORAKANGET (API REG.)<\/h3>\n\n\n\n<p class=\"has-text-align-center has-neve-text-color-color has-text-color\">Premium-tason API REG. Porakanget, pienil\u00e4pimittaisten porapaalujen poraukseen. Suunniteltu maksimoimaan k\u00e4ytt\u00f6ik\u00e4 ja poraustarkkuus. Kustoimointia ja HEAVY DUTY\u00c4 saatavilla. Katso lis\u00e4\u00e4! <\/p>\n\n\n\n<div class=\"wp-block-buttons is-horizontal is-content-justification-center is-layout-flex wp-container-core-buttons-is-layout-499968f5 wp-block-buttons-is-layout-flex\">\n<div class=\"wp-block-button is-style-primary\"><a class=\"wp-block-button__link wp-element-button\" href=\"https:\/\/www.trimach-drilltools.com\/fi\/dthdrillingtools\/dth-drill-rods-api\/\">KATSO LIS\u00c4\u00c4<\/a><\/div>\n<\/div>\n\n\n\n<div style=\"height:40px\" aria-hidden=\"true\" class=\"wp-block-spacer\"><\/div>\n<\/div>\n<\/div>\n\n\n\n<div style=\"height:40px\" aria-hidden=\"true\" class=\"wp-block-spacer\"><\/div>\n\n\n<div class=\"wp-block-image is-style-rounded\">\n<figure class=\"aligncenter size-large is-resized\"><img loading=\"lazy\" decoding=\"async\" width=\"710\" height=\"709\" src=\"https:\/\/www.trimach-drilltools.com\/wp-content\/uploads\/2021\/07\/Tri-Mach-logo.png\" alt=\"\" class=\"wp-image-701\" style=\"width:277px;height:276px\" srcset=\"https:\/\/www.trimach-drilltools.com\/wp-content\/uploads\/2021\/07\/Tri-Mach-logo.png 710w, https:\/\/www.trimach-drilltools.com\/wp-content\/uploads\/2021\/07\/Tri-Mach-logo-300x300.png 300w, https:\/\/www.trimach-drilltools.com\/wp-content\/uploads\/2021\/07\/Tri-Mach-logo-150x150.png 150w\" sizes=\"auto, (max-width: 710px) 100vw, 710px\" \/><\/figure><\/div><\/div><\/div>\n<\/div><\/div>\n\n\n\n<div class=\"nv-cv-m wp-block-cover alignfull\" style=\"min-height:300px;aspect-ratio:unset;\"><span aria-hidden=\"true\" class=\"wp-block-cover__background has-nv-light-bg-background-color has-background-dim-100 has-background-dim\"><\/span><div class=\"wp-block-cover__inner-container is-layout-flow wp-block-cover-is-layout-flow\">\n<div style=\"height:80px\" aria-hidden=\"true\" class=\"wp-block-spacer\"><\/div>\n\n\n\n<div style=\"height:80px\" aria-hidden=\"true\" class=\"wp-block-spacer\"><\/div>\n<\/div><\/div>","protected":false},"excerpt":{"rendered":"","protected":false},"author":1,"featured_media":0,"parent":69,"menu_order":0,"comment_status":"closed","ping_status":"closed","template":"","meta":{"neve_meta_sidebar":"full-width","neve_meta_container":"","neve_meta_enable_content_width":"on","neve_meta_content_width":100,"neve_meta_title_alignment":"","neve_meta_author_avatar":"","neve_post_elements_order":"","neve_meta_disable_header":"","neve_meta_disable_footer":"","neve_meta_disable_title":"on","neve_meta_reading_time":"","footnotes":""},"class_list":["post-2137","page","type-page","status-publish","hentry"],"_links":{"self":[{"href":"https:\/\/www.trimach-drilltools.com\/fi\/wp-json\/wp\/v2\/pages\/2137","targetHints":{"allow":["GET"]}}],"collection":[{"href":"https:\/\/www.trimach-drilltools.com\/fi\/wp-json\/wp\/v2\/pages"}],"about":[{"href":"https:\/\/www.trimach-drilltools.com\/fi\/wp-json\/wp\/v2\/types\/page"}],"author":[{"embeddable":true,"href":"https:\/\/www.trimach-drilltools.com\/fi\/wp-json\/wp\/v2\/users\/1"}],"replies":[{"embeddable":true,"href":"https:\/\/www.trimach-drilltools.com\/fi\/wp-json\/wp\/v2\/comments?post=2137"}],"version-history":[{"count":6,"href":"https:\/\/www.trimach-drilltools.com\/fi\/wp-json\/wp\/v2\/pages\/2137\/revisions"}],"predecessor-version":[{"id":3241,"href":"https:\/\/www.trimach-drilltools.com\/fi\/wp-json\/wp\/v2\/pages\/2137\/revisions\/3241"}],"up":[{"embeddable":true,"href":"https:\/\/www.trimach-drilltools.com\/fi\/wp-json\/wp\/v2\/pages\/69"}],"wp:attachment":[{"href":"https:\/\/www.trimach-drilltools.com\/fi\/wp-json\/wp\/v2\/media?parent=2137"}],"curies":[{"name":"wp","href":"https:\/\/api.w.org\/{rel}","templated":true}]}}