{"id":2033,"date":"2024-08-09T10:22:19","date_gmt":"2024-08-09T07:22:19","guid":{"rendered":"https:\/\/www.trimach-drilltools.com\/?page_id=2033"},"modified":"2026-01-27T09:08:35","modified_gmt":"2026-01-27T07:08:35","slug":"horizontal-dth-drill-rods-auger","status":"publish","type":"page","link":"https:\/\/www.trimach-drilltools.com\/fi\/hz-dth-drilling\/horizontal-dth-drill-rods-auger\/","title":{"rendered":"Horizontal DTH- Auger Drill Rods"},"content":{"rendered":"<div class=\"wp-block-buttons is-layout-flex wp-block-buttons-is-layout-flex\">\n<div class=\"wp-block-button\"><a class=\"wp-block-button__link has-neve-link-color-color has-neve-link-hover-color-background-color has-text-color has-background has-link-color wp-element-button\" href=\"tel:+358405892446\">SOITA MEILLE<\/a><\/div>\n\n\n\n<div class=\"wp-block-button\"><a class=\"wp-block-button__link has-neve-link-color-color has-neve-link-hover-color-background-color has-text-color has-background has-link-color wp-element-button\" href=\"mailto:matias.niemelainen@trimach.fi\">LAITA S\u00c4HK\u00d6POSTIA<\/a><\/div>\n<\/div>\n\n\n\n<p><\/p>\n\n\n\n<div class=\"wp-block-buttons is-layout-flex wp-block-buttons-is-layout-flex\"><\/div>\n\n\n\n<h2 class=\"wp-block-heading\">Vahvat ja luotettavat DTH Auger - vaakaporauskanget<\/h2>\n\n\n\n<div class=\"nv-cv-m wp-block-cover alignfull\" style=\"min-height:1726px;aspect-ratio:unset;\"><span aria-hidden=\"true\" class=\"wp-block-cover__background has-nv-site-bg-background-color has-background-dim-100 has-background-dim\"><\/span><div class=\"wp-block-cover__inner-container is-layout-flow wp-block-cover-is-layout-flow\">\n<div class=\"wp-block-group\"><div class=\"wp-block-group__inner-container is-layout-flow wp-block-group-is-layout-flow\">\n<div class=\"wp-block-columns are-vertically-aligned-center is-layout-flex wp-container-core-columns-is-layout-9d6595d7 wp-block-columns-is-layout-flex\">\n<div class=\"wp-block-column is-vertically-aligned-center is-layout-flow wp-block-column-is-layout-flow\" style=\"flex-basis:70%\">\n<p class=\"has-neve-link-color-color has-text-color has-link-color wp-elements-022bb2ae57b60db2bdbc7156b8354f0f\" style=\"font-size:22px\">Vie porausprojektisi uudelle tasolle huippuluokan DTH Auger - vaakaporauskangillamme. Tarkkuutta ja kest\u00e4vyytt\u00e4 varten suunnitellut poratangot on suunniteltu t\u00e4ytt\u00e4m\u00e4\u00e4n vaativimpienkin vaakaporaus-projektien vaatimukset. <\/p>\n\n\n\n<p><\/p>\n\n\n\n<figure class=\"wp-block-image size-large\"><img loading=\"lazy\" decoding=\"async\" width=\"1024\" height=\"768\" src=\"https:\/\/www.trimach-drilltools.com\/wp-content\/uploads\/2024\/08\/PICT1481-1024x768.jpg\" alt=\"\" class=\"wp-image-2035\" srcset=\"https:\/\/www.trimach-drilltools.com\/wp-content\/uploads\/2024\/08\/PICT1481-1024x768.jpg 1024w, https:\/\/www.trimach-drilltools.com\/wp-content\/uploads\/2024\/08\/PICT1481-300x225.jpg 300w, https:\/\/www.trimach-drilltools.com\/wp-content\/uploads\/2024\/08\/PICT1481-768x576.jpg 768w, https:\/\/www.trimach-drilltools.com\/wp-content\/uploads\/2024\/08\/PICT1481-1536x1152.jpg 1536w, https:\/\/www.trimach-drilltools.com\/wp-content\/uploads\/2024\/08\/PICT1481-16x12.jpg 16w, https:\/\/www.trimach-drilltools.com\/wp-content\/uploads\/2024\/08\/PICT1481.jpg 1600w\" sizes=\"auto, (max-width: 1024px) 100vw, 1024px\" \/><\/figure>\n\n\n\n<p><\/p>\n\n\n\n<p class=\"has-neve-link-color-color has-text-color has-link-color wp-elements-886cc6ace99af81548864601723a39ca\" style=\"font-size:22px\"><\/p>\n\n\n\n<figure class=\"wp-block-image size-large\"><img loading=\"lazy\" decoding=\"async\" width=\"1024\" height=\"768\" src=\"https:\/\/www.trimach-drilltools.com\/wp-content\/uploads\/2024\/08\/PICT1491-1024x768.jpg\" alt=\"\" class=\"wp-image-2038\" srcset=\"https:\/\/www.trimach-drilltools.com\/wp-content\/uploads\/2024\/08\/PICT1491-1024x768.jpg 1024w, https:\/\/www.trimach-drilltools.com\/wp-content\/uploads\/2024\/08\/PICT1491-300x225.jpg 300w, https:\/\/www.trimach-drilltools.com\/wp-content\/uploads\/2024\/08\/PICT1491-768x576.jpg 768w, https:\/\/www.trimach-drilltools.com\/wp-content\/uploads\/2024\/08\/PICT1491-1536x1152.jpg 1536w, https:\/\/www.trimach-drilltools.com\/wp-content\/uploads\/2024\/08\/PICT1491-16x12.jpg 16w, https:\/\/www.trimach-drilltools.com\/wp-content\/uploads\/2024\/08\/PICT1491.jpg 1600w\" sizes=\"auto, (max-width: 1024px) 100vw, 1024px\" \/><\/figure>\n\n\n\n<p><\/p>\n\n\n\n<h3 class=\"wp-block-heading has-neve-link-color-color has-text-color has-link-color wp-elements-04281ce2a398fda711d311ef67bdc4ae\">Keskeiset edut:<\/h3>\n\n\n\n<p class=\"has-neve-link-color-color has-text-color has-link-color wp-elements-e6c461076d99899b3482348691ed4552\" style=\"font-size:22px\">1. <strong>Todistettua suorituskyky\u00e4:<\/strong> Johtavat porausurakoitsijat luottavat laadukkaisiin auger - vaakaporauskankiimme maailmanlaajuisesti. Ne tarjoavat luotettavaa porausta vaikeimmissakin ympr\u00e4rist\u00f6iss\u00e4.<\/p>\n\n\n\n<p class=\"has-neve-link-color-color has-text-color has-link-color wp-elements-2b6e75d8487db4257c028962011bcea1\" style=\"font-size:22px\">2. <strong>Kustannustehokkaat ratkaisut:<\/strong> V\u00e4henn\u00e4 kokonaisk\u00e4ytt\u00f6kustannuksiasia auger - vaakaporauskangilla, jotka tarjoavat pidemm\u00e4n k\u00e4ytt\u00f6i\u00e4n ja v\u00e4h\u00e4iset huoltotoimenpiteet.<\/p>\n\n\n\n<p class=\"has-neve-link-color-color has-text-color has-link-color wp-elements-e992f57163d0b33d5c4dd1e66dc6f647\" style=\"font-size:22px\">3. <strong>Ammattilaisten tuki:<\/strong> Kokenut tiimimme on valmis auttamaan sinua henkil\u00f6kohtaisilla neuvoilla ja tuella varmistaen, ett\u00e4 valitset optimaaliset auger - vaakaporauskanget juuri sinun tarpeisiisi.<\/p>\n\n\n\n<ul class=\"wp-block-list\">\n<li><\/li>\n\n\n\n<li><\/li>\n<\/ul>\n\n\n\n<h3 class=\"wp-block-heading has-neve-link-color-color has-text-color has-link-color wp-elements-b0041dcb0fead23efb6afc41ba3191b3\"><\/h3>\n\n\n\n<figure class=\"wp-block-image size-large\"><img loading=\"lazy\" decoding=\"async\" width=\"1024\" height=\"858\" src=\"https:\/\/www.trimach-drilltools.com\/wp-content\/uploads\/2024\/08\/PICT1609-Copy-1024x858.jpg\" alt=\"\" class=\"wp-image-2039\" srcset=\"https:\/\/www.trimach-drilltools.com\/wp-content\/uploads\/2024\/08\/PICT1609-Copy-1024x858.jpg 1024w, https:\/\/www.trimach-drilltools.com\/wp-content\/uploads\/2024\/08\/PICT1609-Copy-300x252.jpg 300w, https:\/\/www.trimach-drilltools.com\/wp-content\/uploads\/2024\/08\/PICT1609-Copy-768x644.jpg 768w, https:\/\/www.trimach-drilltools.com\/wp-content\/uploads\/2024\/08\/PICT1609-Copy-14x12.jpg 14w, https:\/\/www.trimach-drilltools.com\/wp-content\/uploads\/2024\/08\/PICT1609-Copy.jpg 1429w\" sizes=\"auto, (max-width: 1024px) 100vw, 1024px\" \/><\/figure>\n\n\n\n<p><\/p>\n\n\n\n<h3 class=\"wp-block-heading has-neve-link-color-color has-text-color has-link-color wp-elements-37a9294b9383cf8b3a220416dca80ac7\">Miksi valita meid\u00e4n auger - vaakaporauskankemme?<\/h3>\n\n\n\n<p class=\"has-neve-link-color-color has-text-color has-link-color wp-elements-4bd1a59b0857eb534e79e991075f7c3a\" style=\"font-size:22px\">1. <strong>Kest\u00e4vyys:<\/strong> Korkealaatuisesta ter\u00e4ksest\u00e4 valmistetut ja tiukkojen laatustandardien mukaisesti valmistetut auger - vaakaporauskanget on valmistettu kest\u00e4m\u00e4\u00e4n \u00e4\u00e4rimm\u00e4isi\u00e4 voimia ja kest\u00e4m\u00e4\u00e4n kulumista, mik\u00e4 takaa pitk\u00e4kestoisen suorituskyvyn ja v\u00e4hent\u00e4\u00e4 seisokkeja. <\/p>\n\n\n\n<p class=\"has-neve-link-color-color has-text-color has-link-color wp-elements-5c1c372036e5f1cd0a95e16701cf7a7c\" style=\"font-size:22px\">2. <strong>Millintarkkaa kotimaista tuotantoa: <\/strong>Saavuta ylivoimainen tarkkuus ja luotettauus auger - vaakaporauskankiemme huolellisella suunnittelulla ja parhailla materiaaleilla, jotka ovat suunniteltu optimoimaan poraustuotantosi. Auger - vaakaporauskankemme on suunniteltu kest\u00e4m\u00e4\u00e4n pitk\u00e4\u00e4n. <\/p>\n\n\n\n<p class=\"has-neve-link-color-color has-text-color has-link-color wp-elements-83ffe9021daf179506fcf2ecf0aa1c34\" style=\"font-size:22px\">3. <strong>Todistetusti luotettavia:<\/strong> Monet asiakkaamme ovat menestyksekk\u00e4\u00e4sti k\u00e4ytt\u00e4neet auger - vaakaporauskankieamme jo vuosia, mik\u00e4 osoittaa poratankojen luotettavuuden ja tasaisen suorituskyvyn. Luotettavuus on v\u00e4ltt\u00e4m\u00e4t\u00f6nt\u00e4 onnistuneelle vaakaporausprojektille. Joten miksi et alkaisi k\u00e4ytt\u00e4\u00e4 auger - vaakaporauskankia, jotka harvoin tarvitsevat huoltoa?<\/p>\n\n\n\n<p class=\"has-neve-link-color-color has-text-color has-link-color wp-elements-cff6651fd5a5456de27eb845c18e07e3\" style=\"font-size:22px\">4. <strong>Paranneltu kulutuskest\u00e4vyys:<\/strong> Kehittyneet tuotanto-, ja suunnitteluprosessimme tarjoavat poikkeuksellista laatua, mik\u00e4 lis\u00e4\u00e4 vaakaporauskankien kulutuskest\u00e4vyytt\u00e4. T\u00e4m\u00e4 mahdollistaa pitk\u00e4n k\u00e4ytt\u00f6i\u00e4n, suorituskyvyst\u00e4 tinkim\u00e4tt\u00e4. <\/p>\n\n\n\n<div class=\"wp-block-buttons is-layout-flex wp-block-buttons-is-layout-flex\"><\/div>\n\n\n\n<p><\/p>\n\n\n\n<figure class=\"wp-block-image size-large\"><img loading=\"lazy\" decoding=\"async\" width=\"1024\" height=\"768\" src=\"https:\/\/www.trimach-drilltools.com\/wp-content\/uploads\/2024\/08\/PICT1468-1024x768.jpg\" alt=\"\" class=\"wp-image-2041\" srcset=\"https:\/\/www.trimach-drilltools.com\/wp-content\/uploads\/2024\/08\/PICT1468-1024x768.jpg 1024w, https:\/\/www.trimach-drilltools.com\/wp-content\/uploads\/2024\/08\/PICT1468-300x225.jpg 300w, https:\/\/www.trimach-drilltools.com\/wp-content\/uploads\/2024\/08\/PICT1468-768x576.jpg 768w, https:\/\/www.trimach-drilltools.com\/wp-content\/uploads\/2024\/08\/PICT1468-1536x1152.jpg 1536w, https:\/\/www.trimach-drilltools.com\/wp-content\/uploads\/2024\/08\/PICT1468-16x12.jpg 16w, https:\/\/www.trimach-drilltools.com\/wp-content\/uploads\/2024\/08\/PICT1468.jpg 1600w\" sizes=\"auto, (max-width: 1024px) 100vw, 1024px\" \/><\/figure>\n\n\n\n<p><\/p>\n\n\n\n<h3 class=\"wp-block-heading has-neve-link-color-color has-text-color has-link-color wp-elements-a4f8e0bd6c4bfbd26184035a1a91412e\">Ota yhteytt\u00e4 ja kysy lis\u00e4\u00e4<\/h3>\n\n\n\n<p class=\"has-neve-link-color-color has-text-color has-link-color wp-elements-57673d8b1698b676ac4f4629aeed2cd8\" style=\"font-size:22px\">Helpota porausoperaatioitasi luotettavilla Auger-porakangilla. Kotimaista tuotantoa!<\/p>\n\n\n\n<div class=\"wp-block-buttons is-layout-flex wp-block-buttons-is-layout-flex\"><\/div>\n<\/div>\n\n\n\n<div class=\"wp-block-column is-vertically-aligned-center is-layout-flow wp-block-column-is-layout-flow\" style=\"flex-basis:30%\"><div class=\"wp-block-image\">\n<figure class=\"aligncenter size-large is-resized\"><img loading=\"lazy\" decoding=\"async\" width=\"710\" height=\"709\" src=\"https:\/\/www.trimach-drilltools.com\/wp-content\/uploads\/2021\/07\/Tri-Mach-logo.png\" alt=\"\" class=\"wp-image-701\" style=\"width:220px;height:219px\" srcset=\"https:\/\/www.trimach-drilltools.com\/wp-content\/uploads\/2021\/07\/Tri-Mach-logo.png 710w, https:\/\/www.trimach-drilltools.com\/wp-content\/uploads\/2021\/07\/Tri-Mach-logo-300x300.png 300w, https:\/\/www.trimach-drilltools.com\/wp-content\/uploads\/2021\/07\/Tri-Mach-logo-150x150.png 150w\" sizes=\"auto, (max-width: 710px) 100vw, 710px\" \/><\/figure><\/div><\/div>\n<\/div>\n<\/div><\/div>\n\n\n\n<p><\/p>\n<\/div><\/div>\n\n\n\n<div class=\"nv-cv-m wp-block-cover alignfull\" style=\"min-height:600px;aspect-ratio:unset;\"><span aria-hidden=\"true\" class=\"wp-block-cover__background has-nv-light-bg-background-color has-background-dim-100 has-background-dim\"><\/span><div class=\"wp-block-cover__inner-container is-layout-flow wp-block-cover-is-layout-flow\">\n<div class=\"wp-block-group\"><div class=\"wp-block-group__inner-container is-layout-flow wp-block-group-is-layout-flow\">\n<div style=\"height:80px\" aria-hidden=\"true\" class=\"wp-block-spacer\"><\/div>\n\n\n\n<div class=\"wp-block-columns is-layout-flex wp-container-core-columns-is-layout-9d6595d7 wp-block-columns-is-layout-flex\">\n<div class=\"wp-block-column is-layout-flow wp-block-column-is-layout-flow\" style=\"flex-basis:66.79%\">\n<figure class=\"wp-block-image size-large\"><img loading=\"lazy\" decoding=\"async\" width=\"768\" height=\"1024\" src=\"https:\/\/www.trimach-drilltools.com\/wp-content\/uploads\/2024\/08\/IMG_0211-768x1024.jpg\" alt=\"\" class=\"wp-image-2043\" srcset=\"https:\/\/www.trimach-drilltools.com\/wp-content\/uploads\/2024\/08\/IMG_0211-768x1024.jpg 768w, https:\/\/www.trimach-drilltools.com\/wp-content\/uploads\/2024\/08\/IMG_0211-225x300.jpg 225w, https:\/\/www.trimach-drilltools.com\/wp-content\/uploads\/2024\/08\/IMG_0211-1152x1536.jpg 1152w, https:\/\/www.trimach-drilltools.com\/wp-content\/uploads\/2024\/08\/IMG_0211-9x12.jpg 9w, https:\/\/www.trimach-drilltools.com\/wp-content\/uploads\/2024\/08\/IMG_0211-rotated.jpg 1200w\" sizes=\"auto, (max-width: 768px) 100vw, 768px\" \/><\/figure>\n<\/div>\n\n\n\n<div class=\"wp-block-column is-vertically-aligned-center is-layout-flow wp-block-column-is-layout-flow\" style=\"flex-basis:34%\">\n<h4 class=\"wp-block-heading has-text-align-left has-neve-text-color-color has-text-color\" style=\"font-size:22px\">DTH Auger - vaakaporauskankien lis\u00e4tietoja:<\/h4>\n\n\n\n<p class=\"has-text-align-left has-neve-text-color-color has-text-color\" style=\"font-size:18px\">Parasta mahdollista laatua - niin luja kuin teknisesti mahdollista.<\/p>\n\n\n\n<p class=\"has-nv-dark-bg-color has-text-color\" style=\"font-size:18px\">DTH Auger - vaakaporauskanget saatavilla seuraavilla parametreill\u00e4:<\/p>\n\n\n\n<ul style=\"font-size:18px\" class=\"wp-block-list has-neve-link-color-color has-text-color\">\n<li>Putkihalkaisijat: 139mm - 1524mm<\/li>\n\n\n\n<li>Keskiputken dimensiot porarin preferenssien mukaisesti<\/li>\n\n\n\n<li>Saatavilla olevat liittimet: API REG., kierteet, BECO10, HEX-liittimet<\/li>\n\n\n\n<li>Kustomoituja adaptereita saatavilla pyynn\u00f6st\u00e4, kaikille kierre-, ja HEX-liittimille.<\/li>\n<\/ul>\n\n\n\n<p><\/p>\n\n\n\n<p class=\"has-neve-link-color-color has-text-color\" style=\"font-size:18px\">Prioriteettimme on nopea ja kustannustehokas toimitus. <\/p>\n\n\n\n<p><\/p>\n\n\n\n<hr class=\"wp-block-separator has-css-opacity is-style-wide\"\/>\n<\/div>\n<\/div>\n<\/div><\/div>\n<\/div><\/div>\n\n\n\n<h2 class=\"wp-block-heading\" id=\"faq\">FAQ: DTH Auger - vaakaporauskanget<\/h2>\n\n\n\n<ul class=\"nv-cv-d nv-cv-m wp-block-list\">\n<li><strong>Mit\u00e4 \"DTH\" tarkoittaa?<\/strong>\n<ul class=\"wp-block-list\">\n<li><em>DTH on lyhenne sanoista Down-The-Hole. Sill\u00e4 viitataan uppovasaran sijaintiin porakankien alap\u00e4\u00e4ss\u00e4.<\/em><\/li>\n<\/ul>\n<\/li>\n<\/ul>\n\n\n\n<ul class=\"nv-cv-d nv-cv-m wp-block-list\">\n<li><strong>Mit\u00e4 eri termej\u00e4 on DTH-vaakaporaukselle?<\/strong>\n<ul class=\"wp-block-list\">\n<li>DTH-Vaakaporaus<\/li>\n\n\n\n<li>DTH- Vaakavasaraporaus<\/li>\n\n\n\n<li>DTH-Vaakaputkiporaus<\/li>\n<\/ul>\n<\/li>\n<\/ul>\n\n\n\n<ul class=\"nv-cv-d nv-cv-m wp-block-list\">\n<li><strong>Mitk\u00e4 tekij\u00e4t vaikuttavat DTH Auger - vaakaporauskankien suorituskykyyn?<\/strong>\n<ul class=\"wp-block-list\">\n<li><em>Vaakaporauskankien paino<\/em><\/li>\n\n\n\n<li><em>Laatu ja valmistustekniikat<\/em> <\/li>\n\n\n\n<li><em>Materiaaliominaisuudet<\/em><\/li>\n\n\n\n<li><em>Keskiputken dimensiot<\/em><\/li>\n\n\n\n<li><em>Liitintyypit<\/em><\/li>\n<\/ul>\n<\/li>\n<\/ul>\n\n\n\n<ul class=\"nv-cv-d nv-cv-m wp-block-list\">\n<li><strong>Voiko Auger-kangilla porata kovaa kive\u00e4?<\/strong>\n<ul class=\"wp-block-list\">\n<li><em>Kyll\u00e4. Uppovasaraporaus \/ DTH-poraus on suunniteltu toimimaan maailman kovimmissa kivilaaduissa. DTH-poraus on ainoa tehokas tapa porata eritt\u00e4in kovaa kive\u00e4.<\/em><\/li>\n<\/ul>\n<\/li>\n<\/ul>\n\n\n\n<ul class=\"nv-cv-d nv-cv-m wp-block-list\">\n<li><strong>Onko DTH Auger - vaakaporauskangilla mahdollista porata lohkareiden l\u00e4pi?<\/strong>\n<ul class=\"wp-block-list\">\n<li><em>Kyll\u00e4. Vaakaporauksessa on tyypillist\u00e4 porata lohkareiden l\u00e4pi, joiden lujuus voi olla jopa yli 200 MPa.<\/em><\/li>\n<\/ul>\n<\/li>\n<\/ul>\n\n\n\n<ul class=\"nv-cv-d nv-cv-m wp-block-list\">\n<li><strong>Voiko Auger-porakangilla porata putkia?<\/strong><ul><li><em>Kyll\u00e4. Meid\u00e4n vaakaporauskankemme on suunniteltu erityisesti ter\u00e4sputkien poraamiseen. <\/em><\/li><\/ul>\n<ul class=\"wp-block-list\">\n<li><em>DTH - vaakaporaus on ainoa luotettava menetelm\u00e4 lohkareisten maaperien ja kovan kiven poraukseen.<\/em><\/li>\n<\/ul>\n<\/li>\n\n\n\n<li><strong>Miten tied\u00e4n oikean liittimen DTH Auger - vaakaporauskankiini?<\/strong>\n<ul class=\"wp-block-list\">\n<li><em>Me voimme suunnitella ne puolestasi. Kysymme tarvittavat kysymykset, jotta saamme tehty\u00e4 juuri sinulle sopivat vaakaporauskanget. <\/em><\/li>\n\n\n\n<li><em>Mik\u00e4li sinulla ei ole itsell\u00e4si vanhoja kankia \/ liittimi\u00e4, voimme suunnitella koko vaakaporauksen kankiletkan puolestasi.  <\/em><\/li>\n\n\n\n<li><em>Valikoimassamme on kaikki yleisimm\u00e4t liittimet, kuten API REG. - kierteet, BECO10-kierteet ja HEX-liittimet.  <\/em><\/li>\n<\/ul>\n<\/li>\n<\/ul>\n\n\n\n<p><strong>Meill\u00e4 on runsaasti kokemusta oikeiden DTH Auger - vaakaporauskankien valinnasta erilaisiin projekteihin. Kun porataan kovaa kive\u00e4 vaakasuuntaisesti, asiantuntemuksemme ja tuotteemme ovat ly\u00f6m\u00e4tt\u00f6mi\u00e4. \u00c4l\u00e4 ep\u00e4r\u00f6i ottaa yhteytt\u00e4 Matiakseen ja kysy lis\u00e4\u00e4! <\/strong><\/p>\n\n\n\n<figure class=\"wp-block-image size-large is-resized is-style-rounded\"><img loading=\"lazy\" decoding=\"async\" width=\"1021\" height=\"1024\" src=\"https:\/\/www.trimach-drilltools.com\/wp-content\/uploads\/2021\/08\/IMG_20180826_190014__01-edited-1021x1024.jpg\" alt=\"\" class=\"wp-image-816\" style=\"width:190px;height:auto\" srcset=\"https:\/\/www.trimach-drilltools.com\/wp-content\/uploads\/2021\/08\/IMG_20180826_190014__01-edited-1021x1024.jpg 1021w, https:\/\/www.trimach-drilltools.com\/wp-content\/uploads\/2021\/08\/IMG_20180826_190014__01-edited-300x300.jpg 300w, https:\/\/www.trimach-drilltools.com\/wp-content\/uploads\/2021\/08\/IMG_20180826_190014__01-edited-150x150.jpg 150w, https:\/\/www.trimach-drilltools.com\/wp-content\/uploads\/2021\/08\/IMG_20180826_190014__01-edited-768x770.jpg 768w, https:\/\/www.trimach-drilltools.com\/wp-content\/uploads\/2021\/08\/IMG_20180826_190014__01-edited-1531x1536.jpg 1531w, https:\/\/www.trimach-drilltools.com\/wp-content\/uploads\/2021\/08\/IMG_20180826_190014__01-edited-2041x2048.jpg 2041w\" sizes=\"auto, (max-width: 1021px) 100vw, 1021px\" \/><\/figure>\n\n\n\n<p><strong>Matias Niemel\u00e4inen<\/strong><\/p>\n\n\n\n<p><a href=\"mailto:matias.niemelainen@trimach.fi\">matias.niemelainen@trimach.fi<br><\/a><a href=\"tel:+358405892446\">+358405892446<\/a><\/p>\n\n\n\n<div class=\"nv-cv-d nv-cv-m wp-block-cover alignfull\" style=\"min-height:950px;aspect-ratio:unset;\"><span aria-hidden=\"true\" class=\"wp-block-cover__background has-nv-dark-bg-background-color has-background-dim-100 has-background-dim\"><\/span><div class=\"wp-block-cover__inner-container is-layout-flow wp-block-cover-is-layout-flow\">\n<div style=\"height:140px\" aria-hidden=\"true\" class=\"wp-block-spacer\"><\/div>\n\n\n\n<h2 class=\"wp-block-heading has-text-align-center has-nv-text-dark-bg-color has-text-color\">Looking for maximum strength in your Horizontal DTH Drill Rods? <\/h2>\n\n\n\n<p class=\"has-text-align-center has-medium-font-size\"><\/p>\n\n\n\n<div class=\"wp-block-buttons is-horizontal is-content-justification-center is-layout-flex wp-container-core-buttons-is-layout-499968f5 wp-block-buttons-is-layout-flex\">\n<div class=\"wp-block-button is-style-primary\"><a class=\"wp-block-button__link wp-element-button\" href=\"https:\/\/www.trimach-drilltools.com\/fi\/contact-us\/\">OTA YHTEYTT\u00c4<\/a><\/div>\n<\/div>\n\n\n\n<div style=\"height:140px\" aria-hidden=\"true\" class=\"wp-block-spacer\"><\/div>\n\n\n\n<p class=\"has-text-align-center\"><\/p>\n<\/div><\/div>\n\n\n<div class=\"wp-block-image\">\n<figure class=\"aligncenter size-full is-resized\"><img loading=\"lazy\" decoding=\"async\" width=\"512\" height=\"512\" src=\"https:\/\/www.trimach-drilltools.com\/wp-content\/uploads\/2021\/10\/cropped-logo_valkoisella_reunalla_300dpi.png\" alt=\"\" class=\"wp-image-1152\" style=\"width:293px;height:293px\" srcset=\"https:\/\/www.trimach-drilltools.com\/wp-content\/uploads\/2021\/10\/cropped-logo_valkoisella_reunalla_300dpi.png 512w, https:\/\/www.trimach-drilltools.com\/wp-content\/uploads\/2021\/10\/cropped-logo_valkoisella_reunalla_300dpi-300x300.png 300w, https:\/\/www.trimach-drilltools.com\/wp-content\/uploads\/2021\/10\/cropped-logo_valkoisella_reunalla_300dpi-150x150.png 150w, https:\/\/www.trimach-drilltools.com\/wp-content\/uploads\/2021\/10\/cropped-logo_valkoisella_reunalla_300dpi-12x12.png 12w, https:\/\/www.trimach-drilltools.com\/wp-content\/uploads\/2021\/10\/cropped-logo_valkoisella_reunalla_300dpi-270x270.png 270w, https:\/\/www.trimach-drilltools.com\/wp-content\/uploads\/2021\/10\/cropped-logo_valkoisella_reunalla_300dpi-192x192.png 192w, https:\/\/www.trimach-drilltools.com\/wp-content\/uploads\/2021\/10\/cropped-logo_valkoisella_reunalla_300dpi-180x180.png 180w, https:\/\/www.trimach-drilltools.com\/wp-content\/uploads\/2021\/10\/cropped-logo_valkoisella_reunalla_300dpi-32x32.png 32w\" sizes=\"auto, (max-width: 512px) 100vw, 512px\" \/><\/figure><\/div>","protected":false},"excerpt":{"rendered":"<p>Drive Success with Our Horizontal DTH-Auger Drill Rods FAQ: Horizontal Auger DTH Drill Rods We have plenty of experience in choosing the right horizontal DTH drill rods for different projects. When it comes to drilling hard rock with horizontal DTH, our expertise and products are unbeatable. Don&#8217;t hesitate to contact Matias and ask for more&hellip;&nbsp;<a href=\"https:\/\/www.trimach-drilltools.com\/fi\/hz-dth-drilling\/horizontal-dth-drill-rods-auger\/\" rel=\"bookmark\">Read More &raquo;<span class=\"screen-reader-text\">Horizontal DTH- Auger Drill Rods<\/span><\/a><\/p>","protected":false},"author":1,"featured_media":0,"parent":1912,"menu_order":0,"comment_status":"closed","ping_status":"closed","template":"","meta":{"neve_meta_sidebar":"full-width","neve_meta_container":"","neve_meta_enable_content_width":"on","neve_meta_content_width":100,"neve_meta_title_alignment":"","neve_meta_author_avatar":"","neve_post_elements_order":"","neve_meta_disable_header":"","neve_meta_disable_footer":"","neve_meta_disable_title":"","neve_meta_reading_time":"","footnotes":""},"class_list":["post-2033","page","type-page","status-publish","hentry"],"_links":{"self":[{"href":"https:\/\/www.trimach-drilltools.com\/fi\/wp-json\/wp\/v2\/pages\/2033","targetHints":{"allow":["GET"]}}],"collection":[{"href":"https:\/\/www.trimach-drilltools.com\/fi\/wp-json\/wp\/v2\/pages"}],"about":[{"href":"https:\/\/www.trimach-drilltools.com\/fi\/wp-json\/wp\/v2\/types\/page"}],"author":[{"embeddable":true,"href":"https:\/\/www.trimach-drilltools.com\/fi\/wp-json\/wp\/v2\/users\/1"}],"replies":[{"embeddable":true,"href":"https:\/\/www.trimach-drilltools.com\/fi\/wp-json\/wp\/v2\/comments?post=2033"}],"version-history":[{"count":26,"href":"https:\/\/www.trimach-drilltools.com\/fi\/wp-json\/wp\/v2\/pages\/2033\/revisions"}],"predecessor-version":[{"id":2533,"href":"https:\/\/www.trimach-drilltools.com\/fi\/wp-json\/wp\/v2\/pages\/2033\/revisions\/2533"}],"up":[{"embeddable":true,"href":"https:\/\/www.trimach-drilltools.com\/fi\/wp-json\/wp\/v2\/pages\/1912"}],"wp:attachment":[{"href":"https:\/\/www.trimach-drilltools.com\/fi\/wp-json\/wp\/v2\/media?parent=2033"}],"curies":[{"name":"wp","href":"https:\/\/api.w.org\/{rel}","templated":true}]}}