{"id":1912,"date":"2024-07-23T09:13:55","date_gmt":"2024-07-23T06:13:55","guid":{"rendered":"https:\/\/www.trimach-drilltools.com\/?page_id=1912"},"modified":"2026-01-27T09:07:41","modified_gmt":"2026-01-27T07:07:41","slug":"hz-dth-drilling","status":"publish","type":"page","link":"https:\/\/www.trimach-drilltools.com\/fi\/hz-dth-drilling\/","title":{"rendered":"DTH-Vaakaporaus"},"content":{"rendered":"<div class=\"wp-block-cover alignfull\" style=\"min-height:300px;aspect-ratio:unset;\"><span aria-hidden=\"true\" class=\"wp-block-cover__background has-nv-site-bg-background-color has-background-dim-100 has-background-dim\"><\/span><div class=\"wp-block-cover__inner-container is-layout-flow wp-block-cover-is-layout-flow\">\n<div class=\"wp-block-group\"><div class=\"wp-block-group__inner-container is-layout-flow wp-block-group-is-layout-flow\">\n<h1 class=\"wp-block-heading has-text-align-left has-neve-text-color-color has-text-color\">HORIZONTAL DTH DRILLING <\/h1>\n<\/div><\/div>\n<\/div><\/div>\n\n\n\n<div class=\"wp-block-cover alignfull\" style=\"min-height:600px;aspect-ratio:unset;\"><span aria-hidden=\"true\" class=\"wp-block-cover__background has-nv-light-bg-background-color has-background-dim-100 has-background-dim\"><\/span><div class=\"wp-block-cover__inner-container is-layout-flow wp-block-cover-is-layout-flow\">\n<div class=\"wp-block-group\"><div class=\"wp-block-group__inner-container is-layout-flow wp-block-group-is-layout-flow\">\n<div style=\"height:80px\" aria-hidden=\"true\" class=\"wp-block-spacer\"><\/div>\n\n\n\n<div class=\"wp-block-columns are-vertically-aligned-center is-layout-flex wp-container-core-columns-is-layout-9d6595d7 wp-block-columns-is-layout-flex\">\n<div class=\"wp-block-column is-vertically-aligned-center is-layout-flow wp-block-column-is-layout-flow\" style=\"flex-basis:50%\"><div class=\"wp-block-image is-style-default\">\n<figure class=\"aligncenter size-large\"><img loading=\"lazy\" decoding=\"async\" width=\"1024\" height=\"984\" src=\"https:\/\/www.trimach-drilltools.com\/wp-content\/uploads\/2022\/04\/7C234AFE-4416-4FC6-BDA6-EC70920F747D_1_102_a-3-1024x984.jpeg\" alt=\"\" class=\"wp-image-1363\" srcset=\"https:\/\/www.trimach-drilltools.com\/wp-content\/uploads\/2022\/04\/7C234AFE-4416-4FC6-BDA6-EC70920F747D_1_102_a-3-1024x984.jpeg 1024w, https:\/\/www.trimach-drilltools.com\/wp-content\/uploads\/2022\/04\/7C234AFE-4416-4FC6-BDA6-EC70920F747D_1_102_a-3-300x288.jpeg 300w, https:\/\/www.trimach-drilltools.com\/wp-content\/uploads\/2022\/04\/7C234AFE-4416-4FC6-BDA6-EC70920F747D_1_102_a-3-768x738.jpeg 768w, https:\/\/www.trimach-drilltools.com\/wp-content\/uploads\/2022\/04\/7C234AFE-4416-4FC6-BDA6-EC70920F747D_1_102_a-3-12x12.jpeg 12w, https:\/\/www.trimach-drilltools.com\/wp-content\/uploads\/2022\/04\/7C234AFE-4416-4FC6-BDA6-EC70920F747D_1_102_a-3.jpeg 1356w\" sizes=\"auto, (max-width: 1024px) 100vw, 1024px\" \/><\/figure><\/div>\n\n\n<h3 class=\"wp-block-heading has-text-align-center has-neve-text-color-color has-text-color\">Rengaster\u00e4t - Vaakaporaus<\/h3>\n\n\n\n<p class=\"has-text-align-center has-neve-text-color-color has-text-color\">Vaakaporaustuotteemme painottavat pilotin ylivertaista k\u00e4ytt\u00f6ik\u00e4\u00e4 sek\u00e4 maksimaalista luotettavuutta. Suunniteltu ja valmistettu Suomessa!<\/p>\n\n\n\n<div class=\"wp-block-buttons is-horizontal is-content-justification-center is-layout-flex wp-container-core-buttons-is-layout-499968f5 wp-block-buttons-is-layout-flex\">\n<div class=\"wp-block-button is-style-primary\"><a class=\"wp-block-button__link wp-element-button\" href=\"https:\/\/www.trimach-drilltools.com\/fi\/horizontal-drillbits\/\">KATSO LIS\u00c4\u00c4<\/a><\/div>\n<\/div>\n\n\n\n<div style=\"height:40px\" aria-hidden=\"true\" class=\"wp-block-spacer\"><\/div>\n<\/div>\n\n\n\n<div class=\"wp-block-column is-vertically-aligned-center is-layout-flow wp-block-column-is-layout-flow\" style=\"flex-basis:50%\"><div class=\"wp-block-image is-style-default\">\n<figure class=\"aligncenter size-large is-resized\"><img loading=\"lazy\" decoding=\"async\" width=\"1423\" height=\"1424\" src=\"https:\/\/www.trimach-drilltools.com\/wp-content\/uploads\/2024\/07\/IMG_7874-1-edited.jpg\" alt=\"\" class=\"wp-image-1916\" style=\"aspect-ratio:0.9185059422750425;width:488px;height:auto\" srcset=\"https:\/\/www.trimach-drilltools.com\/wp-content\/uploads\/2024\/07\/IMG_7874-1-edited.jpg 1423w, https:\/\/www.trimach-drilltools.com\/wp-content\/uploads\/2024\/07\/IMG_7874-1-edited-300x300.jpg 300w, https:\/\/www.trimach-drilltools.com\/wp-content\/uploads\/2024\/07\/IMG_7874-1-edited-1024x1024.jpg 1024w, https:\/\/www.trimach-drilltools.com\/wp-content\/uploads\/2024\/07\/IMG_7874-1-edited-150x150.jpg 150w, https:\/\/www.trimach-drilltools.com\/wp-content\/uploads\/2024\/07\/IMG_7874-1-edited-768x769.jpg 768w, https:\/\/www.trimach-drilltools.com\/wp-content\/uploads\/2024\/07\/IMG_7874-1-edited-12x12.jpg 12w\" sizes=\"auto, (max-width: 1423px) 100vw, 1423px\" \/><\/figure><\/div>\n\n\n<h3 class=\"wp-block-heading has-text-align-center has-neve-text-color-color has-text-color\">Vaakaporaukseen optimoidut DTH-vasarat<\/h3>\n\n\n\n<p class=\"has-text-align-center has-neve-text-color-color has-text-color\">Tehokas porausnopeus, pieni ilmakulutus, kest\u00e4vyys ja pitk\u00e4 k\u00e4ytt\u00f6ik\u00e4. Katso lis\u00e4\u00e4 informaatiota vaakavasaroistamme! <\/p>\n\n\n\n<div class=\"wp-block-buttons is-horizontal is-content-justification-center is-layout-flex wp-container-core-buttons-is-layout-499968f5 wp-block-buttons-is-layout-flex\">\n<div class=\"wp-block-button is-style-primary\"><a class=\"wp-block-button__link wp-element-button\" href=\"https:\/\/www.trimach-drilltools.com\/fi\/dthdrillingtools\/hz-hammers\/\">KATSO LIS\u00c4\u00c4<\/a><\/div>\n<\/div>\n\n\n\n<div style=\"height:40px\" aria-hidden=\"true\" class=\"wp-block-spacer\"><\/div>\n<\/div>\n<\/div>\n\n\n\n<div style=\"height:40px\" aria-hidden=\"true\" class=\"wp-block-spacer\"><\/div>\n<\/div><\/div>\n<\/div><\/div>\n\n\n\n<div class=\"nv-cv-m wp-block-cover alignfull\" style=\"min-height:600px;aspect-ratio:unset;\"><span aria-hidden=\"true\" class=\"wp-block-cover__background has-nv-site-bg-background-color has-background-dim-100 has-background-dim\"><\/span><div class=\"wp-block-cover__inner-container is-layout-flow wp-block-cover-is-layout-flow\">\n<div class=\"wp-block-group\"><div class=\"wp-block-group__inner-container is-layout-flow wp-block-group-is-layout-flow\">\n<div style=\"height:80px\" aria-hidden=\"true\" class=\"wp-block-spacer\"><\/div>\n\n\n\n<div class=\"wp-block-columns are-vertically-aligned-center is-layout-flex wp-container-core-columns-is-layout-9d6595d7 wp-block-columns-is-layout-flex\">\n<div class=\"wp-block-column is-vertically-aligned-center is-layout-flow wp-block-column-is-layout-flow\" style=\"flex-basis:50%\"><div class=\"wp-block-image is-style-default\">\n<figure class=\"aligncenter size-large\"><img loading=\"lazy\" decoding=\"async\" width=\"1200\" height=\"1200\" src=\"https:\/\/www.trimach-drilltools.com\/wp-content\/uploads\/2024\/08\/PICT1491-1-edited.jpg\" alt=\"\" class=\"wp-image-2060\" srcset=\"https:\/\/www.trimach-drilltools.com\/wp-content\/uploads\/2024\/08\/PICT1491-1-edited.jpg 1200w, https:\/\/www.trimach-drilltools.com\/wp-content\/uploads\/2024\/08\/PICT1491-1-edited-300x300.jpg 300w, https:\/\/www.trimach-drilltools.com\/wp-content\/uploads\/2024\/08\/PICT1491-1-edited-1024x1024.jpg 1024w, https:\/\/www.trimach-drilltools.com\/wp-content\/uploads\/2024\/08\/PICT1491-1-edited-150x150.jpg 150w, https:\/\/www.trimach-drilltools.com\/wp-content\/uploads\/2024\/08\/PICT1491-1-edited-768x768.jpg 768w, https:\/\/www.trimach-drilltools.com\/wp-content\/uploads\/2024\/08\/PICT1491-1-edited-12x12.jpg 12w\" sizes=\"auto, (max-width: 1200px) 100vw, 1200px\" \/><\/figure><\/div>\n\n\n<h3 class=\"wp-block-heading has-text-align-center has-neve-text-color-color has-text-color\">VAAKAPORAUSKANGET (AUGER)<\/h3>\n\n\n\n<p class=\"has-text-align-center has-neve-text-color-color has-text-color\">Auger-vaakaporauskanget, joihin on suunniteltu maksimaalinen k\u00e4ytt\u00f6ik\u00e4 ja luotettavuus. Suunniteltu ja valmistettu Suomessa!<\/p>\n\n\n\n<div class=\"wp-block-buttons is-horizontal is-content-justification-center is-layout-flex wp-container-core-buttons-is-layout-499968f5 wp-block-buttons-is-layout-flex\">\n<div class=\"wp-block-button is-style-primary\"><a class=\"wp-block-button__link wp-element-button\" href=\"https:\/\/www.trimach-drilltools.com\/fi\/dthdrillingtools\/horizontal-dth-drill-rods-auger\/\">KATSO LIS\u00c4\u00c4<\/a><\/div>\n<\/div>\n\n\n\n<div style=\"height:40px\" aria-hidden=\"true\" class=\"wp-block-spacer\"><\/div>\n<\/div>\n\n\n\n<div class=\"wp-block-column is-vertically-aligned-center is-layout-flow wp-block-column-is-layout-flow\" style=\"flex-basis:50%\"><div class=\"wp-block-image is-style-default\">\n<figure class=\"aligncenter size-large is-resized\"><img loading=\"lazy\" decoding=\"async\" width=\"1069\" height=\"1068\" src=\"https:\/\/www.trimach-drilltools.com\/wp-content\/uploads\/2024\/08\/1X1C0519_some-edited.jpg\" alt=\"\" class=\"wp-image-2059\" style=\"aspect-ratio:0.9185059422750425;width:488px;height:auto\" srcset=\"https:\/\/www.trimach-drilltools.com\/wp-content\/uploads\/2024\/08\/1X1C0519_some-edited.jpg 1069w, https:\/\/www.trimach-drilltools.com\/wp-content\/uploads\/2024\/08\/1X1C0519_some-edited-300x300.jpg 300w, https:\/\/www.trimach-drilltools.com\/wp-content\/uploads\/2024\/08\/1X1C0519_some-edited-1024x1024.jpg 1024w, https:\/\/www.trimach-drilltools.com\/wp-content\/uploads\/2024\/08\/1X1C0519_some-edited-150x150.jpg 150w, https:\/\/www.trimach-drilltools.com\/wp-content\/uploads\/2024\/08\/1X1C0519_some-edited-768x767.jpg 768w, https:\/\/www.trimach-drilltools.com\/wp-content\/uploads\/2024\/08\/1X1C0519_some-edited-12x12.jpg 12w\" sizes=\"auto, (max-width: 1069px) 100vw, 1069px\" \/><\/figure><\/div>\n\n\n<h3 class=\"wp-block-heading has-text-align-center has-neve-text-color-color has-text-color\">BarMate - DTH paineilmaletku<\/h3>\n\n\n\n<p class=\"has-text-align-center has-neve-text-color-color has-text-color\">Vahva kaksikerroksinen paineilmaletku uppoporauksen kompressoreille. Standardiliittimet. Paras mahdollinen kest\u00e4vyys ja laatu. Katso lis\u00e4\u00e4!<\/p>\n\n\n\n<div class=\"wp-block-buttons is-horizontal is-content-justification-center is-layout-flex wp-container-core-buttons-is-layout-499968f5 wp-block-buttons-is-layout-flex\">\n<div class=\"wp-block-button is-style-primary\"><a class=\"wp-block-button__link wp-element-button\" href=\"https:\/\/www.trimach-drilltools.com\/fi\/dthdrillingtools\/barmate\/\">KATSO LIS\u00c4\u00c4<\/a><\/div>\n<\/div>\n\n\n\n<div style=\"height:40px\" aria-hidden=\"true\" class=\"wp-block-spacer\"><\/div>\n<\/div>\n<\/div>\n\n\n\n<div style=\"height:40px\" aria-hidden=\"true\" class=\"wp-block-spacer\"><\/div>\n<\/div><\/div>\n<\/div><\/div>\n\n\n<div class=\"wp-block-image\">\n<figure class=\"aligncenter size-full is-resized\"><img loading=\"lazy\" decoding=\"async\" width=\"710\" height=\"710\" src=\"https:\/\/www.trimach-drilltools.com\/wp-content\/uploads\/2024\/05\/Tri-Mach-logo.png\" alt=\"\" class=\"wp-image-1684\" style=\"width:422px;height:auto\" srcset=\"https:\/\/www.trimach-drilltools.com\/wp-content\/uploads\/2024\/05\/Tri-Mach-logo.png 710w, https:\/\/www.trimach-drilltools.com\/wp-content\/uploads\/2024\/05\/Tri-Mach-logo-300x300.png 300w, https:\/\/www.trimach-drilltools.com\/wp-content\/uploads\/2024\/05\/Tri-Mach-logo-150x150.png 150w, https:\/\/www.trimach-drilltools.com\/wp-content\/uploads\/2024\/05\/Tri-Mach-logo-12x12.png 12w\" sizes=\"auto, (max-width: 710px) 100vw, 710px\" \/><\/figure><\/div>\n\n\n<div class=\"nv-cv-d nv-cv-m wp-block-cover alignfull\" style=\"min-height:300px;aspect-ratio:unset;\"><span aria-hidden=\"true\" class=\"wp-block-cover__background has-nv-light-bg-background-color has-background-dim-100 has-background-dim\"><\/span><div class=\"wp-block-cover__inner-container is-layout-flow wp-block-cover-is-layout-flow\">\n<div style=\"height:80px\" aria-hidden=\"true\" class=\"wp-block-spacer\"><\/div>\n\n\n\n<div style=\"height:80px\" aria-hidden=\"true\" class=\"wp-block-spacer\"><\/div>\n<\/div><\/div>","protected":false},"excerpt":{"rendered":"","protected":false},"author":1,"featured_media":0,"parent":0,"menu_order":0,"comment_status":"closed","ping_status":"closed","template":"","meta":{"neve_meta_sidebar":"full-width","neve_meta_container":"","neve_meta_enable_content_width":"on","neve_meta_content_width":100,"neve_meta_title_alignment":"","neve_meta_author_avatar":"","neve_post_elements_order":"","neve_meta_disable_header":"","neve_meta_disable_footer":"","neve_meta_disable_title":"on","neve_meta_reading_time":"","footnotes":""},"class_list":["post-1912","page","type-page","status-publish","hentry"],"_links":{"self":[{"href":"https:\/\/www.trimach-drilltools.com\/fi\/wp-json\/wp\/v2\/pages\/1912","targetHints":{"allow":["GET"]}}],"collection":[{"href":"https:\/\/www.trimach-drilltools.com\/fi\/wp-json\/wp\/v2\/pages"}],"about":[{"href":"https:\/\/www.trimach-drilltools.com\/fi\/wp-json\/wp\/v2\/types\/page"}],"author":[{"embeddable":true,"href":"https:\/\/www.trimach-drilltools.com\/fi\/wp-json\/wp\/v2\/users\/1"}],"replies":[{"embeddable":true,"href":"https:\/\/www.trimach-drilltools.com\/fi\/wp-json\/wp\/v2\/comments?post=1912"}],"version-history":[{"count":11,"href":"https:\/\/www.trimach-drilltools.com\/fi\/wp-json\/wp\/v2\/pages\/1912\/revisions"}],"predecessor-version":[{"id":3235,"href":"https:\/\/www.trimach-drilltools.com\/fi\/wp-json\/wp\/v2\/pages\/1912\/revisions\/3235"}],"wp:attachment":[{"href":"https:\/\/www.trimach-drilltools.com\/fi\/wp-json\/wp\/v2\/media?parent=1912"}],"curies":[{"name":"wp","href":"https:\/\/api.w.org\/{rel}","templated":true}]}}