{"id":1852,"date":"2024-07-22T12:18:37","date_gmt":"2024-07-22T09:18:37","guid":{"rendered":"https:\/\/www.trimach-drilltools.com\/?page_id=1852"},"modified":"2026-01-27T09:08:49","modified_gmt":"2026-01-27T07:08:49","slug":"hz-hammers","status":"publish","type":"page","link":"https:\/\/www.trimach-drilltools.com\/fi\/hz-dth-drilling\/hz-hammers\/","title":{"rendered":"Uppovasarat, vaakaporaus"},"content":{"rendered":"<div class=\"wp-block-buttons is-layout-flex wp-block-buttons-is-layout-flex\">\n<div class=\"wp-block-button\"><a class=\"wp-block-button__link has-neve-link-color-color has-neve-link-hover-color-background-color has-text-color has-background has-link-color wp-element-button\" href=\"tel:+358405892446\">SOITA MEILLE<\/a><\/div>\n\n\n\n<div class=\"wp-block-button\"><a class=\"wp-block-button__link has-neve-link-color-color has-neve-link-hover-color-background-color has-text-color has-background has-link-color wp-element-button\" href=\"mailto:matias.niemelainen@trimach.fi\">LAITA S\u00c4HK\u00d6POSTIA<\/a><\/div>\n<\/div>\n\n\n\n<p><\/p>\n\n\n\n<div class=\"wp-block-buttons is-layout-flex wp-block-buttons-is-layout-flex\">\n<div class=\"wp-block-button is-style-primary\"><a class=\"wp-block-button__link wp-element-button\" href=\"https:\/\/www.trimach-drilltools.com\/wp-content\/uploads\/2025\/03\/2025-TRIMACH-HZ-ProductCatalog.pdf\" target=\"_blank\" rel=\"noreferrer noopener\">KATALOGI: VAAKAVASARAT<\/a><\/div>\n\n\n\n<div class=\"wp-block-button is-style-primary\"><a class=\"wp-block-button__link wp-element-button\" href=\"https:\/\/www.trimach-drilltools.com\/wp-content\/uploads\/2025\/03\/tri-mach-dth-product-catalog-2025-v3.pdf\" target=\"_blank\" rel=\"noreferrer noopener\">KATALOGI: DTH-UPPOVASARAT<\/a><\/div>\n<\/div>\n\n\n\n<p><\/p>\n\n\n\n<div class=\"nv-cv-m wp-block-cover alignfull\" style=\"min-height:1726px;aspect-ratio:unset;\"><span aria-hidden=\"true\" class=\"wp-block-cover__background has-nv-site-bg-background-color has-background-dim-100 has-background-dim\"><\/span><div class=\"wp-block-cover__inner-container is-layout-flow wp-block-cover-is-layout-flow\">\n<div class=\"wp-block-group\"><div class=\"wp-block-group__inner-container is-layout-flow wp-block-group-is-layout-flow\">\n<div class=\"wp-block-columns are-vertically-aligned-center is-layout-flex wp-container-core-columns-is-layout-9d6595d7 wp-block-columns-is-layout-flex\">\n<div class=\"wp-block-column is-vertically-aligned-center is-layout-flow wp-block-column-is-layout-flow\" style=\"flex-basis:70%\">\n<p class=\"has-neve-link-color-color has-text-color has-link-color wp-elements-2eb9df0fd7ba7cacd8805ae5744eb988\" style=\"font-size:22px\"><strong>Koe vaakaporausvasaroidemme vertaansa vailla oleva kest\u00e4vyys, tehokkuus ja luotettavuus. N\u00e4m\u00e4 uppovasarat on suunniteltu kovaan kallioporaukseen yhteisty\u00f6ss\u00e4 alan johtavien toimijoiden kanssa, jotta ne selvi\u00e4v\u00e4t vaativimmistakin poraushaasteista.<\/strong><\/p>\n\n\n<div class=\"wp-block-image\">\n<figure class=\"aligncenter size-large\"><img loading=\"lazy\" decoding=\"async\" width=\"1024\" height=\"422\" src=\"https:\/\/www.trimach-drilltools.com\/wp-content\/uploads\/2024\/07\/IMG_7874-1024x422.jpg\" alt=\"\" class=\"wp-image-1864\" srcset=\"https:\/\/www.trimach-drilltools.com\/wp-content\/uploads\/2024\/07\/IMG_7874-1024x422.jpg 1024w, https:\/\/www.trimach-drilltools.com\/wp-content\/uploads\/2024\/07\/IMG_7874-300x124.jpg 300w, https:\/\/www.trimach-drilltools.com\/wp-content\/uploads\/2024\/07\/IMG_7874-768x317.jpg 768w, https:\/\/www.trimach-drilltools.com\/wp-content\/uploads\/2024\/07\/IMG_7874-1536x634.jpg 1536w, https:\/\/www.trimach-drilltools.com\/wp-content\/uploads\/2024\/07\/IMG_7874-2048x845.jpg 2048w, https:\/\/www.trimach-drilltools.com\/wp-content\/uploads\/2024\/07\/IMG_7874-18x7.jpg 18w\" sizes=\"auto, (max-width: 1024px) 100vw, 1024px\" \/><\/figure><\/div>\n\n\n<p><\/p>\n\n\n\n<p class=\"has-neve-link-color-color has-text-color has-link-color wp-elements-95eaa5b80a8670e7328c2eb6006b04ac\" style=\"font-size:22px\">Kest\u00e4vyys, porausnopeus ja ilman kulutus ovat kriittisi\u00e4 parametreja vaakaporaamisessa. Yhteisty\u00f6ss\u00e4 MAXA ROCKDRILLS Ltd:n\nkanssa Tri-Mach tarjoaa asiakkailleen poikkeuksellisen uppovasaran, joka on suunniteltu vastaamaan vaativimpia porausvaatimuksia kovassa kallioper\u00e4ss\u00e4.<\/p>\n\n\n\n<h3 class=\"wp-block-heading has-neve-link-color-color has-text-color has-link-color wp-elements-f82e96d522b40d8d2e63a39bff7dcf16\">Vahva suorituskyky ja kest\u00e4vyys<\/h3>\n\n\n\n<p class=\"has-neve-link-color-color has-text-color has-link-color wp-elements-a61301f09b56d89153b264e75c93dc97\" style=\"font-size:22px\">Vaakavasaramme on suunniteltu raskaalle m\u00e4nn\u00e4lle, mik\u00e4 varmistaa vahvan suorituskyvyn ja entist\u00e4 paremman kest\u00e4vyyden. Suunnittelu optimoi ilmankulutuksen, tehden vasaroistamme paitsi voimakkaita my\u00f6s energiatehokkaita. N\u00e4m\u00e4 ominaisuudet pident\u00e4v\u00e4t merkitt\u00e4v\u00e4sti tuotteen k\u00e4ytt\u00f6ik\u00e4\u00e4, mik\u00e4 tarkoittaa alhaisempia huoltokustannuksia ja korkeampaa tuottavuutta asiakkaillemme.<\/p>\n\n\n\n<h3 class=\"wp-block-heading has-neve-link-color-color has-text-color has-link-color wp-elements-ea2f3dbdaac3c58b7424379d0710c0f0\">Todistetusti pitk\u00e4ik\u00e4isi\u00e4 ja luotettavia ratkaisuja<\/h3>\n\n\n\n<p class=\"has-neve-link-color-color has-text-color has-link-color wp-elements-277a0f9579f08e9da8395c258c0ffa7f\" style=\"font-size:22px\">Olemme ylpeit\u00e4 tuotteidemme pitk\u00e4ik\u00e4isyydest\u00e4 ja luotettavuudesta. Useat asiakkaamme ovat k\u00e4ytt\u00e4neet samoja vaakaporauksen uppovasaroita jo yli vuosikymmenen ajan, ja n\u00e4m\u00e4 ty\u00f6kalut tarjoavat yh\u00e4 erinomaista suorituskyky\u00e4. T\u00e4m\u00e4 jos jokin kertoo niiden kest\u00e4vyydest\u00e4 ja erinomaisesta rakenteellisesta laadusta.<\/p>\n\n\n\n\n\n<h3 class=\"wp-block-heading has-neve-link-color-color has-text-color has-link-color wp-elements-bd0d2d30a9a237a0a07b253161efd4e8\">Vaakaporausvasaramme ovat ihanteellisia vaikeisiin porausolosuhteisiin<\/h3>\n\n\n\n<p class=\"has-neve-link-color-color has-text-color has-link-color wp-elements-b5698550c8d61be4d80140cd028c35f4\" style=\"font-size:22px\">Olitpa sitten poraamassa kovimmissa kalliomuodostumissa tai pyrkim\u00e4ss\u00e4 parantamaan operatiivista tehokkuutta, Tri-Machin uppovasarat, jotka on kehitetty yhteisty\u00f6ss\u00e4 MAXA ROCKDRILLS Ltd:n\nkanssa, ovat erinomainen valinta. Sitoutumisemme laatuun ja innovaatioihin takaa sen, ett\u00e4 saat tuotteen, joka kest\u00e4\u00e4 aikaa ja k\u00e4ytt\u00f6\u00e4. Yhteensopivuus vaakaporausteriemme kanssa parantaa entisest\u00e4\u00e4n vasaroidemme soveltuvuutta kaikenlaisiin porausolosuhteisiin.<\/p>\n\n\n\n<figure class=\"wp-block-image size-large\"><img loading=\"lazy\" decoding=\"async\" width=\"1024\" height=\"684\" src=\"https:\/\/www.trimach-drilltools.com\/wp-content\/uploads\/2024\/08\/HZ-120-1-1024x684.jpg\" alt=\"\" class=\"wp-image-2015\" srcset=\"https:\/\/www.trimach-drilltools.com\/wp-content\/uploads\/2024\/08\/HZ-120-1-1024x684.jpg 1024w, https:\/\/www.trimach-drilltools.com\/wp-content\/uploads\/2024\/08\/HZ-120-1-300x200.jpg 300w, https:\/\/www.trimach-drilltools.com\/wp-content\/uploads\/2024\/08\/HZ-120-1-768x513.jpg 768w, https:\/\/www.trimach-drilltools.com\/wp-content\/uploads\/2024\/08\/HZ-120-1-1536x1025.jpg 1536w, https:\/\/www.trimach-drilltools.com\/wp-content\/uploads\/2024\/08\/HZ-120-1-18x12.jpg 18w, https:\/\/www.trimach-drilltools.com\/wp-content\/uploads\/2024\/08\/HZ-120-1-930x620.jpg 930w, https:\/\/www.trimach-drilltools.com\/wp-content\/uploads\/2024\/08\/HZ-120-1.jpg 1600w\" sizes=\"auto, (max-width: 1024px) 100vw, 1024px\" \/><\/figure>\n\n\n\n<p><\/p>\n\n\n\n<h3 class=\"wp-block-heading has-neve-link-color-color has-text-color has-link-color wp-elements-942bc38aac6df3f42c0befea372f4163\">Miksi valita meid\u00e4n vaakaporausvasaramme?<\/h3>\n\n\n\n<p class=\"has-neve-link-color-color has-text-color has-link-color wp-elements-3485d3393eaf473e837ace3113ddf3c0\" style=\"font-size:22px\">1. <strong>Erinomainen kest\u00e4vyys:<\/strong> Tri-Machin uppovasarat on rakennettu kest\u00e4m\u00e4\u00e4n vaativimmatkin olosuhteet. N\u00e4in varmistetaan pitk\u00e4 k\u00e4ytt\u00f6ik\u00e4 sek\u00e4 v\u00e4hennet\u00e4\u00e4n tarvetta korvata tuote heti uudelleen toisella.<\/p>\n\n\n\n<p class=\"has-neve-link-color-color has-text-color has-link-color wp-elements-7b230318aaac8b4f6f9714e088336318\" style=\"font-size:22px\">2. <strong>Parannettu tehokkuus: <\/strong>Optimoidun ilmankulutuksen ja raskaan m\u00e4nn\u00e4n ansiosta vasaramme tarjoavat voimakasta suorituskyky\u00e4 samalla kun ne s\u00e4ilytt\u00e4v\u00e4t energiatehokkuuden, mik\u00e4 s\u00e4\u00e4st\u00e4\u00e4 k\u00e4ytt\u00f6kustannuksia.<\/p>\n\n\n\n<p class=\"has-neve-link-color-color has-text-color has-link-color wp-elements-f8620a4103f9927b1e765b03074c6444\" style=\"font-size:22px\">3. <strong>Todistetusti luotettavia:<\/strong> Monet asiakkaamme ovat k\u00e4ytt\u00e4neet uppovasaroitamme menestyksekk\u00e4\u00e4sti yli kymmenen vuoden ajan, mik\u00e4 osoittaa tuotteidemme luotettavuuden ja kest\u00e4vyyden. Oletko kyll\u00e4stynyt k\u00e4ytt\u00e4m\u00e4\u00e4n rahaa varaosiin? Sujuvuus on t\u00e4rke\u00e4\u00e4 onnistuneelle projektille. Miksi et siis alkaisi k\u00e4ytt\u00e4\u00e4 vasaraa, joka harvoin tarvitsee varaosia tai aiheuttaa ylim\u00e4\u00e4r\u00e4isi\u00e4 seisakkeja?<\/p>\n\n\n\n<p class=\"has-neve-link-color-color has-text-color has-link-color wp-elements-1d4ad3a1331927480fd34e6ebb4b7357\" style=\"font-size:22px\">4. <strong>Asiantuntijayhteysty\u00f6:<\/strong> Yhteisty\u00f6 MAXA ROCKDRILLS Ltd:n\nkanssa mahdollistaa kehittyneen teknologian ja asiantuntemuksen hy\u00f6dynt\u00e4misen vasaroissamme. N\u00e4in kykenemme tarjoamaan sinulle huipputason ratkaisuja kallioporaamisen tarpeisiin.<\/p>\n\n\n\n<div class=\"wp-block-buttons is-layout-flex wp-block-buttons-is-layout-flex\">\n<div class=\"wp-block-button\"><a class=\"wp-block-button__link has-neve-link-color-color has-neve-link-hover-color-background-color has-text-color has-background has-link-color wp-element-button\" href=\"https:\/\/www.trimach-drilltools.com\/fi\/projects\/\" target=\"_blank\" rel=\"noreferrer noopener\">REFERENSSIT<\/a><\/div>\n<\/div>\n\n\n\n<p><\/p>\n\n\n\n<h3 class=\"wp-block-heading has-neve-link-color-color has-text-color has-link-color wp-elements-a4f8e0bd6c4bfbd26184035a1a91412e\">Ota yhteytt\u00e4 ja kysy lis\u00e4\u00e4<\/h3>\n\n\n\n<p class=\"has-neve-link-color-color has-text-color has-link-color wp-elements-818dc307e2948231bbe5b526d348e482\" style=\"font-size:22px\">Oletko valmis kokemaan DTH-vaakaporausvasaroidemme ja vaakaporausteriemme ylivoimaisen suorituskyvyn ja luotettavuuden? <a href=\"https:\/\/www.trimach-drilltools.com\/fi\/contact-us\/\" target=\"_blank\" rel=\"noreferrer noopener\">Ota meihin yhteytt\u00e4<\/a> kysy\u00e4ksesi lis\u00e4tietoja tuotteistamme, pyyt\u00e4\u00e4ksesi tarjouksen tai keskustellaksesi erityistarpeistasi projektiisi liittyen. Asiantuntijamme ovat aina valmiina tarjoamaan sinulle parhaita ratkaisuja ja tukea projekteihisi. Keskustellaan siit\u00e4, kuinka Tri-Mach voi parantaa porausoperaatioitasi!<\/p>\n\n\n\n<div class=\"wp-block-buttons is-layout-flex wp-block-buttons-is-layout-flex\">\n<div class=\"wp-block-button\"><a class=\"wp-block-button__link has-neve-link-color-color has-neve-link-hover-color-background-color has-text-color has-background has-link-color wp-element-button\" href=\"#faq\">FAQ-OSIOON<\/a><\/div>\n<\/div>\n<\/div>\n\n\n\n<div class=\"wp-block-column is-vertically-aligned-center is-layout-flow wp-block-column-is-layout-flow\" style=\"flex-basis:30%\"><div class=\"wp-block-image\">\n<figure class=\"aligncenter size-large is-resized\"><img loading=\"lazy\" decoding=\"async\" width=\"710\" height=\"709\" src=\"https:\/\/www.trimach-drilltools.com\/wp-content\/uploads\/2021\/07\/Tri-Mach-logo.png\" alt=\"\" class=\"wp-image-701\" style=\"width:220px;height:219px\" srcset=\"https:\/\/www.trimach-drilltools.com\/wp-content\/uploads\/2021\/07\/Tri-Mach-logo.png 710w, https:\/\/www.trimach-drilltools.com\/wp-content\/uploads\/2021\/07\/Tri-Mach-logo-300x300.png 300w, https:\/\/www.trimach-drilltools.com\/wp-content\/uploads\/2021\/07\/Tri-Mach-logo-150x150.png 150w\" sizes=\"auto, (max-width: 710px) 100vw, 710px\" \/><\/figure><\/div><\/div>\n<\/div>\n<\/div><\/div>\n\n\n\n<p><\/p>\n<\/div><\/div>\n\n\n\n<div class=\"nv-cv-m wp-block-cover alignfull\" style=\"min-height:600px;aspect-ratio:unset;\"><span aria-hidden=\"true\" class=\"wp-block-cover__background has-nv-light-bg-background-color has-background-dim-100 has-background-dim\"><\/span><div class=\"wp-block-cover__inner-container is-layout-flow wp-block-cover-is-layout-flow\">\n<div class=\"wp-block-group\"><div class=\"wp-block-group__inner-container is-layout-flow wp-block-group-is-layout-flow\">\n<div style=\"height:80px\" aria-hidden=\"true\" class=\"wp-block-spacer\"><\/div>\n\n\n\n<div class=\"wp-block-columns is-layout-flex wp-container-core-columns-is-layout-9d6595d7 wp-block-columns-is-layout-flex\">\n<div class=\"wp-block-column is-layout-flow wp-block-column-is-layout-flow\" style=\"flex-basis:66.79%\">\n<figure class=\"wp-block-image size-large\"><img loading=\"lazy\" decoding=\"async\" width=\"631\" height=\"1024\" src=\"https:\/\/www.trimach-drilltools.com\/wp-content\/uploads\/2022\/07\/MK-180-631x1024.jpg\" alt=\"\" class=\"wp-image-1380\" srcset=\"https:\/\/www.trimach-drilltools.com\/wp-content\/uploads\/2022\/07\/MK-180-631x1024.jpg 631w, https:\/\/www.trimach-drilltools.com\/wp-content\/uploads\/2022\/07\/MK-180-185x300.jpg 185w, https:\/\/www.trimach-drilltools.com\/wp-content\/uploads\/2022\/07\/MK-180-7x12.jpg 7w, https:\/\/www.trimach-drilltools.com\/wp-content\/uploads\/2022\/07\/MK-180.jpg 733w\" sizes=\"auto, (max-width: 631px) 100vw, 631px\" \/><\/figure>\n<\/div>\n\n\n\n<div class=\"wp-block-column is-vertically-aligned-center is-layout-flow wp-block-column-is-layout-flow\" style=\"flex-basis:34%\">\n<h4 class=\"wp-block-heading has-text-align-left has-neve-text-color-color has-text-color\" style=\"font-size:22px\">Lis\u00e4tietoa DTH-uppovasaroistamme<\/h4>\n\n\n\n<p class=\"has-text-align-left has-neve-text-color-color has-text-color\" style=\"font-size:18px\">Vaakaporausvasarat kokoluokissa 4\" - 36\" <\/p>\n\n\n\n<p class=\"has-nv-dark-bg-color has-text-color\" style=\"font-size:18px\">Vaakaporausvasaroita toimitetaan seuraavilla vaihtoehdoilla:<\/p>\n\n\n\n<ul style=\"font-size:18px\" class=\"wp-block-list has-neve-link-color-color has-text-color\">\n<li>Yleisimm\u00e4t karat saatavilla<\/li>\n\n\n\n<li>Backhead on mahdollista kustomoida toiveiden mukaisesti (esim. API \/ HEX \/ Beco) liittimill\u00e4<\/li>\n\n\n\n<li>Kustomoidut Adapterit<\/li>\n<\/ul>\n\n\n\n<p><\/p>\n\n\n\n<p class=\"has-neve-link-color-color has-text-color\" style=\"font-size:18px\">Prioriteettimme on nopea ja kustannustehokas varaosatoimitus.<\/p>\n\n\n\n<p><\/p>\n\n\n\n<hr class=\"wp-block-separator has-css-opacity is-style-wide\"\/>\n<\/div>\n<\/div>\n<\/div><\/div>\n<\/div><\/div>\n\n\n\n<h2 class=\"wp-block-heading\" id=\"faq\">FAQ: HZ-Hammers (DTH)<\/h2>\n\n\n\n<ul class=\"nv-cv-d nv-cv-m wp-block-list\">\n<li><strong>Mit\u00e4 \"DTH\" tarkoittaa?<\/strong>\n<ul class=\"wp-block-list\">\n<li><em>DTH on lyhenne sanoista Down-The-Hole. Sill\u00e4 viitataan uppovasaran sijaintiin porakankien alap\u00e4\u00e4ss\u00e4.<\/em><\/li>\n<\/ul>\n<\/li>\n<\/ul>\n\n\n\n<ul class=\"nv-cv-d nv-cv-m wp-block-list\">\n<li><strong>Mik\u00e4 on DTH-Vasara?<\/strong><ul><li><em>DTH-Vasara on paineilmak\u00e4ytt\u00f6inen vasara, joka sijaitsee porakankien alap\u00e4\u00e4ss\u00e4, heti pilotin \/ kruunun yl\u00e4puolella. DTH-Vasara tuottaa porauksen vaatiman iskuenergian. DTH-Vasarasta k\u00e4ytet\u00e4\u00e4n my\u00f6s nime\u00e4 uppovasara.<\/em><\/li><\/ul>\n<ul class=\"wp-block-list\">\n<li><em>Iskuenergia siirtyy tehokkaasti porattavaan materiaaliin (esim. kiveen), sill\u00e4 isku tapahtuu porakankien alap\u00e4\u00e4ss\u00e4. T\u00e4ll\u00f6in iskuenergia ei h\u00e4vi\u00e4 kankiin. P\u00e4\u00e4lt\u00e4ly\u00f6v\u00e4ss\u00e4 vasarassa (Top Hammer), iskuenergiaa h\u00e4vi\u00e4\u00e4 kankiletkan matkalla oleellisesti.<\/em><\/li>\n<\/ul>\n<\/li>\n<\/ul>\n\n\n\n<ul class=\"nv-cv-d nv-cv-m wp-block-list\">\n<li><strong>Mitk\u00e4 tekij\u00e4t vaikuttavat DTH-Vasaran suorituskykyyn?<\/strong>\n<ul class=\"wp-block-list\">\n<li><em>Vasaran m\u00e4nn\u00e4n paino<\/em><\/li>\n\n\n\n<li><em>Vasaran iskupituus<\/em><\/li>\n\n\n\n<li><em>Vasaran kokonaispaino<\/em><\/li>\n\n\n\n<li><em>Ilmankulutus (usein mitataan esim. m3\/min)<\/em><\/li>\n\n\n\n<li><em>Kaikki yll\u00e4 olevat ominaisuudet vaikuttavat poraustapahtuman kokonaiskustannuksiin sek\u00e4 ymp\u00e4rist\u00f6vaikutuksiin. Vasaran ominaisuudet m\u00e4\u00e4ritt\u00e4v\u00e4t paljolti porauksen polttoainekulutusta sek\u00e4 porauksen nopeutta.<\/em><\/li>\n<\/ul>\n<\/li>\n<\/ul>\n\n\n\n<ul class=\"nv-cv-d nv-cv-m wp-block-list\">\n<li><strong>Miten valitsen oikean uppovasaran poraushankkeeseeni?<\/strong><ul><li><em>Kysymykseen ei ole yht\u00e4 oikeaa vastausta. Oikeaan valintaan vaikuttaa esimerkiksi:<\/em><\/li><\/ul>\n<ul class=\"wp-block-list\">\n<li>Paaluputken \/ kalliorei\u00e4n halkaisija<\/li>\n\n\n\n<li><em>Paaluputken \/ kalliorei\u00e4n pituus<\/em><\/li>\n\n\n\n<li><em>Porattavien putkien \/ kallioreikien m\u00e4\u00e4r\u00e4<\/em><\/li>\n\n\n\n<li><em>Kallion ominaisuudet (esim. lujuus, rikkonaisuus)<\/em><\/li>\n\n\n\n<li><em>Maaper\u00e4n geotekniset ominaisuudet, maaper\u00e4kerrokset<\/em><\/li>\n\n\n\n<li><em>Porarin preferenssit<\/em><\/li>\n\n\n\n<li><em>K\u00e4yt\u00f6ss\u00e4 oleva muu kalusto, esimerkiksi vaakaporauksen rengaster\u00e4t, pilotit, porauskanget ja kompressorit<\/em><\/li>\n<\/ul>\n<\/li>\n<\/ul>\n\n\n\n<ul class=\"nv-cv-d nv-cv-m wp-block-list\">\n<li><strong>Onko vaakaporausvasaralla mahdollista porata eritt\u00e4in kovaa kive\u00e4?<\/strong>\n<ul class=\"wp-block-list\">\n<li><em>Kyll\u00e4. Uppovasaraporaus \/ DTH-poraus on suunniteltu toimimaan maailman kovimmissa kivilaaduissa. DTH-poraus on ainoa tehokas tapa porata eritt\u00e4in kovaa kive\u00e4.<\/em><\/li>\n<\/ul>\n<\/li>\n<\/ul>\n\n\n\n<ul class=\"nv-cv-d nv-cv-m wp-block-list\">\n<li><strong>Onko uppovasaralla mahdollista porata lohkareiden l\u00e4pi?<\/strong>\n<ul class=\"wp-block-list\">\n<li><em>On. Uppovasaraporaus \/ DTH-poraus on suunniteltu toimimaan lohkareisissa maaperiss\u00e4 ja kovassa kivess\u00e4.<\/em><\/li>\n<\/ul>\n<\/li>\n<\/ul>\n\n\n\n<ul class=\"nv-cv-d nv-cv-m wp-block-list\">\n<li><strong>Onko DTH-vasaralla vaakareikien poraaminen nopeaa?<\/strong>\n<ul class=\"wp-block-list\">\n<li><em>ON. Uppovasara \/ DTH-vasaraporaus on yksi nopeimmista menetelmist\u00e4 porata kovaa kive\u00e4. Jopa moninkertaisesti nopeampaa kuin jotkut perinteiset menetelm\u00e4t.<\/em><\/li>\n<\/ul>\n<\/li>\n\n\n\n<li><strong>Miten valitsen oikean karan vaakaporausvasaraani?<\/strong>\n<ul class=\"wp-block-list\">\n<li><em>Karalla liitet\u00e4\u00e4n toisiinsa pilotti\/kalliokruunu ja uppovasara. Karoja on monia erilaisia.<\/em><\/li>\n\n\n\n<li><em>Karat vaihtelevat esimerkiksi korkeuden, halkaisijan ja vetolehtien muotojen osalta. Me voimme helposti m\u00e4\u00e4ritt\u00e4\u00e4 tuntemattomat karat kuvien ja parin mittauksen perusteella. <\/em><\/li>\n\n\n\n<li><em>Uppovasarassa ja pilotissa on oltava sama kara, jotta ne voi kiinnitt\u00e4\u00e4 toisiinsa. <\/em><\/li>\n<\/ul>\n<\/li>\n<\/ul>\n\n\n\n<p><strong>Kun kyse on uppovasaroista ja kallion poraamisesta, asiantuntemuksemme ja tuotteemme ovat vertaansa vailla. Ota rohkeasti yhteytt\u00e4 Matiakseen ja kysy lis\u00e4\u00e4! <\/strong><\/p>\n\n\n\n<figure class=\"wp-block-image size-large is-resized is-style-rounded\"><img loading=\"lazy\" decoding=\"async\" width=\"1021\" height=\"1024\" src=\"https:\/\/www.trimach-drilltools.com\/wp-content\/uploads\/2021\/08\/IMG_20180826_190014__01-edited-1021x1024.jpg\" alt=\"\" class=\"wp-image-816\" style=\"width:190px;height:auto\" srcset=\"https:\/\/www.trimach-drilltools.com\/wp-content\/uploads\/2021\/08\/IMG_20180826_190014__01-edited-1021x1024.jpg 1021w, https:\/\/www.trimach-drilltools.com\/wp-content\/uploads\/2021\/08\/IMG_20180826_190014__01-edited-300x300.jpg 300w, https:\/\/www.trimach-drilltools.com\/wp-content\/uploads\/2021\/08\/IMG_20180826_190014__01-edited-150x150.jpg 150w, https:\/\/www.trimach-drilltools.com\/wp-content\/uploads\/2021\/08\/IMG_20180826_190014__01-edited-768x770.jpg 768w, https:\/\/www.trimach-drilltools.com\/wp-content\/uploads\/2021\/08\/IMG_20180826_190014__01-edited-1531x1536.jpg 1531w, https:\/\/www.trimach-drilltools.com\/wp-content\/uploads\/2021\/08\/IMG_20180826_190014__01-edited-2041x2048.jpg 2041w\" sizes=\"auto, (max-width: 1021px) 100vw, 1021px\" \/><\/figure>\n\n\n\n<p><strong>Matias Niemel\u00e4inen<\/strong><\/p>\n\n\n\n<p><a href=\"mailto:matias.niemelainen@trimach.fi\">matias.niemelainen@trimach.fi<br><\/a><a href=\"tel:+358405892446\">+358405892446<\/a><\/p>\n\n\n\n<div class=\"nv-cv-d nv-cv-m wp-block-cover alignfull\" style=\"min-height:950px;aspect-ratio:unset;\"><span aria-hidden=\"true\" class=\"wp-block-cover__background has-nv-dark-bg-background-color has-background-dim-100 has-background-dim\"><\/span><div class=\"wp-block-cover__inner-container is-layout-flow wp-block-cover-is-layout-flow\">\n<div style=\"height:140px\" aria-hidden=\"true\" class=\"wp-block-spacer\"><\/div>\n\n\n\n<h2 class=\"wp-block-heading has-text-align-center has-nv-text-dark-bg-color has-text-color\">Etsitk\u00f6 kustannustehokasta ja kest\u00e4v\u00e4\u00e4 uppovasaraa?<\/h2>\n\n\n\n<p class=\"has-text-align-center has-medium-font-size\"><\/p>\n\n\n\n<div class=\"wp-block-buttons is-horizontal is-content-justification-center is-layout-flex wp-container-core-buttons-is-layout-499968f5 wp-block-buttons-is-layout-flex\">\n<div class=\"wp-block-button is-style-primary\"><a class=\"wp-block-button__link wp-element-button\" href=\"https:\/\/www.trimach-drilltools.com\/fi\/contact-us\/\">OTA YHTEYTT\u00c4<\/a><\/div>\n<\/div>\n\n\n\n<div style=\"height:140px\" aria-hidden=\"true\" class=\"wp-block-spacer\"><\/div>\n\n\n\n<p class=\"has-text-align-center\"><\/p>\n<\/div><\/div>\n\n\n<div class=\"wp-block-image\">\n<figure class=\"aligncenter size-full is-resized\"><img loading=\"lazy\" decoding=\"async\" width=\"512\" height=\"512\" src=\"https:\/\/www.trimach-drilltools.com\/wp-content\/uploads\/2021\/10\/cropped-logo_valkoisella_reunalla_300dpi.png\" alt=\"\" class=\"wp-image-1152\" style=\"width:293px;height:293px\" srcset=\"https:\/\/www.trimach-drilltools.com\/wp-content\/uploads\/2021\/10\/cropped-logo_valkoisella_reunalla_300dpi.png 512w, https:\/\/www.trimach-drilltools.com\/wp-content\/uploads\/2021\/10\/cropped-logo_valkoisella_reunalla_300dpi-300x300.png 300w, https:\/\/www.trimach-drilltools.com\/wp-content\/uploads\/2021\/10\/cropped-logo_valkoisella_reunalla_300dpi-150x150.png 150w, https:\/\/www.trimach-drilltools.com\/wp-content\/uploads\/2021\/10\/cropped-logo_valkoisella_reunalla_300dpi-12x12.png 12w, https:\/\/www.trimach-drilltools.com\/wp-content\/uploads\/2021\/10\/cropped-logo_valkoisella_reunalla_300dpi-270x270.png 270w, https:\/\/www.trimach-drilltools.com\/wp-content\/uploads\/2021\/10\/cropped-logo_valkoisella_reunalla_300dpi-192x192.png 192w, https:\/\/www.trimach-drilltools.com\/wp-content\/uploads\/2021\/10\/cropped-logo_valkoisella_reunalla_300dpi-180x180.png 180w, https:\/\/www.trimach-drilltools.com\/wp-content\/uploads\/2021\/10\/cropped-logo_valkoisella_reunalla_300dpi-32x32.png 32w\" sizes=\"auto, (max-width: 512px) 100vw, 512px\" \/><\/figure><\/div>","protected":false},"excerpt":{"rendered":"<p>FAQ: HZ-Hammers (DTH) We have plenty of experience in choosing the right horizontal hammer for different projects. When it comes to drilling hard rock, our expertise and products are unbeatable. Don&#8217;t hesitate to contact Matias and ask for more information! Matias Niemel\u00e4inen matias.niemelainen@trimach.fi+358405892446<\/p>","protected":false},"author":1,"featured_media":0,"parent":1912,"menu_order":0,"comment_status":"closed","ping_status":"closed","template":"","meta":{"neve_meta_sidebar":"full-width","neve_meta_container":"","neve_meta_enable_content_width":"on","neve_meta_content_width":100,"neve_meta_title_alignment":"","neve_meta_author_avatar":"","neve_post_elements_order":"","neve_meta_disable_header":"","neve_meta_disable_footer":"","neve_meta_disable_title":"","neve_meta_reading_time":"","footnotes":""},"class_list":["post-1852","page","type-page","status-publish","hentry"],"_links":{"self":[{"href":"https:\/\/www.trimach-drilltools.com\/fi\/wp-json\/wp\/v2\/pages\/1852","targetHints":{"allow":["GET"]}}],"collection":[{"href":"https:\/\/www.trimach-drilltools.com\/fi\/wp-json\/wp\/v2\/pages"}],"about":[{"href":"https:\/\/www.trimach-drilltools.com\/fi\/wp-json\/wp\/v2\/types\/page"}],"author":[{"embeddable":true,"href":"https:\/\/www.trimach-drilltools.com\/fi\/wp-json\/wp\/v2\/users\/1"}],"replies":[{"embeddable":true,"href":"https:\/\/www.trimach-drilltools.com\/fi\/wp-json\/wp\/v2\/comments?post=1852"}],"version-history":[{"count":14,"href":"https:\/\/www.trimach-drilltools.com\/fi\/wp-json\/wp\/v2\/pages\/1852\/revisions"}],"predecessor-version":[{"id":2532,"href":"https:\/\/www.trimach-drilltools.com\/fi\/wp-json\/wp\/v2\/pages\/1852\/revisions\/2532"}],"up":[{"embeddable":true,"href":"https:\/\/www.trimach-drilltools.com\/fi\/wp-json\/wp\/v2\/pages\/1912"}],"wp:attachment":[{"href":"https:\/\/www.trimach-drilltools.com\/fi\/wp-json\/wp\/v2\/media?parent=1852"}],"curies":[{"name":"wp","href":"https:\/\/api.w.org\/{rel}","templated":true}]}}