{"id":1475,"date":"2024-03-18T12:18:43","date_gmt":"2024-03-18T10:18:43","guid":{"rendered":"https:\/\/www.trimach-drilltools.com\/?page_id=1475"},"modified":"2026-01-27T09:13:57","modified_gmt":"2026-01-27T07:13:57","slug":"klaipeda-lithuania-2023","status":"publish","type":"page","link":"https:\/\/www.trimach-drilltools.com\/fi\/projects\/klaipeda-lithuania-2023\/","title":{"rendered":"KLAIPEDA, LIETTUA (2023)"},"content":{"rendered":"<div class=\"wp-block-image\">\n<figure class=\"aligncenter size-large\"><img loading=\"lazy\" decoding=\"async\" width=\"816\" height=\"1024\" src=\"https:\/\/www.trimach-drilltools.com\/wp-content\/uploads\/2024\/03\/PHOTO-2023-05-12-17-46-18-333-816x1024.jpg\" alt=\"\" class=\"wp-image-1480\" srcset=\"https:\/\/www.trimach-drilltools.com\/wp-content\/uploads\/2024\/03\/PHOTO-2023-05-12-17-46-18-333-816x1024.jpg 816w, https:\/\/www.trimach-drilltools.com\/wp-content\/uploads\/2024\/03\/PHOTO-2023-05-12-17-46-18-333-239x300.jpg 239w, https:\/\/www.trimach-drilltools.com\/wp-content\/uploads\/2024\/03\/PHOTO-2023-05-12-17-46-18-333-768x964.jpg 768w, https:\/\/www.trimach-drilltools.com\/wp-content\/uploads\/2024\/03\/PHOTO-2023-05-12-17-46-18-333-10x12.jpg 10w, https:\/\/www.trimach-drilltools.com\/wp-content\/uploads\/2024\/03\/PHOTO-2023-05-12-17-46-18-333.jpg 1036w\" sizes=\"auto, (max-width: 816px) 100vw, 816px\" \/><figcaption class=\"wp-element-caption\">PORAPAALUSEIN\u00c4, KLAIPEDA (2023)<\/figcaption><\/figure><\/div>\n\n<div class=\"wp-block-image\">\n<figure class=\"aligncenter size-large is-resized\"><img loading=\"lazy\" decoding=\"async\" width=\"768\" height=\"1024\" src=\"https:\/\/www.trimach-drilltools.com\/wp-content\/uploads\/2024\/03\/IMG_5649-768x1024.jpg\" alt=\"\" class=\"wp-image-1479\" style=\"width:820px;height:auto\" srcset=\"https:\/\/www.trimach-drilltools.com\/wp-content\/uploads\/2024\/03\/IMG_5649-768x1024.jpg 768w, https:\/\/www.trimach-drilltools.com\/wp-content\/uploads\/2024\/03\/IMG_5649-225x300.jpg 225w, https:\/\/www.trimach-drilltools.com\/wp-content\/uploads\/2024\/03\/IMG_5649-1152x1536.jpg 1152w, https:\/\/www.trimach-drilltools.com\/wp-content\/uploads\/2024\/03\/IMG_5649-1536x2048.jpg 1536w, https:\/\/www.trimach-drilltools.com\/wp-content\/uploads\/2024\/03\/IMG_5649-9x12.jpg 9w, https:\/\/www.trimach-drilltools.com\/wp-content\/uploads\/2024\/03\/IMG_5649-scaled.jpg 1920w\" sizes=\"auto, (max-width: 768px) 100vw, 768px\" \/><\/figure><\/div>\n\n\n<p><\/p>\n\n\n\n<p>Tri-Mach oli aktiivisessa osassa suuressa porapaalusein\u00e4projektissa Klaipedassa, Liettuassa. <\/p>\n\n\n\n<p>DTH-porausty\u00f6kalujen lis\u00e4ksi autoimme asiakasta ty\u00f6maan perustamisessa, menetelmien kehityksess\u00e4, tuotantotehon nostossa ja haastavien geoteknisten olosuhteiden ratkomisessa. <\/p>\n\n\n\n<p class=\"has-text-align-left\">Projektidetaljit:<\/p>\n\n\n\n<ul class=\"wp-block-list\">\n<li>DTH-Porapaalusein\u00e4, 813\/16 <\/li>\n\n\n\n<li>Paalupituudet jopa 30m<\/li>\n\n\n\n<li>Kaikki paalut porattiin lautalta<\/li>\n\n\n\n<li>Integroidut Rengaster\u00e4t<\/li>\n\n\n\n<li>Tri-Mach toimitti asiakkaalle Integroidut Rengaster\u00e4t, DTH-Pilotit, DTH-Uppovasarat, DTH-Porauskanget, Iskunvaimentimet ja Adapterit<\/li>\n<\/ul>\n\n\n\n<p><\/p>\n\n\n\n<p class=\"has-text-align-center\">Lis\u00e4infoa muista projekteistamme:<\/p>\n\n\n\n<p><\/p>\n\n\n\n<div class=\"nv-cv-m wp-block-buttons is-horizontal is-content-justification-center is-layout-flex wp-container-core-buttons-is-layout-499968f5 wp-block-buttons-is-layout-flex\">\n<div class=\"wp-block-button is-style-primary\"><a class=\"wp-block-button__link wp-element-button\" href=\"https:\/\/www.trimach-drilltools.com\/fi\/rd508-pile-wall-kotka-finland\/\">RD508 Pile Wall, Kotka, Finland<\/a><\/div>\n\n\n\n<div class=\"wp-block-button is-style-primary\"><a class=\"wp-block-button__link wp-element-button\" href=\"https:\/\/www.trimach-drilltools.com\/fi\/rd610-pile-wall-finland\/\">RD610 Pile Wall, Finland<\/a><\/div>\n\n\n\n<div class=\"wp-block-button is-style-primary\"><a class=\"wp-block-button__link wp-element-button\" href=\"https:\/\/www.trimach-drilltools.com\/fi\/tripla-helsinki-rd1219\/\">RD1219 Tripla, Helsinki<\/a><\/div>\n\n\n\n<div class=\"wp-block-button is-style-primary\"><a class=\"wp-block-button__link wp-element-button\" href=\"https:\/\/www.trimach-drilltools.com\/fi\/storstein-norway\/\">610+813 Storstein, Norway<\/a><\/div>\n<\/div>\n\n\n\n<p><\/p>\n\n\n<div class=\"wp-block-image\">\n<figure class=\"aligncenter size-full is-resized\"><img loading=\"lazy\" decoding=\"async\" width=\"710\" height=\"707\" src=\"https:\/\/www.trimach-drilltools.com\/wp-content\/uploads\/2021\/07\/cropped-Tri-Mach-logo.png\" alt=\"\" class=\"wp-image-880\" style=\"width:191px;height:191px\" srcset=\"https:\/\/www.trimach-drilltools.com\/wp-content\/uploads\/2021\/07\/cropped-Tri-Mach-logo.png 710w, https:\/\/www.trimach-drilltools.com\/wp-content\/uploads\/2021\/07\/cropped-Tri-Mach-logo-300x300.png 300w, https:\/\/www.trimach-drilltools.com\/wp-content\/uploads\/2021\/07\/cropped-Tri-Mach-logo-150x150.png 150w\" sizes=\"auto, (max-width: 710px) 100vw, 710px\" \/><\/figure><\/div>","protected":false},"excerpt":{"rendered":"<p>Tri-Mach recently completed a large Down-The-Hole drilled pile wall in Klaipeda, Lithuania. We were not only providing DTH-Tools, we helped the Client in setting up the rig, improving production rates and dealing with difficult geotechnical conditions on site. Project details: Read also about our other projects:<\/p>","protected":false},"author":1,"featured_media":0,"parent":1113,"menu_order":0,"comment_status":"closed","ping_status":"closed","template":"","meta":{"neve_meta_sidebar":"full-width","neve_meta_container":"","neve_meta_enable_content_width":"on","neve_meta_content_width":100,"neve_meta_title_alignment":"","neve_meta_author_avatar":"","neve_post_elements_order":"","neve_meta_disable_header":"","neve_meta_disable_footer":"","neve_meta_disable_title":"","neve_meta_reading_time":"","footnotes":""},"class_list":["post-1475","page","type-page","status-publish","hentry"],"_links":{"self":[{"href":"https:\/\/www.trimach-drilltools.com\/fi\/wp-json\/wp\/v2\/pages\/1475","targetHints":{"allow":["GET"]}}],"collection":[{"href":"https:\/\/www.trimach-drilltools.com\/fi\/wp-json\/wp\/v2\/pages"}],"about":[{"href":"https:\/\/www.trimach-drilltools.com\/fi\/wp-json\/wp\/v2\/types\/page"}],"author":[{"embeddable":true,"href":"https:\/\/www.trimach-drilltools.com\/fi\/wp-json\/wp\/v2\/users\/1"}],"replies":[{"embeddable":true,"href":"https:\/\/www.trimach-drilltools.com\/fi\/wp-json\/wp\/v2\/comments?post=1475"}],"version-history":[{"count":6,"href":"https:\/\/www.trimach-drilltools.com\/fi\/wp-json\/wp\/v2\/pages\/1475\/revisions"}],"predecessor-version":[{"id":1494,"href":"https:\/\/www.trimach-drilltools.com\/fi\/wp-json\/wp\/v2\/pages\/1475\/revisions\/1494"}],"up":[{"embeddable":true,"href":"https:\/\/www.trimach-drilltools.com\/fi\/wp-json\/wp\/v2\/pages\/1113"}],"wp:attachment":[{"href":"https:\/\/www.trimach-drilltools.com\/fi\/wp-json\/wp\/v2\/media?parent=1475"}],"curies":[{"name":"wp","href":"https:\/\/api.w.org\/{rel}","templated":true}]}}