{"id":1449,"date":"2024-03-18T10:18:47","date_gmt":"2024-03-18T08:18:47","guid":{"rendered":"https:\/\/www.trimach-drilltools.com\/?page_id=1449"},"modified":"2026-01-27T09:20:32","modified_gmt":"2026-01-27T07:20:32","slug":"dth-drillpipes","status":"publish","type":"page","link":"https:\/\/www.trimach-drilltools.com\/fi\/dthdrillingtools\/dth-drillpipes\/","title":{"rendered":"DTH Porauskanget (HEX)"},"content":{"rendered":"<div class=\"wp-block-buttons is-layout-flex wp-block-buttons-is-layout-flex\">\n<div class=\"wp-block-button\"><a class=\"wp-block-button__link has-neve-link-color-color has-neve-link-hover-color-background-color has-text-color has-background has-link-color wp-element-button\" href=\"tel:+358405892446\">SOITA MEILLE<\/a><\/div>\n\n\n\n<div class=\"wp-block-button\"><a class=\"wp-block-button__link has-neve-link-color-color has-neve-link-hover-color-background-color has-text-color has-background has-link-color wp-element-button\" href=\"mailto:matias.niemelainen@trimach.fi\">LAITA S\u00c4HK\u00d6POSTIA<\/a><\/div>\n\n\n\n<div class=\"wp-block-button\"><a class=\"wp-block-button__link has-neve-link-color-color has-neve-link-hover-color-background-color has-text-color has-background has-link-color wp-element-button\" href=\"https:\/\/www.trimach-drilltools.com\/wp-content\/uploads\/2025\/10\/tri-mach-dth-drilling-product-catalog-english-2025-v4.pdf\" target=\"_blank\" rel=\"noreferrer noopener\">LATAA KATALOGI<\/a><\/div>\n<\/div>\n\n\n\n<p><\/p>\n\n\n\n<div class=\"wp-block-cover alignfull\" style=\"min-height:320px;aspect-ratio:unset;\"><span aria-hidden=\"true\" class=\"wp-block-cover__background has-nv-site-bg-background-color has-background-dim-100 has-background-dim\"><\/span><div class=\"wp-block-cover__inner-container is-layout-flow wp-block-cover-is-layout-flow\">\n<div class=\"wp-block-group\"><div class=\"wp-block-group__inner-container is-layout-flow wp-block-group-is-layout-flow\">\n<div class=\"wp-block-columns are-vertically-aligned-center is-layout-flex wp-container-core-columns-is-layout-9d6595d7 wp-block-columns-is-layout-flex\">\n<div class=\"wp-block-column is-vertically-aligned-center is-layout-flow wp-block-column-is-layout-flow\" style=\"flex-basis:70%\">\n<h3 class=\"wp-block-heading has-neve-link-color-color has-text-color has-link-color wp-elements-b7d3ca13bfae5226c83b552d3a5a937b\"><strong>Kest\u00e4vyys, luotettavuus ja k\u00e4ytett\u00e4vyys<\/strong><\/h3>\n\n\n\n<p class=\"has-neve-link-color-color has-text-color has-link-color wp-elements-2d2124969445fcf021e8c54328c0fa98\" style=\"font-size:22px\"><strong>Tri-Mach Nordicin DTH-poraputket valmistetaan n\u00e4it\u00e4 perusarvoja silm\u00e4ll\u00e4 pit\u00e4en. Poraputkemme on suunniteltu tarjoamaan mahdollisimman pitk\u00e4 k\u00e4ytt\u00f6ik\u00e4 ja vahva runko, joka kest\u00e4\u00e4 jopa kaikkein haastavimmat geotekniset olosuhteet.<\/strong><\/p>\n\n\n\n<p class=\"has-neve-link-color-color has-text-color has-link-color wp-elements-f83d573e0217e15cc3de0c5afe779943\" style=\"font-size:22px\">DTH-poraputkemme on valmistettu korkealujuuksisista materiaaleista ja tuotettu parhailla mahdollisilla menetelmill\u00e4, jotta ne t\u00e4ytt\u00e4v\u00e4t porausoperaatioiden tiukat vaatimukset. Ty\u00f6skentelitp\u00e4 sitten kovien kalliomuodostumien parissa tai haastavissa maaper\u00e4olosuhteissa, DTH-poraputkemme tarjoavat vertaansa vailla olevaa kest\u00e4vyytt\u00e4 ja suorituskyky\u00e4<\/p>\n\n\n\n<figure class=\"wp-block-image size-large\"><img loading=\"lazy\" decoding=\"async\" width=\"1024\" height=\"802\" src=\"https:\/\/www.trimach-drilltools.com\/wp-content\/uploads\/2024\/08\/711-HEX240-3-1-1024x802.jpg\" alt=\"\" class=\"wp-image-2011\" srcset=\"https:\/\/www.trimach-drilltools.com\/wp-content\/uploads\/2024\/08\/711-HEX240-3-1-1024x802.jpg 1024w, https:\/\/www.trimach-drilltools.com\/wp-content\/uploads\/2024\/08\/711-HEX240-3-1-300x235.jpg 300w, https:\/\/www.trimach-drilltools.com\/wp-content\/uploads\/2024\/08\/711-HEX240-3-1-768x601.jpg 768w, https:\/\/www.trimach-drilltools.com\/wp-content\/uploads\/2024\/08\/711-HEX240-3-1-1536x1203.jpg 1536w, https:\/\/www.trimach-drilltools.com\/wp-content\/uploads\/2024\/08\/711-HEX240-3-1-2048x1604.jpg 2048w, https:\/\/www.trimach-drilltools.com\/wp-content\/uploads\/2024\/08\/711-HEX240-3-1-15x12.jpg 15w\" sizes=\"auto, (max-width: 1024px) 100vw, 1024px\" \/><\/figure>\n\n\n\n<p><\/p>\n\n\n\n<h3 class=\"wp-block-heading has-neve-link-color-color has-text-color has-link-color wp-elements-042b7fa5b7538f16785f384800d3d462\">Vahvaksi suunniteltu<\/h3>\n\n\n\n<p class=\"has-neve-link-color-color has-text-color has-link-color wp-elements-cc3b01f253b0114668567ad033ce4826\" style=\"font-size:22px\">DTH-poraputkemme on suunniteltu kest\u00e4viksi, mik\u00e4 varmistaa parhaan mahdollisen suorituskyvyn kent\u00e4ll\u00e4. Vankka rakenne v\u00e4hent\u00e4\u00e4 rikkoutumisriski\u00e4 ja parantaa porausoperaatioiden tehokkuutta. Tri-Machin tuotteet kest\u00e4v\u00e4t ja toimivat kovimmankin paineen alla.<\/p>\n\n\n\n<h3 class=\"wp-block-heading has-neve-link-color-color has-text-color has-link-color wp-elements-3b6f1a28161866d1f2d97f4f0406c967\">Huippuluokan valmistustekniikat<\/h3>\n\n\n\n<p class=\"has-neve-link-color-color has-text-color has-link-color wp-elements-e60986af17a23a813905b01bab1ab3d0\" style=\"font-size:22px\">K\u00e4yt\u00e4mme moderneja valmistustekniikoita kun tuotamme DTH-poraputkia asiakkaillemme. Jokainen putki k\u00e4y l\u00e4pi tiukan laadunvalvonnan, jotta se t\u00e4ytt\u00e4\u00e4 korkeat standardimme. Tuloksena on tuote, johon voit luottaa p\u00e4iv\u00e4st\u00e4 toiseen.<\/p>\n\n\n\n<p class=\"has-neve-link-color-color has-text-color has-link-color wp-elements-487eef20452a3af9f827b446125e01a9\" style=\"font-size:22px\">Tiimimme laaja, yli 30-vuotinen kokemus alalta auttaa meit\u00e4 ymm\u00e4rt\u00e4m\u00e4\u00e4n porausoperaatioiden vaativat olosuhteet ja muut erityisvaateet. T\u00e4m\u00e4 k\u00e4yt\u00e4nn\u00f6n tieto ohjaa valmistusprosessiamme ja varmistaa, ett\u00e4 tuotteemme ovat korkealaatuisia ja poraajien tarpeisiin sopivia. Lopputuloksena syntyy tuote, joka suoriutuu teht\u00e4v\u00e4st\u00e4\u00e4n \u2013 riippumatta ymp\u00e4rist\u00f6n aiheuttamista haasteista.<\/p>\n\n\n\n<h3 class=\"wp-block-heading has-neve-link-color-color has-text-color has-link-color wp-elements-5aba0657dc7fafb4539aa3a4c77053fe\">K\u00e4yt\u00e4nn\u00f6lliset ratkaisut kentt\u00e4olosuhteisiin<\/h3>\n\n\n\n<p class=\"has-neve-link-color-color has-text-color has-link-color wp-elements-ef654247bbcd84b27923918f23a745da\" style=\"font-size:22px\">Tied\u00e4mme, ett\u00e4 helppok\u00e4ytt\u00f6isyys on t\u00e4rke\u00e4\u00e4 kent\u00e4ll\u00e4. DTH-poraputkemme on suunniteltu k\u00e4yt\u00e4nn\u00f6llisill\u00e4 ominaisuuksilla, jotka tekev\u00e4t niist\u00e4 helppoja k\u00e4sitell\u00e4. Yksinkertaiset liitokset ja k\u00e4ytt\u00e4j\u00e4yst\u00e4v\u00e4llinen muotoilu helpottavat ja tehostavat ty\u00f6maan toimintaa.<\/p>\n\n\n\n<div class=\"wp-block-buttons is-layout-flex wp-block-buttons-is-layout-flex\">\n<div class=\"wp-block-button\"><a class=\"wp-block-button__link has-neve-link-color-color has-neve-link-hover-color-background-color has-text-color has-background has-link-color wp-element-button\" href=\"https:\/\/www.trimach-drilltools.com\/fi\/projects\/\" target=\"_blank\" rel=\"noreferrer noopener\">REFERENSSIT<\/a><\/div>\n<\/div>\n\n\n\n<p><\/p>\n\n\n\n<h3 class=\"wp-block-heading has-neve-link-color-color has-text-color has-link-color wp-elements-f892ba5d38eea3e20575bdb0fdac1b76\">Poraajien ykk\u00f6svalinta<\/h3>\n\n\n\n<p class=\"has-neve-link-color-color has-text-color has-link-color wp-elements-459325053c6832414eadfd70cbea2414\" style=\"font-size:22px\">Tri-Machin DTH-poraputket ovat poraajien suosikki, kun vaaditaan kest\u00e4vyytt\u00e4, luotettavuutta ja vahvuutta. Sitoutumisemme laatuun ja suorituskykyyn varmistaa, ett\u00e4 poraputkemme ovat paras ty\u00f6kalu mihin tahansa porausprojektiin. Luota Tri-Machiin, kun tarvitset ty\u00f6kaluja, jotka tuottavat ensiluokkaisia tuloksia kaikkein hankalimmissakin olosuhteissa.<\/p>\n\n\n\n<p class=\"has-neve-link-color-color has-text-color has-link-color wp-elements-39d4319d3c2959f2b725540781d1428f\" style=\"font-size:22px\">Tutustu DTH-poraputkivalikoimaamme. Voit my\u00f6s <a href=\"https:\/\/www.trimach-drilltools.com\/fi\/contact-us\/\" target=\"_blank\" rel=\"noreferrer noopener\">Ota meihin yhteytt\u00e4<\/a> ja kysy\u00e4 lis\u00e4\u00e4 tuotteistamme asiantuntijoiltamme.<\/p>\n\n\n\n<div class=\"wp-block-buttons is-layout-flex wp-block-buttons-is-layout-flex\">\n<div class=\"wp-block-button\"><a class=\"wp-block-button__link has-neve-text-color-color has-neve-link-hover-color-background-color has-text-color has-background has-link-color wp-element-button\" href=\"#FAQ\">FAQ-OSIOON<\/a><\/div>\n<\/div>\n<\/div>\n\n\n\n<div class=\"wp-block-column is-vertically-aligned-center is-layout-flow wp-block-column-is-layout-flow\" style=\"flex-basis:30%\"><div class=\"wp-block-image\">\n<figure class=\"aligncenter size-large is-resized\"><img loading=\"lazy\" decoding=\"async\" width=\"710\" height=\"709\" src=\"https:\/\/www.trimach-drilltools.com\/wp-content\/uploads\/2021\/07\/Tri-Mach-logo.png\" alt=\"\" class=\"wp-image-701\" style=\"width:220px;height:219px\" srcset=\"https:\/\/www.trimach-drilltools.com\/wp-content\/uploads\/2021\/07\/Tri-Mach-logo.png 710w, https:\/\/www.trimach-drilltools.com\/wp-content\/uploads\/2021\/07\/Tri-Mach-logo-300x300.png 300w, https:\/\/www.trimach-drilltools.com\/wp-content\/uploads\/2021\/07\/Tri-Mach-logo-150x150.png 150w\" sizes=\"auto, (max-width: 710px) 100vw, 710px\" \/><\/figure><\/div><\/div>\n<\/div>\n<\/div><\/div>\n<\/div><\/div>\n\n\n\n<div class=\"nv-cv-m wp-block-cover alignfull\" style=\"min-height:600px;aspect-ratio:unset;\"><span aria-hidden=\"true\" class=\"wp-block-cover__background has-nv-light-bg-background-color has-background-dim-100 has-background-dim\"><\/span><div class=\"wp-block-cover__inner-container is-layout-flow wp-block-cover-is-layout-flow\">\n<div class=\"wp-block-group\"><div class=\"wp-block-group__inner-container is-layout-flow wp-block-group-is-layout-flow\">\n<div style=\"height:80px\" aria-hidden=\"true\" class=\"wp-block-spacer\"><\/div>\n\n\n\n<div class=\"wp-block-columns is-layout-flex wp-container-core-columns-is-layout-9d6595d7 wp-block-columns-is-layout-flex\">\n<div class=\"wp-block-column is-layout-flow wp-block-column-is-layout-flow\" style=\"flex-basis:66.79%\">\n<figure class=\"wp-block-image size-large\"><img loading=\"lazy\" decoding=\"async\" width=\"1024\" height=\"738\" src=\"https:\/\/www.trimach-drilltools.com\/wp-content\/uploads\/2024\/03\/MAXA-DrillRod-711508-2-2-1024x738.jpg\" alt=\"\" class=\"wp-image-1457\" srcset=\"https:\/\/www.trimach-drilltools.com\/wp-content\/uploads\/2024\/03\/MAXA-DrillRod-711508-2-2-1024x738.jpg 1024w, https:\/\/www.trimach-drilltools.com\/wp-content\/uploads\/2024\/03\/MAXA-DrillRod-711508-2-2-300x216.jpg 300w, https:\/\/www.trimach-drilltools.com\/wp-content\/uploads\/2024\/03\/MAXA-DrillRod-711508-2-2-768x553.jpg 768w, https:\/\/www.trimach-drilltools.com\/wp-content\/uploads\/2024\/03\/MAXA-DrillRod-711508-2-2-1536x1107.jpg 1536w, https:\/\/www.trimach-drilltools.com\/wp-content\/uploads\/2024\/03\/MAXA-DrillRod-711508-2-2-2048x1476.jpg 2048w, https:\/\/www.trimach-drilltools.com\/wp-content\/uploads\/2024\/03\/MAXA-DrillRod-711508-2-2-18x12.jpg 18w\" sizes=\"auto, (max-width: 1024px) 100vw, 1024px\" \/><\/figure>\n<\/div>\n\n\n\n<div class=\"wp-block-column is-vertically-aligned-center is-layout-flow wp-block-column-is-layout-flow\" style=\"flex-basis:34%\">\n<h3 class=\"wp-block-heading has-text-align-left has-neve-text-color-color has-text-color\" style=\"font-size:28px\">Lis\u00e4tietoa tuotteista<\/h3>\n\n\n\n<p class=\"has-text-align-left has-neve-text-color-color has-text-color\" style=\"font-size:18px\">DTH-Porakanget saatavilla halkaisijoissa 76mm - 1100mm<\/p>\n\n\n\n<p class=\"has-nv-dark-bg-color has-text-color\" style=\"font-size:18px\">Teknisi\u00e4 yksityiskohtia:<\/p>\n\n\n\n<ul style=\"font-size:18px\" class=\"wp-block-list has-neve-link-color-color has-text-color\">\n<li>Valittavissa esimerkiksi API REG. ja HEX liittimet<\/li>\n\n\n\n<li>Sein\u00e4m\u00e4paksuudet Asiakkaan preferenssin mukaisesti<\/li>\n\n\n\n<li>Kaikki yksityiskohdat ja lis\u00e4vahvennukset mahdollisia<\/li>\n\n\n\n<li>Korkealaatuiset DTH-Adapterit saatavilla<\/li>\n<\/ul>\n\n\n\n<p><\/p>\n\n\n\n<p class=\"has-neve-link-color-color has-text-color\" style=\"font-size:18px\"><\/p>\n\n\n\n<p><\/p>\n\n\n\n<p><\/p>\n\n\n\n<p><\/p>\n\n\n\n<p><\/p>\n\n\n\n<hr class=\"wp-block-separator has-css-opacity is-style-wide\"\/>\n\n\n\n<div class=\"wp-block-buttons is-horizontal is-content-justification-center is-layout-flex wp-container-core-buttons-is-layout-499968f5 wp-block-buttons-is-layout-flex\"><\/div>\n\n\n\n<p><\/p>\n\n\n\n<p class=\"has-text-align-center has-neve-text-color-color has-text-color\"><\/p>\n<\/div>\n<\/div>\n\n\n\n<div style=\"height:40px\" aria-hidden=\"true\" class=\"wp-block-spacer\"><\/div>\n<\/div><\/div>\n<\/div><\/div>\n\n\n\n<h2 class=\"wp-block-heading\"><p id=\"FAQ\">FAQ: DTH-PORAKANGET (HEX)<\/p><\/h2>\n\n\n\n<h4 class=\"wp-block-heading\">Mitk\u00e4 ominaisuudet tekev\u00e4t hyv\u00e4n DTH-porakangen?<\/h4>\n\n\n\n<p class=\"has-medium-font-size\"><em>Hyv\u00e4n DTH-porakangen pit\u00e4\u00e4 olla vankkatekoinen ja luotettava. Porakangen tulee kest\u00e4\u00e4 hankalimmatkin olosuhteet sek\u00e4 uppovasaran ja paalukoneen aiheuttamat voimat. Koska n\u00e4emme porauskanget pitk\u00e4ik\u00e4isen\u00e4 investointina, olemme sitoutuneet valmistamaan kest\u00e4vi\u00e4 tuotteita, mit\u00e4 voi my\u00f6s huoltaa ja modifioida k\u00e4ytt\u00f6ik\u00e4ns\u00e4 aikana.&nbsp;<\/em><\/p>\n\n\n\n<h4 class=\"wp-block-heading\">Huollatteko vanhoja porakankia?<\/h4>\n\n\n\n<p class=\"has-medium-font-size\"><em>Kyll\u00e4. Teemme kaikenlaista huoltoa vanhoille porakangille. Suunnittelemme huolto-, ja modifiointitoimenpiteet itse. Huoltotoimenpiteet toteutetaan Tampereella.&nbsp;<\/em><\/p>\n\n\n\n<h4 class=\"wp-block-heading\">Mit\u00e4 eri termej\u00e4 k\u00e4ytet\u00e4\u00e4n porakangille?<\/h4>\n\n\n\n<p class=\"has-medium-font-size\"><em>DTH-porakangista k\u00e4ytet\u00e4\u00e4n kirjavasti monia eri termej\u00e4. Poraputkilla tarkoitetaan yleens\u00e4 isompia, tuplaputkella\/tuplavaipalla valmistettua HEX-liittimill\u00e4 toimivia kankia. Porakanget ovat yleistermi, mill\u00e4 tarkoitetaan yksivaippaisia sek\u00e4 tuplavaippaisia putkia.<\/em><\/p>\n\n\n\n<h4 class=\"wp-block-heading\"><strong>Miss\u00e4 tilanteissa suosittelette API-kierreliittimill\u00e4 olevia kankia ja milloin HEX-kankia?<\/strong><\/h4>\n\n\n\n<p class=\"has-medium-font-size\"><em>Yleisesti, suosittelemme API REG. kierreliittimi\u00e4 halkaisijoissa, jotka ovat 219mm tai pienempi\u00e4. 273mm ja suuremmissa halkaisijoissa suosittelemme HEX-liittimi\u00e4. T\u00e4m\u00e4 johtuu siit\u00e4, ett\u00e4 suurempihalkaisijaiset API REG. - poraputket ovat joskus hankalia avata ty\u00f6maalla.&nbsp;&nbsp;<\/em><\/p>\n\n\n\n<h4 class=\"wp-block-heading\"><strong>Mik\u00e4 on pienin halkaisija, johon on j\u00e4rkev\u00e4\u00e4 tehd\u00e4 ns. tuplavaippaiset uppoporakanget?<\/strong><\/h4>\n\n\n\n<p class=\"has-medium-font-size\"><em>Yleistettyn\u00e4, on suositeltavaa k\u00e4ytt\u00e4\u00e4 tuplavaipalla varustettuja porakankia halkaisijoissa 406mm - 1100mm. Toisin sanoen, silloin kun porataan 508mm porapaaluja tai suurempia.&nbsp;&nbsp;<\/em><\/p>\n\n\n\n<h4 class=\"wp-block-heading\"><strong>Miten tied\u00e4n vanhojen HEX-liittimieni tyypin ja tarkat mitat?<\/strong><\/h4>\n\n\n\n<ul class=\"nv-cv-m wp-block-list\">\n<li class=\"has-medium-font-size\"><em>Kaikki HEX-liittimet ovat erilaisia. Ne vaihtelevat esimerkiksi pituudessa, halkaisijassa, kulmissa, tiivisteen sijoittelussa sek\u00e4 tappien paikoissa.<\/em><\/li>\n\n\n\n<li class=\"has-medium-font-size\"><em>Me voimme mitata HEX-liittimet varastollamme tai paikan p\u00e4\u00e4ll\u00e4, ja siten voimme varmistaa oikeat dimensiot.&nbsp;<\/em><\/li>\n<\/ul>\n\n\n\n<h4 class=\"wp-block-heading\"><strong>Mik\u00e4 on maksimimitta yhdelle DTH-porakangelle?<\/strong><\/h4>\n\n\n\n<p class=\"has-medium-font-size\"><em>Ty\u00f6maatoimintojen ja logistiikan takia suosittelemme aina k\u00e4ytt\u00e4m\u00e4\u00e4n alle 12m uppoporakankia. Mit\u00e4 lyhyempi\u00e4 porakanget ovat, sit\u00e4 helpompi niit\u00e4 on vied\u00e4 ty\u00f6maalle. Varsinkin isoissa halkaisijoissa painokin nousee pituuden kasvaessa reilusti.&nbsp;<\/em><\/p>\n\n\n\n<h4 class=\"wp-block-heading\"><strong>Onko mahdollista tilata kustomoituja DTH Porakankia?<\/strong><\/h4>\n\n\n\n<p class=\"has-medium-font-size\"><em>Tri-Mach suunnittelee ja valmistaa usein kustomoituja porakankia asiakkaan tarpeisiin. Meill\u00e4 on mallistossa my\u00f6s mahdollisuus tehd\u00e4 Heavy Duty-versiota porakangesta, joka on suunniteltu kest\u00e4m\u00e4\u00e4n entist\u00e4 kovempaa k\u00e4ytt\u00f6\u00e4.&nbsp;&nbsp;<\/em><\/p>\n\n\n\n<h4 class=\"wp-block-heading\"><\/h4>\n\n\n\n<h4 class=\"wp-block-heading\"><strong>Minulla on ylim\u00e4\u00e4r\u00e4isi\u00e4 HEX-liittimi\u00e4 varastossa. Voitteko k\u00e4ytt\u00e4\u00e4 niit\u00e4 ja tehd\u00e4 niist\u00e4 DTH Porakankia?<\/strong><\/h4>\n\n\n\n<p class=\"has-medium-font-size\"><em>Kyll\u00e4. Voimme k\u00e4ytt\u00e4\u00e4 kaikkea materiaalia, mit\u00e4 Teill\u00e4 on jo hallussa. Voimme itse suunnitella niist\u00e4 uudet porakanget. Voimme my\u00f6s esimerkiksi k\u00e4ytt\u00e4\u00e4 ylim\u00e4\u00e4r\u00e4isi\u00e4 paaluputkia hy\u00f6dyksi valmistuksessa.&nbsp;<\/em><\/p>\n\n\n\n<h4 class=\"wp-block-heading\"><strong>Minulla on ylim\u00e4\u00e4r\u00e4isi\u00e4 porapaaluputkia varastossa. Voiko niit\u00e4 k\u00e4ytt\u00e4\u00e4 DTH-porakankien valmistukseen?<\/strong><\/h4>\n\n\n\n<p class=\"has-medium-font-size\"><em>Kyll\u00e4, mik\u00e4li ne ovat hyv\u00e4ss\u00e4 kunnossa. Vanhojen porapaaluputkien k\u00e4yt\u00f6ss\u00e4 voidaan s\u00e4\u00e4st\u00e4\u00e4 aikaa ja kustannuksia.<\/em><\/p>\n\n\n\n<p style=\"font-size:22px\"><strong>Ota yhteytt\u00e4 Matiakseen ja kysy lis\u00e4\u00e4!<\/strong><\/p>\n\n\n\n<figure class=\"wp-block-image size-large is-resized is-style-rounded\"><img loading=\"lazy\" decoding=\"async\" width=\"1021\" height=\"1024\" src=\"https:\/\/www.trimach-drilltools.com\/wp-content\/uploads\/2021\/08\/IMG_20180826_190014__01-edited-1021x1024.jpg\" alt=\"\" class=\"wp-image-816\" style=\"width:173px;height:auto\" srcset=\"https:\/\/www.trimach-drilltools.com\/wp-content\/uploads\/2021\/08\/IMG_20180826_190014__01-edited-1021x1024.jpg 1021w, https:\/\/www.trimach-drilltools.com\/wp-content\/uploads\/2021\/08\/IMG_20180826_190014__01-edited-300x300.jpg 300w, https:\/\/www.trimach-drilltools.com\/wp-content\/uploads\/2021\/08\/IMG_20180826_190014__01-edited-150x150.jpg 150w, https:\/\/www.trimach-drilltools.com\/wp-content\/uploads\/2021\/08\/IMG_20180826_190014__01-edited-768x770.jpg 768w, https:\/\/www.trimach-drilltools.com\/wp-content\/uploads\/2021\/08\/IMG_20180826_190014__01-edited-1531x1536.jpg 1531w, https:\/\/www.trimach-drilltools.com\/wp-content\/uploads\/2021\/08\/IMG_20180826_190014__01-edited-2041x2048.jpg 2041w\" sizes=\"auto, (max-width: 1021px) 100vw, 1021px\" \/><\/figure>\n\n\n\n<p><strong>Matias Niemel\u00e4inen<\/strong><\/p>\n\n\n\n<p><a href=\"mailto:matias.niemelainen@trimach.fi\"><mark style=\"background-color:rgba(0, 0, 0, 0)\" class=\"has-inline-color has-nv-dark-bg-color\">matias.niemelainen@trimach.fi<\/mark><br><\/a><mark style=\"background-color:rgba(0, 0, 0, 0)\" class=\"has-inline-color has-nv-dark-bg-color\"><a href=\"tel:+358405892446\">+358405892446<\/a><\/mark><\/p>\n\n\n\n<div class=\"nv-cv-d nv-cv-m wp-block-cover alignfull\" style=\"min-height:950px;aspect-ratio:unset;\"><span aria-hidden=\"true\" class=\"wp-block-cover__background has-nv-dark-bg-background-color has-background-dim-100 has-background-dim\"><\/span><div class=\"wp-block-cover__inner-container is-layout-flow wp-block-cover-is-layout-flow\">\n<div style=\"height:140px\" aria-hidden=\"true\" class=\"wp-block-spacer\"><\/div>\n\n\n\n<h2 class=\"wp-block-heading has-text-align-center has-nv-text-dark-bg-color has-text-color\">Ongelmia DTH-Porauskankien kanssa? Ei h\u00e4t\u00e4\u00e4. Me ratkaisemme ongelmat. <\/h2>\n\n\n\n<p class=\"has-text-align-center has-medium-font-size\"><\/p>\n\n\n\n<div class=\"wp-block-buttons is-horizontal is-content-justification-center is-layout-flex wp-container-core-buttons-is-layout-499968f5 wp-block-buttons-is-layout-flex\">\n<div class=\"wp-block-button is-style-primary\"><a class=\"wp-block-button__link wp-element-button\" href=\"https:\/\/www.trimach-drilltools.com\/fi\/contact-us\/\">OTA YHTEYTT\u00c4<\/a><\/div>\n<\/div>\n\n\n\n<div style=\"height:140px\" aria-hidden=\"true\" class=\"wp-block-spacer\"><\/div>\n\n\n\n<p class=\"has-text-align-center\"><\/p>\n<\/div><\/div>\n\n\n<div class=\"wp-block-image\">\n<figure class=\"aligncenter size-full is-resized\"><img loading=\"lazy\" decoding=\"async\" width=\"512\" height=\"512\" src=\"https:\/\/www.trimach-drilltools.com\/wp-content\/uploads\/2021\/10\/cropped-logo_valkoisella_reunalla_300dpi.png\" alt=\"\" class=\"wp-image-1152\" style=\"width:293px;height:293px\" srcset=\"https:\/\/www.trimach-drilltools.com\/wp-content\/uploads\/2021\/10\/cropped-logo_valkoisella_reunalla_300dpi.png 512w, https:\/\/www.trimach-drilltools.com\/wp-content\/uploads\/2021\/10\/cropped-logo_valkoisella_reunalla_300dpi-300x300.png 300w, https:\/\/www.trimach-drilltools.com\/wp-content\/uploads\/2021\/10\/cropped-logo_valkoisella_reunalla_300dpi-150x150.png 150w, https:\/\/www.trimach-drilltools.com\/wp-content\/uploads\/2021\/10\/cropped-logo_valkoisella_reunalla_300dpi-12x12.png 12w, https:\/\/www.trimach-drilltools.com\/wp-content\/uploads\/2021\/10\/cropped-logo_valkoisella_reunalla_300dpi-270x270.png 270w, https:\/\/www.trimach-drilltools.com\/wp-content\/uploads\/2021\/10\/cropped-logo_valkoisella_reunalla_300dpi-192x192.png 192w, https:\/\/www.trimach-drilltools.com\/wp-content\/uploads\/2021\/10\/cropped-logo_valkoisella_reunalla_300dpi-180x180.png 180w, https:\/\/www.trimach-drilltools.com\/wp-content\/uploads\/2021\/10\/cropped-logo_valkoisella_reunalla_300dpi-32x32.png 32w\" sizes=\"auto, (max-width: 512px) 100vw, 512px\" \/><\/figure><\/div>","protected":false},"excerpt":{"rendered":"<p>FAQ : DTH-DRILL PIPES (HEX) What makes a great DTH-Drill Pipe? A great DTH-drill pipe has to be robust and reliable. It has to withstand even the toughest conditions and forces applied in the DTH-drilling process. Because of the investment-nature of the drill pipes, we are committed in delivering long-lasting products that can also be&hellip;&nbsp;<a href=\"https:\/\/www.trimach-drilltools.com\/fi\/dthdrillingtools\/dth-drillpipes\/\" rel=\"bookmark\">Read More &raquo;<span class=\"screen-reader-text\">DTH Porauskanget (HEX)<\/span><\/a><\/p>","protected":false},"author":1,"featured_media":0,"parent":69,"menu_order":0,"comment_status":"closed","ping_status":"closed","template":"","meta":{"neve_meta_sidebar":"full-width","neve_meta_container":"","neve_meta_enable_content_width":"on","neve_meta_content_width":100,"neve_meta_title_alignment":"","neve_meta_author_avatar":"","neve_post_elements_order":"","neve_meta_disable_header":"","neve_meta_disable_footer":"","neve_meta_disable_title":"","neve_meta_reading_time":"","footnotes":""},"class_list":["post-1449","page","type-page","status-publish","hentry"],"_links":{"self":[{"href":"https:\/\/www.trimach-drilltools.com\/fi\/wp-json\/wp\/v2\/pages\/1449","targetHints":{"allow":["GET"]}}],"collection":[{"href":"https:\/\/www.trimach-drilltools.com\/fi\/wp-json\/wp\/v2\/pages"}],"about":[{"href":"https:\/\/www.trimach-drilltools.com\/fi\/wp-json\/wp\/v2\/types\/page"}],"author":[{"embeddable":true,"href":"https:\/\/www.trimach-drilltools.com\/fi\/wp-json\/wp\/v2\/users\/1"}],"replies":[{"embeddable":true,"href":"https:\/\/www.trimach-drilltools.com\/fi\/wp-json\/wp\/v2\/comments?post=1449"}],"version-history":[{"count":39,"href":"https:\/\/www.trimach-drilltools.com\/fi\/wp-json\/wp\/v2\/pages\/1449\/revisions"}],"predecessor-version":[{"id":3240,"href":"https:\/\/www.trimach-drilltools.com\/fi\/wp-json\/wp\/v2\/pages\/1449\/revisions\/3240"}],"up":[{"embeddable":true,"href":"https:\/\/www.trimach-drilltools.com\/fi\/wp-json\/wp\/v2\/pages\/69"}],"wp:attachment":[{"href":"https:\/\/www.trimach-drilltools.com\/fi\/wp-json\/wp\/v2\/media?parent=1449"}],"curies":[{"name":"wp","href":"https:\/\/api.w.org\/{rel}","templated":true}]}}