{"id":1239,"date":"2022-02-08T14:12:29","date_gmt":"2022-02-08T12:12:29","guid":{"rendered":"https:\/\/www.trimach-drilltools.com\/?page_id=1239"},"modified":"2026-01-27T09:21:38","modified_gmt":"2026-01-27T07:21:38","slug":"rd508-pile-wall-kotka-finland","status":"publish","type":"page","link":"https:\/\/www.trimach-drilltools.com\/fi\/projects\/rd508-pile-wall-kotka-finland\/","title":{"rendered":"RD508 Porapaalusein\u00e4, Kotka"},"content":{"rendered":"<figure class=\"wp-block-video aligncenter\"><video controls src=\"https:\/\/www.trimach-drilltools.com\/wp-content\/uploads\/2022\/02\/508PW-drilling-Finland-2021.mp4\"><\/video><figcaption class=\"wp-element-caption\">RD508 PIle Wall, Kotka, Finland<\/figcaption><\/figure>\n\n\n\n<p>RD508 Porapaaluponttisein\u00e4, Kotka<\/p>\n\n\n\n<ul class=\"wp-block-list\">\n<li>Paalupituudet 20m\/paalu<\/li>\n\n\n\n<li>Poikkeuksellisen haastavat maaper\u00e4olosuhteet:\n<ul class=\"wp-block-list\">\n<li>Ensin 6-7 metrisi\u00e4 kovia lohkareita<\/li>\n\n\n\n<li>Lohkareiden alla 10-12m moreenia<\/li>\n\n\n\n<li>Lopuksi 2-3m kallioporausta<\/li>\n<\/ul>\n<\/li>\n\n\n\n<li>EI ter\u00e4rikkoja = ei keskeytyksi\u00e4 porausty\u00f6h\u00f6n<\/li>\n<\/ul>\n\n\n\n<p><\/p>\n\n\n\n<p><\/p>\n\n\n\n<p><\/p>\n\n\n\n<p class=\"has-text-align-center\">Lis\u00e4infoa muista projekteistamme:<\/p>\n\n\n\n<div class=\"wp-block-buttons is-horizontal is-content-justification-center is-layout-flex wp-container-core-buttons-is-layout-499968f5 wp-block-buttons-is-layout-flex\">\n<div class=\"wp-block-button is-style-primary\"><a class=\"wp-block-button__link wp-element-button\" href=\"https:\/\/www.trimach-drilltools.com\/fi\/rd610-pile-wall-finland\/\">RD610 Pile Wall, Finland<\/a><\/div>\n\n\n\n<div class=\"wp-block-button is-style-primary\"><a class=\"wp-block-button__link wp-element-button\" href=\"https:\/\/www.trimach-drilltools.com\/fi\/storstein-norway\/\">RD610+RD813 Storstein, Norja<\/a><\/div>\n\n\n\n<div class=\"wp-block-button is-style-primary\"><a class=\"wp-block-button__link wp-element-button\" href=\"https:\/\/www.trimach-drilltools.com\/fi\/tripla-helsinki-rd1219\/\">RD1219 Tripla, Helsinki<\/a><\/div>\n\n\n\n<div class=\"wp-block-button is-style-primary\"><a class=\"wp-block-button__link wp-element-button\" href=\"https:\/\/www.trimach-drilltools.com\/fi\/klaipeda-lithuania-2023\/\">813 DTH-Pile Wall, Klaipeda<\/a><\/div>\n<\/div>\n\n\n\n<p><\/p>\n\n\n<div class=\"wp-block-image\">\n<figure class=\"aligncenter size-full is-resized\"><img loading=\"lazy\" decoding=\"async\" width=\"710\" height=\"707\" src=\"https:\/\/www.trimach-drilltools.com\/wp-content\/uploads\/2021\/07\/cropped-Tri-Mach-logo.png\" alt=\"\" class=\"wp-image-880\" style=\"width:178px;height:178px\" srcset=\"https:\/\/www.trimach-drilltools.com\/wp-content\/uploads\/2021\/07\/cropped-Tri-Mach-logo.png 710w, https:\/\/www.trimach-drilltools.com\/wp-content\/uploads\/2021\/07\/cropped-Tri-Mach-logo-300x300.png 300w, https:\/\/www.trimach-drilltools.com\/wp-content\/uploads\/2021\/07\/cropped-Tri-Mach-logo-150x150.png 150w\" sizes=\"auto, (max-width: 710px) 100vw, 710px\" \/><\/figure><\/div>","protected":false},"excerpt":{"rendered":"<p>RD508 PIle Wall, Kotka, Finland: Read also about our other projects:<\/p>","protected":false},"author":1,"featured_media":0,"parent":1113,"menu_order":0,"comment_status":"closed","ping_status":"closed","template":"","meta":{"neve_meta_sidebar":"full-width","neve_meta_container":"","neve_meta_enable_content_width":"on","neve_meta_content_width":100,"neve_meta_title_alignment":"","neve_meta_author_avatar":"","neve_post_elements_order":"","neve_meta_disable_header":"","neve_meta_disable_footer":"","neve_meta_disable_title":"","neve_meta_reading_time":"","footnotes":""},"class_list":["post-1239","page","type-page","status-publish","hentry"],"_links":{"self":[{"href":"https:\/\/www.trimach-drilltools.com\/fi\/wp-json\/wp\/v2\/pages\/1239","targetHints":{"allow":["GET"]}}],"collection":[{"href":"https:\/\/www.trimach-drilltools.com\/fi\/wp-json\/wp\/v2\/pages"}],"about":[{"href":"https:\/\/www.trimach-drilltools.com\/fi\/wp-json\/wp\/v2\/types\/page"}],"author":[{"embeddable":true,"href":"https:\/\/www.trimach-drilltools.com\/fi\/wp-json\/wp\/v2\/users\/1"}],"replies":[{"embeddable":true,"href":"https:\/\/www.trimach-drilltools.com\/fi\/wp-json\/wp\/v2\/comments?post=1239"}],"version-history":[{"count":14,"href":"https:\/\/www.trimach-drilltools.com\/fi\/wp-json\/wp\/v2\/pages\/1239\/revisions"}],"predecessor-version":[{"id":1491,"href":"https:\/\/www.trimach-drilltools.com\/fi\/wp-json\/wp\/v2\/pages\/1239\/revisions\/1491"}],"up":[{"embeddable":true,"href":"https:\/\/www.trimach-drilltools.com\/fi\/wp-json\/wp\/v2\/pages\/1113"}],"wp:attachment":[{"href":"https:\/\/www.trimach-drilltools.com\/fi\/wp-json\/wp\/v2\/media?parent=1239"}],"curies":[{"name":"wp","href":"https:\/\/api.w.org\/{rel}","templated":true}]}}