{"id":1234,"date":"2022-02-08T14:12:34","date_gmt":"2022-02-08T12:12:34","guid":{"rendered":"https:\/\/www.trimach-drilltools.com\/?page_id=1234"},"modified":"2026-01-27T09:14:08","modified_gmt":"2026-01-27T07:14:08","slug":"tripla-helsinki-rd1219","status":"publish","type":"page","link":"https:\/\/www.trimach-drilltools.com\/fi\/projects\/tripla-helsinki-rd1219\/","title":{"rendered":"TRIPLA, HELSINKI (RD1219)"},"content":{"rendered":"<div class=\"wp-block-image\">\n<figure class=\"aligncenter size-full is-resized\"><img loading=\"lazy\" decoding=\"async\" width=\"600\" height=\"599\" src=\"https:\/\/www.trimach-drilltools.com\/wp-content\/uploads\/2021\/07\/10935-edited-1.png\" alt=\"lamada\" class=\"wp-image-714\" style=\"width:772px;height:771px\" srcset=\"https:\/\/www.trimach-drilltools.com\/wp-content\/uploads\/2021\/07\/10935-edited-1.png 600w, https:\/\/www.trimach-drilltools.com\/wp-content\/uploads\/2021\/07\/10935-edited-1-300x300.png 300w, https:\/\/www.trimach-drilltools.com\/wp-content\/uploads\/2021\/07\/10935-edited-1-150x150.png 150w\" sizes=\"auto, (max-width: 600px) 100vw, 600px\" \/><figcaption class=\"wp-element-caption\">RD1219, Tripla Mall, Helsinki<\/figcaption><\/figure><\/div>\n\n\n<p>RD1219 porapaalut, Tripla, Helsinki:<\/p>\n\n\n\n<ul class=\"wp-block-list\">\n<li>Ensimm\u00e4inen suuri 1219mm porapaalutusprojekti Suomessa<\/li>\n\n\n\n<li>175kpl porapaalut RD1219mm<\/li>\n\n\n\n<li>Porattu Tri-Mach l\u00e4pimenokara-pilottitekniikalla<\/li>\n\n\n\n<li>Paalupituudet 20m\/paalu<\/li>\n\n\n\n<li>Kallioporaus jopa 5m\/paalu<\/li>\n\n\n\n<li>Ei ter\u00e4rikkoja = ei keskeytyksi\u00e4 porausty\u00f6h\u00f6n<\/li>\n<\/ul>\n\n\n\n<p><\/p>\n\n\n\n<p><\/p>\n\n\n\n<p class=\"has-text-align-center\">Lis\u00e4infoa muista projekteistamme:<\/p>\n\n\n\n<div class=\"nv-cv-m wp-block-buttons is-horizontal is-content-justification-center is-layout-flex wp-container-core-buttons-is-layout-499968f5 wp-block-buttons-is-layout-flex\">\n<div class=\"wp-block-button is-style-primary\"><a class=\"wp-block-button__link wp-element-button\" href=\"https:\/\/www.trimach-drilltools.com\/fi\/rd508-pile-wall-kotka-finland\/\">RD508 Pile Wall, Kotka<\/a><\/div>\n\n\n\n<div class=\"wp-block-button is-style-primary\"><a class=\"wp-block-button__link wp-element-button\" href=\"https:\/\/www.trimach-drilltools.com\/fi\/rd610-pile-wall-finland\/\">RD610 Pile Wall, Finland<\/a><\/div>\n\n\n\n<div class=\"wp-block-button is-style-primary\"><a class=\"wp-block-button__link wp-element-button\" href=\"https:\/\/www.trimach-drilltools.com\/fi\/storstein-norway\/\">610+813 Storstein, Norway<\/a><\/div>\n\n\n\n<div class=\"wp-block-button is-style-primary\"><a class=\"wp-block-button__link wp-element-button\" href=\"https:\/\/www.trimach-drilltools.com\/fi\/storstein-norway\/\">813 DTH-Pile Wall, Klaipeda<\/a><\/div>\n<\/div>\n\n\n<div class=\"wp-block-image\">\n<figure class=\"aligncenter size-full is-resized\"><img loading=\"lazy\" decoding=\"async\" width=\"710\" height=\"707\" src=\"https:\/\/www.trimach-drilltools.com\/wp-content\/uploads\/2021\/07\/cropped-Tri-Mach-logo.png\" alt=\"\" class=\"wp-image-880\" style=\"width:210px;height:211px\" srcset=\"https:\/\/www.trimach-drilltools.com\/wp-content\/uploads\/2021\/07\/cropped-Tri-Mach-logo.png 710w, https:\/\/www.trimach-drilltools.com\/wp-content\/uploads\/2021\/07\/cropped-Tri-Mach-logo-300x300.png 300w, https:\/\/www.trimach-drilltools.com\/wp-content\/uploads\/2021\/07\/cropped-Tri-Mach-logo-150x150.png 150w\" sizes=\"auto, (max-width: 710px) 100vw, 710px\" \/><\/figure><\/div>","protected":false},"excerpt":{"rendered":"<p>RD1219 drilled piles for Tripla Mall, Helsinki Read also about our other projects:<\/p>","protected":false},"author":1,"featured_media":0,"parent":1113,"menu_order":0,"comment_status":"closed","ping_status":"closed","template":"","meta":{"neve_meta_sidebar":"full-width","neve_meta_container":"","neve_meta_enable_content_width":"on","neve_meta_content_width":100,"neve_meta_title_alignment":"","neve_meta_author_avatar":"","neve_post_elements_order":"","neve_meta_disable_header":"","neve_meta_disable_footer":"","neve_meta_disable_title":"","neve_meta_reading_time":"","footnotes":""},"class_list":["post-1234","page","type-page","status-publish","hentry"],"_links":{"self":[{"href":"https:\/\/www.trimach-drilltools.com\/fi\/wp-json\/wp\/v2\/pages\/1234","targetHints":{"allow":["GET"]}}],"collection":[{"href":"https:\/\/www.trimach-drilltools.com\/fi\/wp-json\/wp\/v2\/pages"}],"about":[{"href":"https:\/\/www.trimach-drilltools.com\/fi\/wp-json\/wp\/v2\/types\/page"}],"author":[{"embeddable":true,"href":"https:\/\/www.trimach-drilltools.com\/fi\/wp-json\/wp\/v2\/users\/1"}],"replies":[{"embeddable":true,"href":"https:\/\/www.trimach-drilltools.com\/fi\/wp-json\/wp\/v2\/comments?post=1234"}],"version-history":[{"count":11,"href":"https:\/\/www.trimach-drilltools.com\/fi\/wp-json\/wp\/v2\/pages\/1234\/revisions"}],"predecessor-version":[{"id":1492,"href":"https:\/\/www.trimach-drilltools.com\/fi\/wp-json\/wp\/v2\/pages\/1234\/revisions\/1492"}],"up":[{"embeddable":true,"href":"https:\/\/www.trimach-drilltools.com\/fi\/wp-json\/wp\/v2\/pages\/1113"}],"wp:attachment":[{"href":"https:\/\/www.trimach-drilltools.com\/fi\/wp-json\/wp\/v2\/media?parent=1234"}],"curies":[{"name":"wp","href":"https:\/\/api.w.org\/{rel}","templated":true}]}}