{"id":1230,"date":"2022-02-08T14:12:23","date_gmt":"2022-02-08T12:12:23","guid":{"rendered":"https:\/\/www.trimach-drilltools.com\/?page_id=1230"},"modified":"2026-01-27T09:14:36","modified_gmt":"2026-01-27T07:14:36","slug":"rd610-pile-wall-finland","status":"publish","type":"page","link":"https:\/\/www.trimach-drilltools.com\/fi\/projects\/rd610-pile-wall-finland\/","title":{"rendered":"RD610 Porapaalusein\u00e4, Suomi"},"content":{"rendered":"<div class=\"wp-block-image\">\n<figure class=\"aligncenter size-large\"><img loading=\"lazy\" decoding=\"async\" width=\"768\" height=\"1024\" src=\"https:\/\/www.trimach-drilltools.com\/wp-content\/uploads\/2022\/02\/610RFpilot-768x1024.jpeg\" alt=\"\" class=\"wp-image-1231\" srcset=\"https:\/\/www.trimach-drilltools.com\/wp-content\/uploads\/2022\/02\/610RFpilot-768x1024.jpeg 768w, https:\/\/www.trimach-drilltools.com\/wp-content\/uploads\/2022\/02\/610RFpilot-225x300.jpeg 225w, https:\/\/www.trimach-drilltools.com\/wp-content\/uploads\/2022\/02\/610RFpilot-1152x1536.jpeg 1152w, https:\/\/www.trimach-drilltools.com\/wp-content\/uploads\/2022\/02\/610RFpilot-1536x2048.jpeg 1536w, https:\/\/www.trimach-drilltools.com\/wp-content\/uploads\/2022\/02\/610RFpilot-9x12.jpeg 9w, https:\/\/www.trimach-drilltools.com\/wp-content\/uploads\/2022\/02\/610RFpilot-scaled.jpeg 1920w\" sizes=\"auto, (max-width: 768px) 100vw, 768px\" \/><figcaption class=\"wp-element-caption\">RD610 PIlot Bit<\/figcaption><\/figure><\/div>\n\n\n<p>RD610 Porapaalusein\u00e4, Suomi:<\/p>\n\n\n\n<ul class=\"wp-block-list\">\n<li>240 paalua, keskim\u00e4\u00e4rin 3m kallioporaus \/ paalu<\/li>\n\n\n\n<li>Paalupituudet jopa 25m\/paalu <\/li>\n\n\n\n<li>Maksimikallioporaus 6m\/paalu<\/li>\n\n\n\n<li>Maaper\u00e4ss\u00e4 havaittiin paljon rautaa ja muuta ei-luonnollista materiaalia<\/li>\n\n\n\n<li>PIlottien kesto jopa yli 100 paalua \/ pilotti<\/li>\n\n\n\n<li>Ei ter\u00e4rikkoja = ei keskeytyksi\u00e4 porausty\u00f6h\u00f6n<\/li>\n<\/ul>\n\n\n\n<p><\/p>\n\n\n\n<p><\/p>\n\n\n\n<p class=\"has-text-align-center\">Lis\u00e4infoa muista projekteistamme:<\/p>\n\n\n\n<div class=\"wp-block-buttons is-horizontal is-content-justification-center is-layout-flex wp-container-core-buttons-is-layout-499968f5 wp-block-buttons-is-layout-flex\">\n<div class=\"wp-block-button is-style-primary\"><a class=\"wp-block-button__link wp-element-button\" href=\"https:\/\/www.trimach-drilltools.com\/fi\/rd508-pile-wall-kotka-finland\/\">RD508 Pile Wall, Kotka, Finland<\/a><\/div>\n\n\n\n<div class=\"wp-block-button is-style-primary\"><a class=\"wp-block-button__link wp-element-button\" href=\"https:\/\/www.trimach-drilltools.com\/fi\/tripla-helsinki-rd1219\/\">RD1219 Tripla, Helsinki<\/a><\/div>\n\n\n\n<div class=\"wp-block-button is-style-primary\"><a class=\"wp-block-button__link wp-element-button\" href=\"https:\/\/www.trimach-drilltools.com\/fi\/storstein-norway\/\">RD610+RD813 Storstein, Norja<\/a><\/div>\n<\/div>\n\n\n<div class=\"wp-block-image\">\n<figure class=\"aligncenter size-full is-resized\"><img loading=\"lazy\" decoding=\"async\" src=\"https:\/\/www.trimach-drilltools.com\/wp-content\/uploads\/2021\/07\/cropped-Tri-Mach-logo.png\" alt=\"\" class=\"wp-image-880\" width=\"226\" height=\"227\" srcset=\"https:\/\/www.trimach-drilltools.com\/wp-content\/uploads\/2021\/07\/cropped-Tri-Mach-logo-300x300.png 300w, https:\/\/www.trimach-drilltools.com\/wp-content\/uploads\/2021\/07\/cropped-Tri-Mach-logo-150x150.png 150w\" sizes=\"auto, (max-width: 226px) 100vw, 226px\" \/><\/figure><\/div>","protected":false},"excerpt":{"rendered":"<p>RD610 Pile Wall &#8211; Western Finland Read also about our other projects:<\/p>","protected":false},"author":1,"featured_media":0,"parent":1113,"menu_order":0,"comment_status":"closed","ping_status":"closed","template":"","meta":{"neve_meta_sidebar":"full-width","neve_meta_container":"","neve_meta_enable_content_width":"on","neve_meta_content_width":100,"neve_meta_title_alignment":"","neve_meta_author_avatar":"","neve_post_elements_order":"","neve_meta_disable_header":"","neve_meta_disable_footer":"","neve_meta_disable_title":"","neve_meta_reading_time":"","footnotes":""},"class_list":["post-1230","page","type-page","status-publish","hentry"],"_links":{"self":[{"href":"https:\/\/www.trimach-drilltools.com\/fi\/wp-json\/wp\/v2\/pages\/1230","targetHints":{"allow":["GET"]}}],"collection":[{"href":"https:\/\/www.trimach-drilltools.com\/fi\/wp-json\/wp\/v2\/pages"}],"about":[{"href":"https:\/\/www.trimach-drilltools.com\/fi\/wp-json\/wp\/v2\/types\/page"}],"author":[{"embeddable":true,"href":"https:\/\/www.trimach-drilltools.com\/fi\/wp-json\/wp\/v2\/users\/1"}],"replies":[{"embeddable":true,"href":"https:\/\/www.trimach-drilltools.com\/fi\/wp-json\/wp\/v2\/comments?post=1230"}],"version-history":[{"count":7,"href":"https:\/\/www.trimach-drilltools.com\/fi\/wp-json\/wp\/v2\/pages\/1230\/revisions"}],"predecessor-version":[{"id":1436,"href":"https:\/\/www.trimach-drilltools.com\/fi\/wp-json\/wp\/v2\/pages\/1230\/revisions\/1436"}],"up":[{"embeddable":true,"href":"https:\/\/www.trimach-drilltools.com\/fi\/wp-json\/wp\/v2\/pages\/1113"}],"wp:attachment":[{"href":"https:\/\/www.trimach-drilltools.com\/fi\/wp-json\/wp\/v2\/media?parent=1230"}],"curies":[{"name":"wp","href":"https:\/\/api.w.org\/{rel}","templated":true}]}}